{"id":7655,"date":"2021-11-16T04:52:12","date_gmt":"2021-11-16T04:52:12","guid":{"rendered":"https:\/\/corsicallc.com\/ueber\/"},"modified":"2022-01-20T03:25:57","modified_gmt":"2022-01-20T03:25:57","slug":"ueber","status":"publish","type":"page","link":"https:\/\/corsicallc.com\/de\/ueber\/","title":{"rendered":"\u00dcber"},"content":{"rendered":"<p>[vc_row css=&#8221;.vc_custom_1635222698007{margin-bottom: 20px !important;}&#8221;][vc_column offset=&#8221;vc_col-lg-9 vc_col-md-9&#8243;][vc_single_image image=&#8221;7640&#8243; img_size=&#8221;full&#8221; alignment=&#8221;center&#8221; onclick=&#8221;custom_link&#8221; link=&#8221;\/de\/contacts\/&#8221;][vc_column_text css=&#8221;.vc_custom_1637234209769{margin-top: 40px !important;}&#8221;]<\/p>\n<h2>Corsica LLC \u00dcbersicht<\/h2>\n<p><strong>Corsica LL\u0421<\/strong> beliefert den Weltmarkt mit Selten- und Seltenerdmetallen sowie anderen hochreinen Metallen 4N-5N-6N und daraus hergestellten Produkten.<\/p>\n<p>Die Zertifizierung der Materialien erfolgt sowohl in den nationalen Labors des Herstellungslandes als auch in international anerkannten Zertifizierungsstellen wie SGS, IGAS, ISE. Dadurch k\u00f6nnen unsere Partner auf die Qualit\u00e4t und Herkunft der angebotenen Produkte vertrauen.<\/p>\n<p>Direktlieferungen von den Ursprungsorten der Waren erm\u00f6glichen es Ihnen, die Kosten und Bedingungen f\u00fcr die Auff\u00fcllung des Lagers zu optimieren und die Lieferung der Artikel im Rahmen der Bestellung zu beschleunigen. Bei Bedarf k\u00f6nnen wir die Lieferung von Waren in der geforderten Reinheit aus einem Rohstoff sicherstellen.<\/p>\n<p>Der Hauptsitz des Unternehmens befindet sich in den Vereinigten Arabischen Emiraten (VAE), was die Lieferungen in jeden Winkel der Welt ohne b\u00fcrokratische Verz\u00f6gerungen beschleunigt.[\/vc_column_text][vc_column_text css=&#8221;.vc_custom_1635175697333{margin-bottom: 34px !important;}&#8221;]<\/p>\n<blockquote><p>Corsica LLC w\u00e4chst dank des Vertrauens unserer Kunden jeden Tag weiter. Wir decken viele Branchen ab.<\/p><\/blockquote>\n<p>[\/vc_column_text][vc_row_inner][vc_column_inner width=&#8221;1\/2&#8243;][vc_custom_heading text=&#8221;Unsere Aufgabe&#8221; font_container=&#8221;tag:h4|text_align:left|color:%23222222&#8243; use_theme_fonts=&#8221;yes&#8221; css=&#8221;.vc_custom_1453471528699{margin-bottom: 15px !important;}&#8221; el_class=&#8221;no_stripe&#8221;][vc_column_text]Unsere F\u00e4higkeiten erm\u00f6glichen Ihnen:<\/p>\n<ul>\n<li>Holen Sie sich Rohstoffe aus den ersten Quellen<\/li>\n<li>Qualitativ hochwertige und unterbrechungsfreie Lieferungen in die ganze Welt<\/li>\n<li>Langfristige Beziehungen zu Produktionsst\u00e4tten<\/li>\n<li>Kompetente Mitarbeiter und modernes Marketing<\/li>\n<li>Reduzieren Sie Ihre Kosten ohne Abstriche bei der Qualit\u00e4t<\/li>\n<li>Verf\u00fcgbarkeit der Produkte in unserem eigenen Lager<\/li>\n<\/ul>\n<p>[\/vc_column_text][\/vc_column_inner][vc_column_inner width=&#8221;1\/2&#8243;][vc_custom_heading text=&#8221;Wie wir arbeiten&#8221; font_container=&#8221;tag:h4|text_align:left|color:%23222222&#8243; use_theme_fonts=&#8221;yes&#8221; css=&#8221;.vc_custom_1453471549250{margin-bottom: 28px !important;}&#8221; el_class=&#8221;no_stripe&#8221;][vc_video link=&#8221;https:\/\/www.youtube.com\/embed\/WkdHZPjdGnU&#8221; image=&#8221;4018&#8243; img_size=&#8221;395&#215;264&#8243;][\/vc_column_inner][\/vc_row_inner][\/vc_column][vc_column width=&#8221;1\/4&#8243; offset=&#8221;vc_hidden-sm vc_hidden-xs&#8221;][stm_sidebar sidebar=&#8221;311&#8243;][\/vc_column][\/vc_row][vc_row css=&#8221;.vc_custom_1634297143136{margin-bottom: 50px !important;}&#8221;][vc_column offset=&#8221;vc_col-lg-12 vc_col-md-12&#8243;][vc_row_inner][vc_column_inner][vc_custom_heading text=&#8221;Produkte &#8211; Hochreine Metalle&#8221; font_container=&#8221;tag:h3|text_align:center&#8221; use_theme_fonts=&#8221;yes&#8221; css=&#8221;.vc_custom_1633062669766{margin-bottom: 31px !important;}&#8221; link=&#8221;url:https%3A%2F%2Fcorsicallc.com%2Fhigh-purity-metals%2F|title:Produkte%20-%20Hochreine%20Metalle|&#8221;][vc_column_text css=&#8221;.vc_custom_1633062709493{margin-bottom: 25px !important;}&#8221;]<\/p>\n<p style=\"text-align: center;\">Unsere Produkte sind hochreine Metalle, die immer auf Lager sind<\/p>\n<p>[\/vc_column_text][\/vc_column_inner][\/vc_row_inner][vc_row_inner css=&#8221;.vc_custom_1634114126724{background-color: #f2f4fa !important;}&#8221;][vc_column_inner width=&#8221;1\/2&#8243; offset=&#8221;vc_col-lg-3 vc_col-md-3&#8243;][stm_spacing lg_spacing=&#8221;30&#8243; md_spacing=&#8221;30&#8243; sm_spacing=&#8221;30&#8243; xs_spacing=&#8221;30&#8243;][stm_animation_block animation=&#8221;fadeInUp&#8221; animation_duration=&#8221;0.3&#8243; animation_delay=&#8221;0&#8243;][stm_info_box style=&#8221;style_4&#8243; title=&#8221;Nickeldraht&#8221; image=&#8221;6898&#8243; link=&#8221;url:%2Fde%2Fprodukte-hochreine-metalle%2Fnickeldraht%2F|title:Nickeldraht&#8221;]Hochreiner Nickeldraht silberwei\u00df 0,025 mm (0,001 Zoll) Durchmesser, 99,78-99,99 %[\/stm_info_box][\/stm_animation_block][stm_spacing lg_spacing=&#8221;0&#8243; md_spacing=&#8221;0&#8243; sm_spacing=&#8221;30&#8243; xs_spacing=&#8221;30&#8243;][\/vc_column_inner][vc_column_inner width=&#8221;1\/2&#8243; offset=&#8221;vc_col-lg-3 vc_col-md-3&#8243;][stm_spacing lg_spacing=&#8221;30&#8243; md_spacing=&#8221;30&#8243; sm_spacing=&#8221;30&#8243; xs_spacing=&#8221;30&#8243;][stm_animation_block animation=&#8221;fadeInUp&#8221; animation_duration=&#8221;0.3&#8243; animation_delay=&#8221;0&#8243;][stm_info_box style=&#8221;style_4&#8243; title=&#8221;Kupferpulver&#8221; image=&#8221;6976&#8243; link=&#8221;url:%2Fde%2Fprodukte-hochreine-metalle%2Fultrafeines-hochreines-kupferpulver%2F|title:Ultrafeines%20hochreines%20Kupferpulver&#8221;]Ultrafeines hochreines Kupferpulver (5N) PMV-E, PMV-X, sauerstofffreies Kupfer, Staub 5-12 Mikrometer, \u226599,999 %[\/stm_info_box][\/stm_animation_block][stm_spacing lg_spacing=&#8221;0&#8243; md_spacing=&#8221;0&#8243; sm_spacing=&#8221;30&#8243; xs_spacing=&#8221;30&#8243;][\/vc_column_inner][vc_column_inner width=&#8221;1\/2&#8243; offset=&#8221;vc_col-lg-3 vc_col-md-3&#8243;][stm_spacing lg_spacing=&#8221;30&#8243; md_spacing=&#8221;30&#8243; sm_spacing=&#8221;30&#8243; xs_spacing=&#8221;30&#8243;][stm_animation_block animation=&#8221;fadeInRight&#8221; animation_duration=&#8221;0.3&#8243; animation_delay=&#8221;0&#8243;][stm_info_box style=&#8221;style_4&#8243; title=&#8221;Kupferbarren&#8221; link=&#8221;url:%2Fde%2Fprodukte-hochreine-metalle%2Fhochreiner-kupferbarren%2F|title:Hochreiner%20Kupferbarren&#8221; image=&#8221;6978&#8243;]Hochreiner zylindrischer oder rechteckiger Kupferbarren (6N) in einzelnen Beuteln, \u226599,9999%[\/stm_info_box][\/stm_animation_block][stm_spacing lg_spacing=&#8221;0&#8243; md_spacing=&#8221;0&#8243; sm_spacing=&#8221;30&#8243; xs_spacing=&#8221;30&#8243;][\/vc_column_inner][vc_column_inner width=&#8221;1\/2&#8243; offset=&#8221;vc_col-lg-3 vc_col-md-3&#8243;][stm_spacing lg_spacing=&#8221;30&#8243; md_spacing=&#8221;30&#8243; sm_spacing=&#8221;30&#8243; xs_spacing=&#8221;30&#8243;][stm_animation_block animation=&#8221;fadeInUp&#8221; animation_duration=&#8221;0.3&#8243; animation_delay=&#8221;0&#8243;][stm_info_box style=&#8221;style_4&#8243; title=&#8221;Zinkpulver&#8221; image=&#8221;6980&#8243; link=&#8221;url:%2Fde%2Fprodukte-hochreine-metalle%2Fhochreines-zinkpulver%2F|title:Hochreines%20Zinkpulver&#8221;]Ultrafeines hochreines Zinkpulver, nat\u00fcrliches, nicht radioaktives Zn-66-Isotop (4N) 99,992-99,998%[\/stm_info_box][\/stm_animation_block][stm_spacing lg_spacing=&#8221;0&#8243; md_spacing=&#8221;0&#8243; sm_spacing=&#8221;30&#8243; xs_spacing=&#8221;30&#8243;][\/vc_column_inner][\/vc_row_inner][\/vc_column][\/vc_row][vc_row full_width=&#8221;stretch_row&#8221; css=&#8221;.vc_custom_1633063403573{background-color: #f2f4fa !important;}&#8221;][vc_column][stm_spacing lg_spacing=&#8221;50&#8243; md_spacing=&#8221;30&#8243; sm_spacing=&#8221;20&#8243; xs_spacing=&#8221;10&#8243;][stm_image_carousel grayscale=&#8221;yes&#8221; autoplay=&#8221;yes&#8221; timeout=&#8221;2000&#8243; loop=&#8221;yes&#8221; images=&#8221;6936,6935,6939,6944,6965,6966&#8243;][stm_spacing lg_spacing=&#8221;50&#8243; md_spacing=&#8221;30&#8243; sm_spacing=&#8221;20&#8243; xs_spacing=&#8221;10&#8243;][\/vc_column][\/vc_row][vc_row full_width=&#8221;stretch_row&#8221; el_class=&#8221;third_bg_color&#8221; css=&#8221;.vc_custom_1451889219674{margin-bottom: -60px !important;}&#8221;][vc_column][vc_column_text][vc_cta h2=\"Sie ben\u00f6tigen eine kompetente Beratung beim Metallkauf?\" h2_font_container=\"tag:h2|font_size:20px|text_align:left|color:%23002e5b|line_height:24px\" h2_use_theme_fonts=\"yes\" shape=\"square\" style=\"flat\" add_button=\"right\" btn_title=\"fragen stellen\" btn_style=\"flat\" btn_color=\"theme_style_2\" btn_size=\"lg\" btn_align=\"right\" btn_i_align=\"right\" btn_i_icon_fontawesome=\"fa fa-chevron-right\" particles=\"yes\" use_custom_fonts_h2=\"true\" btn_add_icon=\"true\" btn_link=\"url:%23contact_form_pop||\" el_class=\"third_bg_color\" btn_el_class=\"\"][\/vc_cta]\r\n<div class=\"fancybox-hidden\" style=\"display: none;\">\r\n<div id=\"contact_form_pop\"><div role=\"form\" class=\"wpcf7\" id=\"wpcf7-f8524-o1\" lang=\"de-DE\" dir=\"ltr\">\n<div class=\"screen-reader-response\"><p role=\"status\" aria-live=\"polite\" aria-atomic=\"true\"><\/p> <ul><\/ul><\/div>\n<form action=\"\/de\/wp-json\/wp\/v2\/pages\/7655#wpcf7-f8524-o1\" method=\"post\" class=\"wpcf7-form init\" novalidate=\"novalidate\" data-status=\"init\">\n<div style=\"display: none;\">\n<input type=\"hidden\" name=\"_wpcf7\" value=\"8524\" \/>\n<input type=\"hidden\" name=\"_wpcf7_version\" value=\"5.6.2\" \/>\n<input type=\"hidden\" name=\"_wpcf7_locale\" value=\"de_DE\" \/>\n<input type=\"hidden\" name=\"_wpcf7_unit_tag\" value=\"wpcf7-f8524-o1\" \/>\n<input type=\"hidden\" name=\"_wpcf7_container_post\" value=\"0\" \/>\n<input type=\"hidden\" name=\"_wpcf7_posted_data_hash\" value=\"\" \/>\n<input type=\"hidden\" name=\"_wpcf7_recaptcha_response\" value=\"\" \/>\n<\/div>\n<div class=\"request_callback\">\n<div class=\"row\" style=\"margin: 0 -13px;\">\n<div class=\"col-lg-12 col-md-12 col-sm-12 col-xs-12\">\n<div class=\"input-group\">\n                <span class=\"wpcf7-form-control-wrap\" data-name=\"text-name\"><input type=\"text\" name=\"text-name\" value=\"\" size=\"40\" maxlength=\"50\" class=\"wpcf7-form-control wpcf7-text wpcf7-validates-as-required\" aria-required=\"true\" aria-invalid=\"false\" placeholder=\"Dein Name *\" \/><\/span>\n            <\/div>\n<div class=\"input-group\">\n                <span class=\"wpcf7-form-control-wrap\" data-name=\"your-email\"><input type=\"email\" name=\"your-email\" value=\"\" size=\"40\" class=\"wpcf7-form-control wpcf7-text wpcf7-email wpcf7-validates-as-required wpcf7-validates-as-email\" aria-required=\"true\" aria-invalid=\"false\" placeholder=\"Deine Email *\" \/><\/span>\n            <\/div>\n<div class=\"input-group\">\n                <span class=\"wpcf7-form-control-wrap\" data-name=\"tel-117\"><input type=\"tel\" name=\"tel-117\" value=\"\" size=\"40\" class=\"wpcf7-form-control wpcf7-text wpcf7-tel wpcf7-validates-as-required wpcf7-validates-as-tel\" aria-required=\"true\" aria-invalid=\"false\" placeholder=\"Telefon *\" \/><\/span>\n            <\/div>\n<div class=\"input-group\">\n                <span class=\"wpcf7-form-control-wrap\" data-name=\"your-message\"><textarea name=\"your-message\" cols=\"40\" rows=\"10\" class=\"wpcf7-form-control wpcf7-textarea wpcf7-validates-as-required\" aria-required=\"true\" aria-invalid=\"false\" placeholder=\"Ihre Nachricht *\"><\/textarea><\/span>\n            <\/div>\n<div class=\"input-group\">\n                <button type=\"submit\" class=\"button size-lg icon_right\">Senden <i class=\"fa fa-chevron-right\"><\/i><\/button>\n            <\/div>\n<\/div>\n<\/div>\n<\/div>\n<div class=\"wpcf7-response-output\" aria-hidden=\"true\"><\/div><\/form><\/div><\/div>\r\n<\/div>[\/vc_column_text][\/vc_column][\/vc_row]<\/p>\n","protected":false},"excerpt":{"rendered":"<p>[vc_row css=&#8221;.vc_custom_1635222698007{margin-bottom: 20px !important;}&#8221;][vc_column offset=&#8221;vc_col-lg-9 vc_col-md-9&#8243;][vc_single_image image=&#8221;7640&#8243; img_size=&#8221;full&#8221; alignment=&#8221;center&#8221; onclick=&#8221;custom_link&#8221; link=&#8221;\/de\/contacts\/&#8221;][vc_column_text css=&#8221;.vc_custom_1637234209769{margin-top: 40px !important;}&#8221;] Corsica LLC \u00dcbersicht Corsica LL\u0421 beliefert den Weltmarkt mit Selten- und Seltenerdmetallen sowie anderen hochreinen Metallen 4N-5N-6N und daraus hergestellten Produkten. Die Zertifizierung der Materialien erfolgt sowohl in den nationalen Labors des Herstellungslandes als auch in international anerkannten Zertifizierungsstellen wie SGS,<\/p>\n","protected":false},"author":1,"featured_media":7643,"parent":0,"menu_order":0,"comment_status":"closed","ping_status":"closed","template":"","meta":[],"yoast_head":"<!-- This site is optimized with the Yoast SEO Premium plugin v19.0 (Yoast SEO v19.5.1) - https:\/\/yoast.com\/wordpress\/plugins\/seo\/ -->\n<title>\u00dcber<\/title>\n<meta name=\"description\" content=\"Corsica LL\u0421 liefert Metalle der Seltenen und Seltenen Erden sowie andere hochreine Metalle 4N-5N-6N und daraus hergestellte Produkte auf den Weltmarkt\" \/>\n<meta name=\"robots\" content=\"index, follow, max-snippet:-1, max-image-preview:large, max-video-preview:-1\" \/>\n<link rel=\"canonical\" href=\"https:\/\/corsicallc.com\/de\/ueber\/\" \/>\n<meta property=\"og:locale\" content=\"de_DE\" \/>\n<meta property=\"og:type\" content=\"article\" \/>\n<meta property=\"og:title\" content=\"\u00dcber\" \/>\n<meta property=\"og:description\" content=\"Corsica LL\u0421 liefert Metalle der Seltenen und Seltenen Erden sowie andere hochreine Metalle 4N-5N-6N und daraus hergestellte Produkte auf den Weltmarkt\" \/>\n<meta property=\"og:url\" content=\"https:\/\/corsicallc.com\/de\/ueber\/\" \/>\n<meta property=\"og:site_name\" content=\"Corsica LLC\" \/>\n<meta property=\"article:modified_time\" content=\"2022-01-20T03:25:57+00:00\" \/>\n<meta property=\"og:image\" content=\"https:\/\/corsicallc.com\/wp-content\/uploads\/2021\/11\/logo_cube_1024.jpg\" \/>\n\t<meta property=\"og:image:width\" content=\"1024\" \/>\n\t<meta property=\"og:image:height\" content=\"1024\" \/>\n\t<meta property=\"og:image:type\" content=\"image\/jpeg\" \/>\n<meta name=\"twitter:card\" content=\"summary_large_image\" \/>\n<meta name=\"twitter:label1\" content=\"Gesch\u00e4tzte Lesezeit\" \/>\n\t<meta name=\"twitter:data1\" content=\"2 Minuten\" \/>\n<script type=\"application\/ld+json\" class=\"yoast-schema-graph\">{\"@context\":\"https:\/\/schema.org\",\"@graph\":[{\"@type\":\"WebPage\",\"@id\":\"https:\/\/corsicallc.com\/de\/ueber\/\",\"url\":\"https:\/\/corsicallc.com\/de\/ueber\/\",\"name\":\"\u00dcber\",\"isPartOf\":{\"@id\":\"https:\/\/corsicallc.com\/#website\"},\"datePublished\":\"2021-11-16T04:52:12+00:00\",\"dateModified\":\"2022-01-20T03:25:57+00:00\",\"description\":\"Corsica LL\u0421 liefert Metalle der Seltenen und Seltenen Erden sowie andere hochreine Metalle 4N-5N-6N und daraus hergestellte Produkte auf den Weltmarkt\",\"breadcrumb\":{\"@id\":\"https:\/\/corsicallc.com\/de\/ueber\/#breadcrumb\"},\"inLanguage\":\"de-DE\",\"potentialAction\":[{\"@type\":\"ReadAction\",\"target\":[\"https:\/\/corsicallc.com\/de\/ueber\/\"]}]},{\"@type\":\"BreadcrumbList\",\"@id\":\"https:\/\/corsicallc.com\/de\/ueber\/#breadcrumb\",\"itemListElement\":[{\"@type\":\"ListItem\",\"position\":1,\"name\":\"Heim\",\"item\":\"https:\/\/corsicallc.com\/de\/\"},{\"@type\":\"ListItem\",\"position\":2,\"name\":\"\u00dcber\"}]},{\"@type\":\"WebSite\",\"@id\":\"https:\/\/corsicallc.com\/#website\",\"url\":\"https:\/\/corsicallc.com\/\",\"name\":\"Corsica LLC\",\"description\":\"Hochreine Metalle zum Verkauf\",\"publisher\":{\"@id\":\"https:\/\/corsicallc.com\/#organization\"},\"potentialAction\":[{\"@type\":\"SearchAction\",\"target\":{\"@type\":\"EntryPoint\",\"urlTemplate\":\"https:\/\/corsicallc.com\/?s={search_term_string}\"},\"query-input\":\"required name=search_term_string\"}],\"inLanguage\":\"de-DE\"},{\"@type\":\"Organization\",\"@id\":\"https:\/\/corsicallc.com\/#organization\",\"name\":\"Corsica LLC\",\"url\":\"https:\/\/corsicallc.com\/\",\"sameAs\":[],\"logo\":{\"@type\":\"ImageObject\",\"inLanguage\":\"de-DE\",\"@id\":\"https:\/\/corsicallc.com\/#\/schema\/logo\/image\/\",\"url\":\"https:\/\/corsicallc.com\/wp-content\/uploads\/2021\/11\/logo_cube_1024.jpg\",\"contentUrl\":\"https:\/\/corsicallc.com\/wp-content\/uploads\/2021\/11\/logo_cube_1024.jpg\",\"width\":1024,\"height\":1024,\"caption\":\"Corsica LLC\"},\"image\":{\"@id\":\"https:\/\/corsicallc.com\/#\/schema\/logo\/image\/\"}}]}<\/script>\n<!-- \/ Yoast SEO Premium plugin. -->","yoast_head_json":{"title":"\u00dcber","description":"Corsica LL\u0421 liefert Metalle der Seltenen und Seltenen Erden sowie andere hochreine Metalle 4N-5N-6N und daraus hergestellte Produkte auf den Weltmarkt","robots":{"index":"index","follow":"follow","max-snippet":"max-snippet:-1","max-image-preview":"max-image-preview:large","max-video-preview":"max-video-preview:-1"},"canonical":"https:\/\/corsicallc.com\/de\/ueber\/","og_locale":"de_DE","og_type":"article","og_title":"\u00dcber","og_description":"Corsica LL\u0421 liefert Metalle der Seltenen und Seltenen Erden sowie andere hochreine Metalle 4N-5N-6N und daraus hergestellte Produkte auf den Weltmarkt","og_url":"https:\/\/corsicallc.com\/de\/ueber\/","og_site_name":"Corsica LLC","article_modified_time":"2022-01-20T03:25:57+00:00","og_image":[{"width":1024,"height":1024,"url":"https:\/\/corsicallc.com\/wp-content\/uploads\/2021\/11\/logo_cube_1024.jpg","type":"image\/jpeg"}],"twitter_card":"summary_large_image","twitter_misc":{"Gesch\u00e4tzte Lesezeit":"2 Minuten"},"schema":{"@context":"https:\/\/schema.org","@graph":[{"@type":"WebPage","@id":"https:\/\/corsicallc.com\/de\/ueber\/","url":"https:\/\/corsicallc.com\/de\/ueber\/","name":"\u00dcber","isPartOf":{"@id":"https:\/\/corsicallc.com\/#website"},"datePublished":"2021-11-16T04:52:12+00:00","dateModified":"2022-01-20T03:25:57+00:00","description":"Corsica LL\u0421 liefert Metalle der Seltenen und Seltenen Erden sowie andere hochreine Metalle 4N-5N-6N und daraus hergestellte Produkte auf den Weltmarkt","breadcrumb":{"@id":"https:\/\/corsicallc.com\/de\/ueber\/#breadcrumb"},"inLanguage":"de-DE","potentialAction":[{"@type":"ReadAction","target":["https:\/\/corsicallc.com\/de\/ueber\/"]}]},{"@type":"BreadcrumbList","@id":"https:\/\/corsicallc.com\/de\/ueber\/#breadcrumb","itemListElement":[{"@type":"ListItem","position":1,"name":"Heim","item":"https:\/\/corsicallc.com\/de\/"},{"@type":"ListItem","position":2,"name":"\u00dcber"}]},{"@type":"WebSite","@id":"https:\/\/corsicallc.com\/#website","url":"https:\/\/corsicallc.com\/","name":"Corsica LLC","description":"Hochreine Metalle zum Verkauf","publisher":{"@id":"https:\/\/corsicallc.com\/#organization"},"potentialAction":[{"@type":"SearchAction","target":{"@type":"EntryPoint","urlTemplate":"https:\/\/corsicallc.com\/?s={search_term_string}"},"query-input":"required name=search_term_string"}],"inLanguage":"de-DE"},{"@type":"Organization","@id":"https:\/\/corsicallc.com\/#organization","name":"Corsica LLC","url":"https:\/\/corsicallc.com\/","sameAs":[],"logo":{"@type":"ImageObject","inLanguage":"de-DE","@id":"https:\/\/corsicallc.com\/#\/schema\/logo\/image\/","url":"https:\/\/corsicallc.com\/wp-content\/uploads\/2021\/11\/logo_cube_1024.jpg","contentUrl":"https:\/\/corsicallc.com\/wp-content\/uploads\/2021\/11\/logo_cube_1024.jpg","width":1024,"height":1024,"caption":"Corsica LLC"},"image":{"@id":"https:\/\/corsicallc.com\/#\/schema\/logo\/image\/"}}]}},"_links":{"self":[{"href":"https:\/\/corsicallc.com\/de\/wp-json\/wp\/v2\/pages\/7655"}],"collection":[{"href":"https:\/\/corsicallc.com\/de\/wp-json\/wp\/v2\/pages"}],"about":[{"href":"https:\/\/corsicallc.com\/de\/wp-json\/wp\/v2\/types\/page"}],"author":[{"embeddable":true,"href":"https:\/\/corsicallc.com\/de\/wp-json\/wp\/v2\/users\/1"}],"replies":[{"embeddable":true,"href":"https:\/\/corsicallc.com\/de\/wp-json\/wp\/v2\/comments?post=7655"}],"version-history":[{"count":13,"href":"https:\/\/corsicallc.com\/de\/wp-json\/wp\/v2\/pages\/7655\/revisions"}],"predecessor-version":[{"id":8754,"href":"https:\/\/corsicallc.com\/de\/wp-json\/wp\/v2\/pages\/7655\/revisions\/8754"}],"wp:featuredmedia":[{"embeddable":true,"href":"https:\/\/corsicallc.com\/de\/wp-json\/wp\/v2\/media\/7643"}],"wp:attachment":[{"href":"https:\/\/corsicallc.com\/de\/wp-json\/wp\/v2\/media?parent=7655"}],"curies":[{"name":"wp","href":"https:\/\/api.w.org\/{rel}","templated":true}]}}