{"id":7695,"date":"2021-11-18T09:38:44","date_gmt":"2021-11-18T09:38:44","guid":{"rendered":"https:\/\/corsicallc.com\/produkte-hochreine-metalle\/"},"modified":"2021-12-03T07:25:37","modified_gmt":"2021-12-03T07:25:37","slug":"produkte-hochreine-metalle","status":"publish","type":"page","link":"https:\/\/corsicallc.com\/de\/produkte-hochreine-metalle\/","title":{"rendered":"Produkte \u2013 Hochreine Metalle"},"content":{"rendered":"<p>[vc_row css=&#8221;.vc_custom_1636432128879{margin-bottom: 50px !important;}&#8221;][vc_column offset=&#8221;vc_col-lg-9 vc_col-md-9&#8243;][vc_column_text css=&#8221;.vc_custom_1635845175297{margin-bottom: 50px !important;}&#8221;]Auf dieser Seite werden Standardprodukte aus hochreinen Metallen vorgestellt, deren Lieferung sehr schnell m\u00f6glich ist. Wir versuchen, diese Produkte auf Lager zu halten. Sie k\u00f6nnen die Verf\u00fcgbarkeit auf der <a title=\"Metall auf Lager\" href=\"https:\/\/corsicallc.com\/de\/metall-auf-lager\/\" rel=\"\">Seite Lager einsehen<\/a>. Die Liste der lieferbaren Materialien ist viel breiter und h\u00e4ngt von Ihren Bed\u00fcrfnissen ab.<\/p>\n<p>Wir erwarten Ihre Bewerbung mit Angabe der ben\u00f6tigten Ware unter Angabe von Reinheit, Parametern, Verpackung und Lieferland. Geben Sie an, welche Zertifikate Sie f\u00fcr das Produkt haben m\u00f6chten.[\/vc_column_text][vc_row_inner][vc_column_inner][stm_partner style=&#8221;style_2&#8243; title=&#8221;Nickeldraht DKRNT-0.025-KT-NP&#8221; logo=&#8221;6898&#8243; description=&#8221;Der Draht wird in Kunststoffspulen von 100-200 g geliefert, verpackt in 10 kg in versiegelten Kartons&#8221; link=&#8221;url:%2Fhochreine-metalle%2FNickeldraht%2F|title:Nickel%20draht%20DKRNT-0.025-KT-NP&#8221; position=&#8221;Form: Draht, 0.025 mm (0.001 Zoll) Durchmesser, geh\u00e4rtet Der Massenanteil von Nickel: \u2265 99,78% (Metallbasis)&#8221; css=&#8221;.vc_custom_1635350070808{margin-bottom: 50px !important;}&#8221;][stm_partner style=&#8221;style_2&#8243; title=&#8221;Hochreines Kupferpulver 99,999%&#8221; logo=&#8221;6976&#8243; description=&#8221;Glasflaschen mit Argon 200 gr \/ PET Flaschen mit Argon f\u00fcr 2 000 gr&#8221; link=&#8221;url:%2Fhochreine-metalle%2Fultrafeines Kupferpulver%2F|title:Ultrafein%20Hoch%20Reinheit%20Kupfer%20Pulver%2099.999%25&#8243; position=&#8221;Sauerstofffreies Kupfer ultrafeines Kupferpulver (PMV-E, PMV-X)&#8221; css=&#8221;.vc_custom_1635350055591{margin-bottom: 50px !important;}&#8221;][stm_partner style=&#8221;style_2&#8243; title=&#8221;Hochreiner Kupferbarren 99,9999%&#8221; logo=&#8221;6978&#8243; description=&#8221;Barren ist 1 000 gr, verpackt in einzelnen Beuteln zu 20 St\u00fcck in einer Schachtel&#8221; link=&#8221;url:%2Fhochreine-metalle%2FKupferbarren%2F|title:Hoch%20Reinheit%20Kupfer%20Ingot%2099.9999%25&#8243; position=&#8221;Hochreiner Kupferbarren (6N) Nat\u00fcrliche nicht-radioaktive Kupferisotope&#8221; css=&#8221;.vc_custom_1635350090307{margin-bottom: 50px !important;}&#8221;][stm_partner style=&#8221;style_2&#8243; title=&#8221;Hochreines Zinkpulver \u2265 99,99%&#8221; logo=&#8221;6980&#8243; description=&#8221;Verpackt in PET-Flaschen f\u00fcr 2 500 gr \u00e0 20 St\u00fcck im Karton \/ Beh\u00e4lter f\u00fcr 25 kg&#8221; link=&#8221;url:%2Fhochreine-metalle%2FZink-Pulver-Zn-66-Isotop%2F|title:Hoch%20Reinheit%20Zinc%20Pulver%20(ZN-66%20Isotop)%2099.99%2B%25&#8243; position=&#8221;Nat\u00fcrliche nicht radioaktive Isotope von Zink Ultrafein (Staub) ~ 5 Mikrometer&#8221; css=&#8221;.vc_custom_1635350111895{margin-bottom: 50px !important;}&#8221;][\/vc_column_inner][\/vc_row_inner][\/vc_column][vc_column offset=&#8221;vc_col-lg-3 vc_col-md-3&#8243;][stm_sidebar sidebar=&#8221;577&#8243;][\/vc_column][\/vc_row][vc_row full_width=&#8221;stretch_row&#8221; css=&#8221;.vc_custom_1459505959648{margin-bottom: -60px !important;}&#8221; el_class=&#8221;third_bg_color&#8221;][vc_column][vc_column_text][vc_cta h2=\"Sie ben\u00f6tigen eine kompetente Beratung beim Metallkauf?\" h2_font_container=\"tag:h2|font_size:20px|text_align:left|color:%23002e5b|line_height:24px\" h2_use_theme_fonts=\"yes\" shape=\"square\" style=\"flat\" add_button=\"right\" btn_title=\"fragen stellen\" btn_style=\"flat\" btn_color=\"theme_style_2\" btn_size=\"lg\" btn_align=\"right\" btn_i_align=\"right\" btn_i_icon_fontawesome=\"fa fa-chevron-right\" particles=\"yes\" use_custom_fonts_h2=\"true\" btn_add_icon=\"true\" btn_link=\"url:%23contact_form_pop||\" el_class=\"third_bg_color\" btn_el_class=\"\"][\/vc_cta]\r\n<div class=\"fancybox-hidden\" style=\"display: none;\">\r\n<div id=\"contact_form_pop\"><div role=\"form\" class=\"wpcf7\" id=\"wpcf7-f8524-o1\" lang=\"de-DE\" dir=\"ltr\">\n<div class=\"screen-reader-response\"><p role=\"status\" aria-live=\"polite\" aria-atomic=\"true\"><\/p> <ul><\/ul><\/div>\n<form action=\"\/de\/wp-json\/wp\/v2\/pages\/7695#wpcf7-f8524-o1\" method=\"post\" class=\"wpcf7-form init\" novalidate=\"novalidate\" data-status=\"init\">\n<div style=\"display: none;\">\n<input type=\"hidden\" name=\"_wpcf7\" value=\"8524\" \/>\n<input type=\"hidden\" name=\"_wpcf7_version\" value=\"5.6.2\" \/>\n<input type=\"hidden\" name=\"_wpcf7_locale\" value=\"de_DE\" \/>\n<input type=\"hidden\" name=\"_wpcf7_unit_tag\" value=\"wpcf7-f8524-o1\" \/>\n<input type=\"hidden\" name=\"_wpcf7_container_post\" value=\"0\" \/>\n<input type=\"hidden\" name=\"_wpcf7_posted_data_hash\" value=\"\" \/>\n<input type=\"hidden\" name=\"_wpcf7_recaptcha_response\" value=\"\" \/>\n<\/div>\n<div class=\"request_callback\">\n<div class=\"row\" style=\"margin: 0 -13px;\">\n<div class=\"col-lg-12 col-md-12 col-sm-12 col-xs-12\">\n<div class=\"input-group\">\n                <span class=\"wpcf7-form-control-wrap\" data-name=\"text-name\"><input type=\"text\" name=\"text-name\" value=\"\" size=\"40\" maxlength=\"50\" class=\"wpcf7-form-control wpcf7-text wpcf7-validates-as-required\" aria-required=\"true\" aria-invalid=\"false\" placeholder=\"Dein Name *\" \/><\/span>\n            <\/div>\n<div class=\"input-group\">\n                <span class=\"wpcf7-form-control-wrap\" data-name=\"your-email\"><input type=\"email\" name=\"your-email\" value=\"\" size=\"40\" class=\"wpcf7-form-control wpcf7-text wpcf7-email wpcf7-validates-as-required wpcf7-validates-as-email\" aria-required=\"true\" aria-invalid=\"false\" placeholder=\"Deine Email *\" \/><\/span>\n            <\/div>\n<div class=\"input-group\">\n                <span class=\"wpcf7-form-control-wrap\" data-name=\"tel-117\"><input type=\"tel\" name=\"tel-117\" value=\"\" size=\"40\" class=\"wpcf7-form-control wpcf7-text wpcf7-tel wpcf7-validates-as-required wpcf7-validates-as-tel\" aria-required=\"true\" aria-invalid=\"false\" placeholder=\"Telefon *\" \/><\/span>\n            <\/div>\n<div class=\"input-group\">\n                <span class=\"wpcf7-form-control-wrap\" data-name=\"your-message\"><textarea name=\"your-message\" cols=\"40\" rows=\"10\" class=\"wpcf7-form-control wpcf7-textarea wpcf7-validates-as-required\" aria-required=\"true\" aria-invalid=\"false\" placeholder=\"Ihre Nachricht *\"><\/textarea><\/span>\n            <\/div>\n<div class=\"input-group\">\n                <button type=\"submit\" class=\"button size-lg icon_right\">Senden <i class=\"fa fa-chevron-right\"><\/i><\/button>\n            <\/div>\n<\/div>\n<\/div>\n<\/div>\n<div class=\"wpcf7-response-output\" aria-hidden=\"true\"><\/div><\/form><\/div><\/div>\r\n<\/div>[\/vc_column_text][\/vc_column][\/vc_row]<\/p>\n","protected":false},"excerpt":{"rendered":"<p>[vc_row css=&#8221;.vc_custom_1636432128879{margin-bottom: 50px !important;}&#8221;][vc_column offset=&#8221;vc_col-lg-9 vc_col-md-9&#8243;][vc_column_text css=&#8221;.vc_custom_1635845175297{margin-bottom: 50px !important;}&#8221;]Auf dieser Seite werden Standardprodukte aus hochreinen Metallen vorgestellt, deren Lieferung sehr schnell m\u00f6glich ist. Wir versuchen, diese Produkte auf Lager zu halten. Sie k\u00f6nnen die Verf\u00fcgbarkeit auf der Seite Lager einsehen. Die Liste der lieferbaren Materialien ist viel breiter und h\u00e4ngt von Ihren Bed\u00fcrfnissen ab. Wir<\/p>\n","protected":false},"author":1,"featured_media":7637,"parent":0,"menu_order":0,"comment_status":"closed","ping_status":"closed","template":"","meta":[],"yoast_head":"<!-- This site is optimized with the Yoast SEO Premium plugin v19.0 (Yoast SEO v19.5.1) - https:\/\/yoast.com\/wordpress\/plugins\/seo\/ -->\n<title>Produkte \u2013 Hochreine Metalle<\/title>\n<meta name=\"description\" content=\"Verkauf von hochreinen Metallen. Kaufen Sie Nickeldraht, Kupferpulver, Kupferbarren, Zinkpulver - auf Lager in loser Sch\u00fcttung. Zuverl\u00e4ssiger Lieferant, Zertifikate und Dokumente\" \/>\n<meta name=\"robots\" content=\"index, follow, max-snippet:-1, max-image-preview:large, max-video-preview:-1\" \/>\n<link rel=\"canonical\" href=\"https:\/\/corsicallc.com\/de\/produkte-hochreine-metalle\/\" \/>\n<meta property=\"og:locale\" content=\"de_DE\" \/>\n<meta property=\"og:type\" content=\"article\" \/>\n<meta property=\"og:title\" content=\"Produkte \u2013 Hochreine Metalle\" \/>\n<meta property=\"og:description\" content=\"Verkauf von hochreinen Metallen. Kaufen Sie Nickeldraht, Kupferpulver, Kupferbarren, Zinkpulver - auf Lager in loser Sch\u00fcttung. Zuverl\u00e4ssiger Lieferant, Zertifikate und Dokumente\" \/>\n<meta property=\"og:url\" content=\"https:\/\/corsicallc.com\/de\/produkte-hochreine-metalle\/\" \/>\n<meta property=\"og:site_name\" content=\"Corsica LLC\" \/>\n<meta property=\"article:modified_time\" content=\"2021-12-03T07:25:37+00:00\" \/>\n<meta property=\"og:image\" content=\"https:\/\/corsicallc.com\/wp-content\/uploads\/2021\/11\/main_banner-e1635848726653.jpg\" \/>\n\t<meta property=\"og:image:width\" content=\"1920\" \/>\n\t<meta property=\"og:image:height\" content=\"935\" \/>\n\t<meta property=\"og:image:type\" content=\"image\/jpeg\" \/>\n<meta name=\"twitter:card\" content=\"summary_large_image\" \/>\n<meta name=\"twitter:label1\" content=\"Gesch\u00e4tzte Lesezeit\" \/>\n\t<meta name=\"twitter:data1\" content=\"2 Minuten\" \/>\n<script type=\"application\/ld+json\" class=\"yoast-schema-graph\">{\"@context\":\"https:\/\/schema.org\",\"@graph\":[{\"@type\":\"WebPage\",\"@id\":\"https:\/\/corsicallc.com\/de\/produkte-hochreine-metalle\/\",\"url\":\"https:\/\/corsicallc.com\/de\/produkte-hochreine-metalle\/\",\"name\":\"Produkte \u2013 Hochreine Metalle\",\"isPartOf\":{\"@id\":\"https:\/\/corsicallc.com\/#website\"},\"datePublished\":\"2021-11-18T09:38:44+00:00\",\"dateModified\":\"2021-12-03T07:25:37+00:00\",\"description\":\"Verkauf von hochreinen Metallen. Kaufen Sie Nickeldraht, Kupferpulver, Kupferbarren, Zinkpulver - auf Lager in loser Sch\u00fcttung. Zuverl\u00e4ssiger Lieferant, Zertifikate und Dokumente\",\"breadcrumb\":{\"@id\":\"https:\/\/corsicallc.com\/de\/produkte-hochreine-metalle\/#breadcrumb\"},\"inLanguage\":\"de-DE\",\"potentialAction\":[{\"@type\":\"ReadAction\",\"target\":[\"https:\/\/corsicallc.com\/de\/produkte-hochreine-metalle\/\"]}]},{\"@type\":\"BreadcrumbList\",\"@id\":\"https:\/\/corsicallc.com\/de\/produkte-hochreine-metalle\/#breadcrumb\",\"itemListElement\":[{\"@type\":\"ListItem\",\"position\":1,\"name\":\"Heim\",\"item\":\"https:\/\/corsicallc.com\/de\/\"},{\"@type\":\"ListItem\",\"position\":2,\"name\":\"Produkte \u2013 Hochreine Metalle\"}]},{\"@type\":\"WebSite\",\"@id\":\"https:\/\/corsicallc.com\/#website\",\"url\":\"https:\/\/corsicallc.com\/\",\"name\":\"Corsica LLC\",\"description\":\"Hochreine Metalle zum Verkauf\",\"publisher\":{\"@id\":\"https:\/\/corsicallc.com\/#organization\"},\"potentialAction\":[{\"@type\":\"SearchAction\",\"target\":{\"@type\":\"EntryPoint\",\"urlTemplate\":\"https:\/\/corsicallc.com\/?s={search_term_string}\"},\"query-input\":\"required name=search_term_string\"}],\"inLanguage\":\"de-DE\"},{\"@type\":\"Organization\",\"@id\":\"https:\/\/corsicallc.com\/#organization\",\"name\":\"Corsica LLC\",\"url\":\"https:\/\/corsicallc.com\/\",\"sameAs\":[],\"logo\":{\"@type\":\"ImageObject\",\"inLanguage\":\"de-DE\",\"@id\":\"https:\/\/corsicallc.com\/#\/schema\/logo\/image\/\",\"url\":\"https:\/\/corsicallc.com\/wp-content\/uploads\/2021\/11\/logo_cube_1024.jpg\",\"contentUrl\":\"https:\/\/corsicallc.com\/wp-content\/uploads\/2021\/11\/logo_cube_1024.jpg\",\"width\":1024,\"height\":1024,\"caption\":\"Corsica LLC\"},\"image\":{\"@id\":\"https:\/\/corsicallc.com\/#\/schema\/logo\/image\/\"}}]}<\/script>\n<!-- \/ Yoast SEO Premium plugin. -->","yoast_head_json":{"title":"Produkte \u2013 Hochreine Metalle","description":"Verkauf von hochreinen Metallen. Kaufen Sie Nickeldraht, Kupferpulver, Kupferbarren, Zinkpulver - auf Lager in loser Sch\u00fcttung. Zuverl\u00e4ssiger Lieferant, Zertifikate und Dokumente","robots":{"index":"index","follow":"follow","max-snippet":"max-snippet:-1","max-image-preview":"max-image-preview:large","max-video-preview":"max-video-preview:-1"},"canonical":"https:\/\/corsicallc.com\/de\/produkte-hochreine-metalle\/","og_locale":"de_DE","og_type":"article","og_title":"Produkte \u2013 Hochreine Metalle","og_description":"Verkauf von hochreinen Metallen. Kaufen Sie Nickeldraht, Kupferpulver, Kupferbarren, Zinkpulver - auf Lager in loser Sch\u00fcttung. Zuverl\u00e4ssiger Lieferant, Zertifikate und Dokumente","og_url":"https:\/\/corsicallc.com\/de\/produkte-hochreine-metalle\/","og_site_name":"Corsica LLC","article_modified_time":"2021-12-03T07:25:37+00:00","og_image":[{"width":1920,"height":935,"url":"https:\/\/corsicallc.com\/wp-content\/uploads\/2021\/11\/main_banner-e1635848726653.jpg","type":"image\/jpeg"}],"twitter_card":"summary_large_image","twitter_misc":{"Gesch\u00e4tzte Lesezeit":"2 Minuten"},"schema":{"@context":"https:\/\/schema.org","@graph":[{"@type":"WebPage","@id":"https:\/\/corsicallc.com\/de\/produkte-hochreine-metalle\/","url":"https:\/\/corsicallc.com\/de\/produkte-hochreine-metalle\/","name":"Produkte \u2013 Hochreine Metalle","isPartOf":{"@id":"https:\/\/corsicallc.com\/#website"},"datePublished":"2021-11-18T09:38:44+00:00","dateModified":"2021-12-03T07:25:37+00:00","description":"Verkauf von hochreinen Metallen. Kaufen Sie Nickeldraht, Kupferpulver, Kupferbarren, Zinkpulver - auf Lager in loser Sch\u00fcttung. Zuverl\u00e4ssiger Lieferant, Zertifikate und Dokumente","breadcrumb":{"@id":"https:\/\/corsicallc.com\/de\/produkte-hochreine-metalle\/#breadcrumb"},"inLanguage":"de-DE","potentialAction":[{"@type":"ReadAction","target":["https:\/\/corsicallc.com\/de\/produkte-hochreine-metalle\/"]}]},{"@type":"BreadcrumbList","@id":"https:\/\/corsicallc.com\/de\/produkte-hochreine-metalle\/#breadcrumb","itemListElement":[{"@type":"ListItem","position":1,"name":"Heim","item":"https:\/\/corsicallc.com\/de\/"},{"@type":"ListItem","position":2,"name":"Produkte \u2013 Hochreine Metalle"}]},{"@type":"WebSite","@id":"https:\/\/corsicallc.com\/#website","url":"https:\/\/corsicallc.com\/","name":"Corsica LLC","description":"Hochreine Metalle zum Verkauf","publisher":{"@id":"https:\/\/corsicallc.com\/#organization"},"potentialAction":[{"@type":"SearchAction","target":{"@type":"EntryPoint","urlTemplate":"https:\/\/corsicallc.com\/?s={search_term_string}"},"query-input":"required name=search_term_string"}],"inLanguage":"de-DE"},{"@type":"Organization","@id":"https:\/\/corsicallc.com\/#organization","name":"Corsica LLC","url":"https:\/\/corsicallc.com\/","sameAs":[],"logo":{"@type":"ImageObject","inLanguage":"de-DE","@id":"https:\/\/corsicallc.com\/#\/schema\/logo\/image\/","url":"https:\/\/corsicallc.com\/wp-content\/uploads\/2021\/11\/logo_cube_1024.jpg","contentUrl":"https:\/\/corsicallc.com\/wp-content\/uploads\/2021\/11\/logo_cube_1024.jpg","width":1024,"height":1024,"caption":"Corsica LLC"},"image":{"@id":"https:\/\/corsicallc.com\/#\/schema\/logo\/image\/"}}]}},"_links":{"self":[{"href":"https:\/\/corsicallc.com\/de\/wp-json\/wp\/v2\/pages\/7695"}],"collection":[{"href":"https:\/\/corsicallc.com\/de\/wp-json\/wp\/v2\/pages"}],"about":[{"href":"https:\/\/corsicallc.com\/de\/wp-json\/wp\/v2\/types\/page"}],"author":[{"embeddable":true,"href":"https:\/\/corsicallc.com\/de\/wp-json\/wp\/v2\/users\/1"}],"replies":[{"embeddable":true,"href":"https:\/\/corsicallc.com\/de\/wp-json\/wp\/v2\/comments?post=7695"}],"version-history":[{"count":22,"href":"https:\/\/corsicallc.com\/de\/wp-json\/wp\/v2\/pages\/7695\/revisions"}],"predecessor-version":[{"id":8552,"href":"https:\/\/corsicallc.com\/de\/wp-json\/wp\/v2\/pages\/7695\/revisions\/8552"}],"wp:featuredmedia":[{"embeddable":true,"href":"https:\/\/corsicallc.com\/de\/wp-json\/wp\/v2\/media\/7637"}],"wp:attachment":[{"href":"https:\/\/corsicallc.com\/de\/wp-json\/wp\/v2\/media?parent=7695"}],"curies":[{"name":"wp","href":"https:\/\/api.w.org\/{rel}","templated":true}]}}