{"id":7734,"date":"2021-11-19T07:37:56","date_gmt":"2021-11-19T07:37:56","guid":{"rendered":"https:\/\/corsicallc.com\/artikel\/"},"modified":"2021-12-04T11:56:52","modified_gmt":"2021-12-04T11:56:52","slug":"artikel","status":"publish","type":"page","link":"https:\/\/corsicallc.com\/de\/artikel\/","title":{"rendered":"Artikel"},"content":{"rendered":"<p>[vc_row css=&#8221;.vc_custom_1636433424059{margin-bottom: 50px !important;}&#8221;][vc_column offset=&#8221;vc_col-lg-9 vc_col-md-9&#8243;][vc_row_inner css=&#8221;.vc_custom_1452152300724{margin-bottom: 46px !important;}&#8221;][vc_column_inner][vc_column_text]Der Abschnitt beleuchtet die neuesten Errungenschaften auf dem Gebiet der Metallurgie, der W\u00e4rmebehandlung von Metallen und der thermischen Ausr\u00fcstung. Ber\u00fccksichtigt werden grundlegende und angewandte Fragestellungen der modernen Metallurgie: Erforschung und Anwendung zukunftstr\u00e4chtiger Struktur- und Funktionswerkstoffe auf Basis seltener Metalle, Pulver, hitze- und korrosionsbest\u00e4ndige Legierungen, strahlungsbest\u00e4ndige Legierungen. Gro\u00dfe Aufmerksamkeit wird den Nanomaterialien und der Nanotechnologie im Bereich der Metallurgie und W\u00e4rmebehandlung geschenkt.<\/p>\n<p>Ebenfalls ver\u00f6ffentlicht werden \u00dcbersichtsartikel von Wissenschaftlern zu Schl\u00fcsselproblemen der modernen Metallurgie, thematische Sammlungen von Werken, die von wissenschaftlichen Teams von Maschinen- und H\u00fcttenwerken und -instituten durchgef\u00fchrt wurden.[\/vc_column_text][\/vc_column_inner][\/vc_row_inner][vc_row_inner css=&#8221;.vc_custom_1634994472928{margin-bottom: 30px !important;}&#8221;][vc_column_inner width=&#8221;1\/3&#8243;][vc_single_image image=&#8221;7651&#8243; img_size=&#8221;full&#8221; onclick=&#8221;custom_link&#8221; link=&#8221;\/articles\/rare-earth-elements\/&#8221;][\/vc_column_inner][vc_column_inner width=&#8221;2\/3&#8243;][vc_column_text]<\/p>\n<h3><span style=\"color: #002e5b\"><a style=\"color: #002e5b\" title=\"Seltene Erdvorkommen\" href=\"https:\/\/corsicallc.com\/de\/artikel\/seltene-erdvorkommen\/\" rel=\"\">Seltene Erdvorkommen<\/a><\/span><\/h3>\n<p>Seltenerdelemente weisen eine gro\u00dfe \u00c4hnlichkeit zwischen chemischen und einigen physikalischen Eigenschaften auf, was durch die fast identische Struktur der \u00e4u\u00dferen elektronischen Ebenen ihrer Atome erkl\u00e4rt wird&#8230; <a title=\"Lesen Sie mehr \u00fcber Seltene Erden-Elemente\" href=\"https:\/\/corsicallc.com\/de\/artikel\/seltene-erdvorkommen\/\" rel=\"\">Weiterlesen<\/a>[\/vc_column_text][\/vc_column_inner][\/vc_row_inner][vc_row_inner css=&#8221;.vc_custom_1634994455103{margin-bottom: 30px !important;}&#8221;][vc_column_inner width=&#8221;1\/3&#8243;][vc_single_image image=&#8221;7648&#8243; img_size=&#8221;full&#8221; onclick=&#8221;custom_link&#8221; link=&#8221;\/articles\/finding-rare-earth-elements-in-nature\/&#8221;][\/vc_column_inner][vc_column_inner width=&#8221;2\/3&#8243;][vc_column_text]<\/p>\n<h3><span style=\"color: #002e5b\"><a style=\"color: #002e5b\" title=\"Seltene Erden in der Natur finden\" href=\"https:\/\/corsicallc.com\/de\/artikel\/seltene-erden-in-der-natur-finden\/\" rel=\"\">Seltene Erden in der Natur finden<\/a><\/span><\/h3>\n<p>Vierwertige Verbindungen bilden neben Cer auch Praseodym und Terbium. Zweiwertige Verbindungen sind bekannt aus Samarium, Europium und Ytterbium und&#8230; <a title=\"Lesen Sie \u00fcber das Finden von Seltenerdelementen in der Natur\" href=\"https:\/\/corsicallc.com\/de\/artikel\/seltene-erden-in-der-natur-finden\/\" rel=\"\">Weiterlesen<\/a>[\/vc_column_text][\/vc_column_inner][\/vc_row_inner][vc_row_inner css=&#8221;.vc_custom_1634994455103{margin-bottom: 30px !important;}&#8221;][vc_column_inner width=&#8221;1\/3&#8243;][vc_single_image image=&#8221;7647&#8243; img_size=&#8221;full&#8221; onclick=&#8221;custom_link&#8221; link=&#8221;\/articles\/chemical-properties-of-rare-earth-elements\/&#8221;][\/vc_column_inner][vc_column_inner width=&#8221;2\/3&#8243;][vc_column_text]<\/p>\n<h3><span style=\"color: #002e5b\"><a style=\"color: #002e5b\" title=\"Chemische Eigenschaften von Seltenerdelementen\" href=\"https:\/\/corsicallc.com\/de\/artikel\/chemische-eigenschaften-von-seltenerdelementen\/\" rel=\"\">Chemische Eigenschaften von Seltenerdelementen<\/a><\/span><\/h3>\n<p>Scandium, Yttrium und Lanthanide haben eine hohe Reaktivit\u00e4t&#8230; <a title=\"Lesen Sie mehr \u00fcber Chemische Eigenschaften von Seltenerdelementen\" href=\"https:\/\/corsicallc.com\/de\/artikel\/chemische-eigenschaften-von-seltenerdelementen\/\" rel=\"\">Weiterlesen<\/a>[\/vc_column_text][\/vc_column_inner][\/vc_row_inner][vc_row_inner css=&#8221;.vc_custom_1634994455103{margin-bottom: 30px !important;}&#8221;][vc_column_inner width=&#8221;1\/3&#8243;][vc_single_image image=&#8221;7649&#8243; img_size=&#8221;full&#8221; onclick=&#8221;custom_link&#8221; link=&#8221;\/articles\/mining-of-rare-earth-metals\/&#8221;][\/vc_column_inner][vc_column_inner width=&#8221;2\/3&#8243;][vc_column_text]<\/p>\n<h3><span style=\"color: #002e5b\"><a style=\"color: #002e5b\" title=\"Bergbau von Seltenerdmetallen\" href=\"https:\/\/corsicallc.com\/de\/artikel\/bergbau-von-seltenerdmetallen\/\" rel=\"\">Bergbau von Seltenerdmetallen<\/a><\/span><\/h3>\n<p>Hauptproduzent waren bis Anfang der 1990er Jahre die USA (Mountain Pass Field). 1986 wurden weltweit 36.500 Tonnen Seltenerdmetalloxide produziert und&#8230; <a title=\"Lesen Sie mehr \u00fcber den Abbau von Seltenerdmetallen\" href=\"https:\/\/corsicallc.com\/de\/artikel\/bergbau-von-seltenerdmetallen\/\" rel=\"\">Weiterlesen<\/a>[\/vc_column_text][\/vc_column_inner][\/vc_row_inner][vc_row_inner css=&#8221;.vc_custom_1634994455103{margin-bottom: 30px !important;}&#8221;][vc_column_inner width=&#8221;1\/3&#8243;][vc_single_image image=&#8221;7646&#8243; img_size=&#8221;full&#8221; onclick=&#8221;custom_link&#8221; link=&#8221;\/articles\/mining-of-rare-earth-metals\/&#8221;][\/vc_column_inner][vc_column_inner width=&#8221;2\/3&#8243;][vc_column_text]<\/p>\n<h3><span style=\"color: #002e5b\"><a style=\"color: #002e5b\" title=\"Anwendung von Seltenerdmetallen\" href=\"https:\/\/corsicallc.com\/de\/artikel\/anwendung-von-seltenerdmetallen\/\" rel=\"\">Anwendung von Seltenerdmetallen<\/a><\/span><\/h3>\n<p>Die Anwendungen von Seltenerdelementen sind sehr vielf\u00e4ltig. Seltene Erden spielen eine Schl\u00fcsselrolle bei der Herstellung von Materialien f\u00fcr Hightech-Verbrauchersektoren wie Elektronik und&#8230; <a title=\"Weiterlesen \u00fcber Anwendung von Seltenerdmetallen\" href=\"https:\/\/corsicallc.com\/de\/artikel\/anwendung-von-seltenerdmetallen\/\" rel=\"\">Weiterlesen<\/a>[\/vc_column_text][\/vc_column_inner][\/vc_row_inner][vc_row_inner css=&#8221;.vc_custom_1634994455103{margin-bottom: 30px !important;}&#8221;][vc_column_inner width=&#8221;1\/3&#8243;][vc_single_image image=&#8221;7650&#8243; img_size=&#8221;full&#8221; onclick=&#8221;custom_link&#8221; link=&#8221;\/articles\/use-of-rare-earth-metals\/&#8221;][\/vc_column_inner][vc_column_inner width=&#8221;2\/3&#8243;][vc_column_text]<\/p>\n<h3><span style=\"color: #002e5b\"><a style=\"color: #002e5b\" title=\"Verwendung von Seltenerdmetallen nach Gebiet\" href=\"https:\/\/corsicallc.com\/de\/artikel\/verwendung-von-seltenerdmetallen-nach-gebiet\/\" rel=\"\">Verwendung von Seltenerdmetallen nach Gebiet<\/a><\/span><\/h3>\n<p>Metallurgische Anwendungen machten im Jahr 2010 etwa 19% der weltweiten Nachfrage aus, dies liegt daran, dass Seltenerdelemente die Qualit\u00e4t von Edelstahl und&#8230; <a title=\"Lesen Sie mehr \u00fcber die Verwendung von Seltenerdmetallen nach Gebiet\" href=\"https:\/\/corsicallc.com\/de\/artikel\/verwendung-von-seltenerdmetallen-nach-gebiet\/\"Looking for a First-Class Consulting metal buying advice?\" h2_font_container=\"tag:h2|font_size:20px|text_align:left|color:%23002e5b|line_height:24px\" h2_use_theme_fonts=\"yes\" shape=\"square\" style=\"flat\" add_button=\"right\" btn_title=\"get a quote\" btn_style=\"flat\" btn_color=\"theme_style_2\" btn_size=\"lg\" btn_align=\"right\" btn_i_align=\"right\" btn_i_icon_fontawesome=\"fa fa-chevron-right\" particles=\"yes\" use_custom_fonts_h2=\"true\" btn_add_icon=\"true\" btn_link=\"url:%23contact_form_pop||\" el_class=\"third_bg_color\" btn_el_class=\"\"][\/vc_cta]\r\n<div class=\"fancybox-hidden\" style=\"display: none;\">\r\n<div id=\"contact_form_pop\"><div role=\"form\" class=\"wpcf7\" id=\"wpcf7-f8524-o1\" lang=\"de-DE\" dir=\"ltr\">\n<div class=\"screen-reader-response\"><p role=\"status\" aria-live=\"polite\" aria-atomic=\"true\"><\/p> <ul><\/ul><\/div>\n<form action=\"\/de\/wp-json\/wp\/v2\/pages\/7734#wpcf7-f8524-o1\" method=\"post\" class=\"wpcf7-form init\" novalidate=\"novalidate\" data-status=\"init\">\n<div style=\"display: none;\">\n<input type=\"hidden\" name=\"_wpcf7\" value=\"8524\" \/>\n<input type=\"hidden\" name=\"_wpcf7_version\" value=\"5.6.2\" \/>\n<input type=\"hidden\" name=\"_wpcf7_locale\" value=\"de_DE\" \/>\n<input type=\"hidden\" name=\"_wpcf7_unit_tag\" value=\"wpcf7-f8524-o1\" \/>\n<input type=\"hidden\" name=\"_wpcf7_container_post\" value=\"0\" \/>\n<input type=\"hidden\" name=\"_wpcf7_posted_data_hash\" value=\"\" \/>\n<input type=\"hidden\" name=\"_wpcf7_recaptcha_response\" value=\"\" \/>\n<\/div>\n<div class=\"request_callback\">\n<div class=\"row\" style=\"margin: 0 -13px;\">\n<div class=\"col-lg-12 col-md-12 col-sm-12 col-xs-12\">\n<div class=\"input-group\">\n                <span class=\"wpcf7-form-control-wrap\" data-name=\"text-name\"><input type=\"text\" name=\"text-name\" value=\"\" size=\"40\" maxlength=\"50\" class=\"wpcf7-form-control wpcf7-text wpcf7-validates-as-required\" aria-required=\"true\" aria-invalid=\"false\" placeholder=\"Dein Name *\" \/><\/span>\n            <\/div>\n<div class=\"input-group\">\n                <span class=\"wpcf7-form-control-wrap\" data-name=\"your-email\"><input type=\"email\" name=\"your-email\" value=\"\" size=\"40\" class=\"wpcf7-form-control wpcf7-text wpcf7-email wpcf7-validates-as-required wpcf7-validates-as-email\" aria-required=\"true\" aria-invalid=\"false\" placeholder=\"Deine Email *\" \/><\/span>\n            <\/div>\n<div class=\"input-group\">\n                <span class=\"wpcf7-form-control-wrap\" data-name=\"tel-117\"><input type=\"tel\" name=\"tel-117\" value=\"\" size=\"40\" class=\"wpcf7-form-control wpcf7-text wpcf7-tel wpcf7-validates-as-required wpcf7-validates-as-tel\" aria-required=\"true\" aria-invalid=\"false\" placeholder=\"Telefon *\" \/><\/span>\n            <\/div>\n<div class=\"input-group\">\n                <span class=\"wpcf7-form-control-wrap\" data-name=\"your-message\"><textarea name=\"your-message\" cols=\"40\" rows=\"10\" class=\"wpcf7-form-control wpcf7-textarea wpcf7-validates-as-required\" aria-required=\"true\" aria-invalid=\"false\" placeholder=\"Ihre Nachricht *\"><\/textarea><\/span>\n            <\/div>\n<div class=\"input-group\">\n                <button type=\"submit\" class=\"button size-lg icon_right\">Senden <i class=\"fa fa-chevron-right\"><\/i><\/button>\n            <\/div>\n<\/div>\n<\/div>\n<\/div>\n<div class=\"wpcf7-response-output\" aria-hidden=\"true\"><\/div><\/form><\/div><\/div>\r\n<\/div>[\/vc_column_text][\/vc_column][\/vc_row]<\/p>\n","protected":false},"excerpt":{"rendered":"<p>[vc_row css=&#8221;.vc_custom_1636433424059{margin-bottom: 50px !important;}&#8221;][vc_column offset=&#8221;vc_col-lg-9 vc_col-md-9&#8243;][vc_row_inner css=&#8221;.vc_custom_1452152300724{margin-bottom: 46px !important;}&#8221;][vc_column_inner][vc_column_text]Der Abschnitt beleuchtet die neuesten Errungenschaften auf dem Gebiet der Metallurgie, der W\u00e4rmebehandlung von Metallen und der thermischen Ausr\u00fcstung. Ber\u00fccksichtigt werden grundlegende und angewandte Fragestellungen der modernen Metallurgie: Erforschung und Anwendung zukunftstr\u00e4chtiger Struktur- und Funktionswerkstoffe auf Basis seltener Metalle, Pulver, hitze- und korrosionsbest\u00e4ndige Legierungen, strahlungsbest\u00e4ndige Legierungen. Gro\u00dfe<\/p>\n","protected":false},"author":1,"featured_media":7641,"parent":0,"menu_order":0,"comment_status":"closed","ping_status":"closed","template":"","meta":[],"yoast_head":"<!-- This site is optimized with the Yoast SEO Premium plugin v19.0 (Yoast SEO v19.5.1) - https:\/\/yoast.com\/wordpress\/plugins\/seo\/ -->\n<title>Artikel<\/title>\n<meta name=\"description\" content=\"Artikel zur Metallwissenschaft, verfasst von wissenschaftlichen Teams von Maschinenbau- und H\u00fcttenwerken und Instituten.\" \/>\n<meta name=\"robots\" content=\"index, follow, max-snippet:-1, max-image-preview:large, max-video-preview:-1\" \/>\n<link rel=\"canonical\" href=\"https:\/\/corsicallc.com\/de\/artikel\/\" \/>\n<meta property=\"og:locale\" content=\"de_DE\" \/>\n<meta property=\"og:type\" content=\"article\" \/>\n<meta property=\"og:title\" content=\"Artikel\" \/>\n<meta property=\"og:description\" content=\"Artikel zur Metallwissenschaft, verfasst von wissenschaftlichen Teams von Maschinenbau- und H\u00fcttenwerken und Instituten.\" \/>\n<meta property=\"og:url\" content=\"https:\/\/corsicallc.com\/de\/artikel\/\" \/>\n<meta property=\"og:site_name\" content=\"Corsica LLC\" \/>\n<meta property=\"article:modified_time\" content=\"2021-12-04T11:56:52+00:00\" \/>\n<meta property=\"og:image\" content=\"https:\/\/corsicallc.com\/wp-content\/uploads\/2021\/11\/articles-rare-earth-metals.jpg\" \/>\n\t<meta property=\"og:image:width\" content=\"1024\" \/>\n\t<meta property=\"og:image:height\" content=\"549\" \/>\n\t<meta property=\"og:image:type\" content=\"image\/jpeg\" \/>\n<meta name=\"twitter:card\" content=\"summary_large_image\" \/>\n<meta name=\"twitter:label1\" content=\"Gesch\u00e4tzte Lesezeit\" \/>\n\t<meta name=\"twitter:data1\" content=\"2 Minuten\" \/>\n<script type=\"application\/ld+json\" class=\"yoast-schema-graph\">{\"@context\":\"https:\/\/schema.org\",\"@graph\":[{\"@type\":\"WebPage\",\"@id\":\"https:\/\/corsicallc.com\/de\/artikel\/\",\"url\":\"https:\/\/corsicallc.com\/de\/artikel\/\",\"name\":\"Artikel\",\"isPartOf\":{\"@id\":\"https:\/\/corsicallc.com\/#website\"},\"datePublished\":\"2021-11-19T07:37:56+00:00\",\"dateModified\":\"2021-12-04T11:56:52+00:00\",\"description\":\"Artikel zur Metallwissenschaft, verfasst von wissenschaftlichen Teams von Maschinenbau- und H\u00fcttenwerken und Instituten.\",\"breadcrumb\":{\"@id\":\"https:\/\/corsicallc.com\/de\/artikel\/#breadcrumb\"},\"inLanguage\":\"de-DE\",\"potentialAction\":[{\"@type\":\"ReadAction\",\"target\":[\"https:\/\/corsicallc.com\/de\/artikel\/\"]}]},{\"@type\":\"BreadcrumbList\",\"@id\":\"https:\/\/corsicallc.com\/de\/artikel\/#breadcrumb\",\"itemListElement\":[{\"@type\":\"ListItem\",\"position\":1,\"name\":\"Heim\",\"item\":\"https:\/\/corsicallc.com\/de\/\"},{\"@type\":\"ListItem\",\"position\":2,\"name\":\"Artikel\"}]},{\"@type\":\"WebSite\",\"@id\":\"https:\/\/corsicallc.com\/#website\",\"url\":\"https:\/\/corsicallc.com\/\",\"name\":\"Corsica LLC\",\"description\":\"Hochreine Metalle zum Verkauf\",\"publisher\":{\"@id\":\"https:\/\/corsicallc.com\/#organization\"},\"potentialAction\":[{\"@type\":\"SearchAction\",\"target\":{\"@type\":\"EntryPoint\",\"urlTemplate\":\"https:\/\/corsicallc.com\/?s={search_term_string}\"},\"query-input\":\"required name=search_term_string\"}],\"inLanguage\":\"de-DE\"},{\"@type\":\"Organization\",\"@id\":\"https:\/\/corsicallc.com\/#organization\",\"name\":\"Corsica LLC\",\"url\":\"https:\/\/corsicallc.com\/\",\"sameAs\":[],\"logo\":{\"@type\":\"ImageObject\",\"inLanguage\":\"de-DE\",\"@id\":\"https:\/\/corsicallc.com\/#\/schema\/logo\/image\/\",\"url\":\"https:\/\/corsicallc.com\/wp-content\/uploads\/2021\/11\/logo_cube_1024.jpg\",\"contentUrl\":\"https:\/\/corsicallc.com\/wp-content\/uploads\/2021\/11\/logo_cube_1024.jpg\",\"width\":1024,\"height\":1024,\"caption\":\"Corsica LLC\"},\"image\":{\"@id\":\"https:\/\/corsicallc.com\/#\/schema\/logo\/image\/\"}}]}<\/script>\n<!-- \/ Yoast SEO Premium plugin. -->","yoast_head_json":{"title":"Artikel","description":"Artikel zur Metallwissenschaft, verfasst von wissenschaftlichen Teams von Maschinenbau- und H\u00fcttenwerken und Instituten.","robots":{"index":"index","follow":"follow","max-snippet":"max-snippet:-1","max-image-preview":"max-image-preview:large","max-video-preview":"max-video-preview:-1"},"canonical":"https:\/\/corsicallc.com\/de\/artikel\/","og_locale":"de_DE","og_type":"article","og_title":"Artikel","og_description":"Artikel zur Metallwissenschaft, verfasst von wissenschaftlichen Teams von Maschinenbau- und H\u00fcttenwerken und Instituten.","og_url":"https:\/\/corsicallc.com\/de\/artikel\/","og_site_name":"Corsica LLC","article_modified_time":"2021-12-04T11:56:52+00:00","og_image":[{"width":1024,"height":549,"url":"https:\/\/corsicallc.com\/wp-content\/uploads\/2021\/11\/articles-rare-earth-metals.jpg","type":"image\/jpeg"}],"twitter_card":"summary_large_image","twitter_misc":{"Gesch\u00e4tzte Lesezeit":"2 Minuten"},"schema":{"@context":"https:\/\/schema.org","@graph":[{"@type":"WebPage","@id":"https:\/\/corsicallc.com\/de\/artikel\/","url":"https:\/\/corsicallc.com\/de\/artikel\/","name":"Artikel","isPartOf":{"@id":"https:\/\/corsicallc.com\/#website"},"datePublished":"2021-11-19T07:37:56+00:00","dateModified":"2021-12-04T11:56:52+00:00","description":"Artikel zur Metallwissenschaft, verfasst von wissenschaftlichen Teams von Maschinenbau- und H\u00fcttenwerken und Instituten.","breadcrumb":{"@id":"https:\/\/corsicallc.com\/de\/artikel\/#breadcrumb"},"inLanguage":"de-DE","potentialAction":[{"@type":"ReadAction","target":["https:\/\/corsicallc.com\/de\/artikel\/"]}]},{"@type":"BreadcrumbList","@id":"https:\/\/corsicallc.com\/de\/artikel\/#breadcrumb","itemListElement":[{"@type":"ListItem","position":1,"name":"Heim","item":"https:\/\/corsicallc.com\/de\/"},{"@type":"ListItem","position":2,"name":"Artikel"}]},{"@type":"WebSite","@id":"https:\/\/corsicallc.com\/#website","url":"https:\/\/corsicallc.com\/","name":"Corsica LLC","description":"Hochreine Metalle zum Verkauf","publisher":{"@id":"https:\/\/corsicallc.com\/#organization"},"potentialAction":[{"@type":"SearchAction","target":{"@type":"EntryPoint","urlTemplate":"https:\/\/corsicallc.com\/?s={search_term_string}"},"query-input":"required name=search_term_string"}],"inLanguage":"de-DE"},{"@type":"Organization","@id":"https:\/\/corsicallc.com\/#organization","name":"Corsica LLC","url":"https:\/\/corsicallc.com\/","sameAs":[],"logo":{"@type":"ImageObject","inLanguage":"de-DE","@id":"https:\/\/corsicallc.com\/#\/schema\/logo\/image\/","url":"https:\/\/corsicallc.com\/wp-content\/uploads\/2021\/11\/logo_cube_1024.jpg","contentUrl":"https:\/\/corsicallc.com\/wp-content\/uploads\/2021\/11\/logo_cube_1024.jpg","width":1024,"height":1024,"caption":"Corsica LLC"},"image":{"@id":"https:\/\/corsicallc.com\/#\/schema\/logo\/image\/"}}]}},"_links":{"self":[{"href":"https:\/\/corsicallc.com\/de\/wp-json\/wp\/v2\/pages\/7734"}],"collection":[{"href":"https:\/\/corsicallc.com\/de\/wp-json\/wp\/v2\/pages"}],"about":[{"href":"https:\/\/corsicallc.com\/de\/wp-json\/wp\/v2\/types\/page"}],"author":[{"embeddable":true,"href":"https:\/\/corsicallc.com\/de\/wp-json\/wp\/v2\/users\/1"}],"replies":[{"embeddable":true,"href":"https:\/\/corsicallc.com\/de\/wp-json\/wp\/v2\/comments?post=7734"}],"version-history":[{"count":12,"href":"https:\/\/corsicallc.com\/de\/wp-json\/wp\/v2\/pages\/7734\/revisions"}],"predecessor-version":[{"id":8671,"href":"https:\/\/corsicallc.com\/de\/wp-json\/wp\/v2\/pages\/7734\/revisions\/8671"}],"wp:featuredmedia":[{"embeddable":true,"href":"https:\/\/corsicallc.com\/de\/wp-json\/wp\/v2\/media\/7641"}],"wp:attachment":[{"href":"https:\/\/corsicallc.com\/de\/wp-json\/wp\/v2\/media?parent=7734"}],"curies":[{"name":"wp","href":"https:\/\/api.w.org\/{rel}","templated":true}]}}