{"id":7755,"date":"2021-11-19T07:54:18","date_gmt":"2021-11-19T07:54:18","guid":{"rendered":"https:\/\/corsicallc.com\/metall-auf-lager\/"},"modified":"2021-12-05T08:10:11","modified_gmt":"2021-12-05T08:10:11","slug":"metall-auf-lager","status":"publish","type":"page","link":"https:\/\/corsicallc.com\/de\/metall-auf-lager\/","title":{"rendered":"Metall auf Lager"},"content":{"rendered":"<p>[vc_row][vc_column offset=&#8221;vc_col-lg-9 vc_col-md-9&#8243;][vc_single_image image=&#8221;7645&#8243; img_size=&#8221;stm-image-1110&#215;550-croped&#8221; alignment=&#8221;center&#8221; css=&#8221;.vc_custom_1636628019481{margin-bottom: 45px !important;}&#8221;][vc_custom_heading text=&#8221;Lager Corsica LLC&#8221; font_container=&#8221;tag:h2|font_size:28|text_align:left&#8221; use_theme_fonts=&#8221;yes&#8221;][vc_column_text]Das Unternehmen Corsica LLC verf\u00fcgt \u00fcber mehrere Standorte der gelieferten Waren. Dies sind die Vereinigten Arabischen Emirate, Deutschland, die Schweiz, Russland und andere L\u00e4nder. Materialien k\u00f6nnen sowohl mit Zertifikaten verkaufsfertig sein, w\u00e4hrend des Transports als auch im Herstellungsprozess. Wir akzeptieren best\u00e4tigte Antr\u00e4ge f\u00fcr Seltenerdmetalle, um Lieferoptionen in ein bestimmtes Land zu erarbeiten.<\/p>\n<p>Wenn das Produkt in den Vereinigten Arabischen Emiraten auf Lager ist, k\u00f6nnen wir es am n\u00e4chsten Tag an Ihre Adresse versenden.<\/p>\n<p>Sie k\u00f6nnen die Verf\u00fcgbarkeit des Lagerbestands online unten einsehen.[\/vc_column_text][vc_column_text css=&#8221;.vc_custom_1636433251921{margin-bottom: 25px !important;}&#8221;]Tats\u00e4chlich 04\/12\/2026<\/p>\n<p style=\"text-align: center;\"><iframe class=\"iframe\" src=\"https:\/\/docs.google.com\/spreadsheets\/d\/e\/2PACX-1vTURdAwtO7pZHJK4SwTBPJVpLdwPJivm4XVkKAPkFVoGtg2ht_VYPVISi96mKvnEawGgRjbCYVgLTBs\/pubhtml?widget=true&amp;headers=false\">\ufeff<\/iframe><\/p>\n<p>[\/vc_column_text][\/vc_column][vc_column width=&#8221;1\/4&#8243; offset=&#8221;vc_hidden-sm vc_hidden-xs&#8221;][stm_sidebar sidebar=&#8221;577&#8243;][\/vc_column][\/vc_row][vc_row css=&#8221;.vc_custom_1634297529524{margin-top: 30px !important;margin-bottom: 50px !important;}&#8221;][vc_column offset=&#8221;vc_col-lg-12 vc_col-md-12&#8243;][vc_custom_heading text=&#8221;Bestellen&#8221; font_container=&#8221;tag:h3|text_align:left&#8221; use_theme_fonts=&#8221;yes&#8221; css=&#8221;.vc_custom_1638691796829{margin-bottom: 30px !important;}&#8221;]<div role=\"form\" class=\"wpcf7\" id=\"wpcf7-f8541-o1\" lang=\"de-DE\" dir=\"ltr\">\n<div class=\"screen-reader-response\"><p role=\"status\" aria-live=\"polite\" aria-atomic=\"true\"><\/p> <ul><\/ul><\/div>\n<form action=\"\/de\/wp-json\/wp\/v2\/pages\/7755#wpcf7-f8541-o1\" method=\"post\" class=\"wpcf7-form init\" novalidate=\"novalidate\" data-status=\"init\">\n<div style=\"display: none;\">\n<input type=\"hidden\" name=\"_wpcf7\" value=\"8541\" \/>\n<input type=\"hidden\" name=\"_wpcf7_version\" value=\"5.6.2\" \/>\n<input type=\"hidden\" name=\"_wpcf7_locale\" value=\"de_DE\" \/>\n<input type=\"hidden\" name=\"_wpcf7_unit_tag\" value=\"wpcf7-f8541-o1\" \/>\n<input type=\"hidden\" name=\"_wpcf7_container_post\" value=\"0\" \/>\n<input type=\"hidden\" name=\"_wpcf7_posted_data_hash\" value=\"\" \/>\n<input type=\"hidden\" name=\"_wpcf7_recaptcha_response\" value=\"\" \/>\n<\/div>\n<div class=\"request_callback\">\n<div class=\"row\" style=\"margin: 0 -13px;\">\n<div class=\"col-lg-6 col-md-6 col-sm-6 col-xs-12\">\n<div class=\"input-group\">\n                <span class=\"wpcf7-form-control-wrap\" data-name=\"text-name\"><input type=\"text\" name=\"text-name\" value=\"\" size=\"40\" class=\"wpcf7-form-control wpcf7-text wpcf7-validates-as-required\" aria-required=\"true\" aria-invalid=\"false\" placeholder=\"Vorname *\" \/><\/span>\n            <\/div>\n<div class=\"input-group\">\n                <span class=\"wpcf7-form-control-wrap\" data-name=\"email\"><input type=\"email\" name=\"email\" value=\"\" size=\"40\" class=\"wpcf7-form-control wpcf7-text wpcf7-email wpcf7-validates-as-required wpcf7-validates-as-email\" aria-required=\"true\" aria-invalid=\"false\" placeholder=\"Email *\" \/><\/span>\n            <\/div>\n<div class=\"input-group\">\n                <span class=\"wpcf7-form-control-wrap\" data-name=\"phone\"><input type=\"tel\" name=\"phone\" value=\"\" size=\"40\" class=\"wpcf7-form-control wpcf7-text wpcf7-tel wpcf7-validates-as-required wpcf7-validates-as-tel\" aria-required=\"true\" aria-invalid=\"false\" placeholder=\"Telefon *\" \/><\/span>\n            <\/div>\n<\/div>\n<div class=\"col-lg-6 col-md-6 col-sm-6 col-xs-12\">\n<div class=\"input-group\">\n                <span class=\"wpcf7-form-control-wrap\" data-name=\"message\"><textarea name=\"message\" cols=\"40\" rows=\"10\" class=\"wpcf7-form-control wpcf7-textarea wpcf7-validates-as-required\" aria-required=\"true\" aria-invalid=\"false\" placeholder=\"Ihre Nachricht *\"><\/textarea><\/span>\n            <\/div>\n<div class=\"input-group\">\n                <button type=\"submit\" class=\"button size-lg icon_right\">Einreichen <i class=\"fa fa-chevron-right\"><\/i><\/button>\n            <\/div>\n<\/div>\n<\/div>\n<\/div>\n<div class=\"wpcf7-response-output\" aria-hidden=\"true\"><\/div><\/form><\/div>[stm_spacing sm_spacing=&#8221;25&#8243; xs_spacing=&#8221;25&#8243; lg_spacing=&#8221;35&#8243; md_spacing=&#8221;30&#8243;][vc_row_inner][vc_column_inner][vc_custom_heading text=&#8221;Produkte &#8211; Hochreine Metalle&#8221; font_container=&#8221;tag:h3|text_align:center&#8221; use_theme_fonts=&#8221;yes&#8221; css=&#8221;.vc_custom_1633062669766{margin-bottom: 31px !important;}&#8221; link=&#8221;url:https%3A%2F%2Fcorsicallc.com%2Fde%2Fprodukte-hochreine-metalle%2F|title:Produkte%20%E2%80%93%20Hochreine%20Metalle|&#8221;][vc_column_text css=&#8221;.vc_custom_1633062709493{margin-bottom: 25px !important;}&#8221;]<\/p>\n<p style=\"text-align: center;\">Unsere Produkte sind hochreine Metalle, die immer auf Lager sind<\/p>\n<p>[\/vc_column_text][\/vc_column_inner][\/vc_row_inner][vc_row_inner css=&#8221;.vc_custom_1634114126724{background-color: #f2f4fa !important;}&#8221;][vc_column_inner width=&#8221;1\/2&#8243; offset=&#8221;vc_col-lg-3 vc_col-md-3&#8243;][stm_spacing lg_spacing=&#8221;30&#8243; md_spacing=&#8221;30&#8243; sm_spacing=&#8221;30&#8243; xs_spacing=&#8221;30&#8243;][stm_animation_block animation=&#8221;fadeInUp&#8221; animation_duration=&#8221;0.3&#8243; animation_delay=&#8221;0&#8243;][stm_info_box style=&#8221;style_4&#8243; title=&#8221;Nickeldraht&#8221; image=&#8221;6898&#8243; link=&#8221;url:%2Fhigh-purity-metals%2Fnickel-wire%2F|title:Nickel%20Wire&#8221;]Hochreiner Nickeldraht silberwei\u00df 0,025 mm (0,001 Zoll) Durchmesser, 99,78-99,99 %[\/stm_info_box][\/stm_animation_block][stm_spacing lg_spacing=&#8221;0&#8243; md_spacing=&#8221;0&#8243; sm_spacing=&#8221;30&#8243; xs_spacing=&#8221;30&#8243;][\/vc_column_inner][vc_column_inner width=&#8221;1\/2&#8243; offset=&#8221;vc_col-lg-3 vc_col-md-3&#8243;][stm_spacing lg_spacing=&#8221;30&#8243; md_spacing=&#8221;30&#8243; sm_spacing=&#8221;30&#8243; xs_spacing=&#8221;30&#8243;][stm_animation_block animation=&#8221;fadeInUp&#8221; animation_duration=&#8221;0.3&#8243; animation_delay=&#8221;0&#8243;][stm_info_box style=&#8221;style_4&#8243; title=&#8221;Kupferpulver&#8221; image=&#8221;6976&#8243; link=&#8221;url:%2Fhigh-purity-metals%2Fultrafine-copper-powder%2F|title:Ultrafine%20High%20Purity%20Copper%20Powder&#8221;]Ultrafeines hochreines Kupferpulver (5N) PMV-E, PMV-X, sauerstofffreies Kupfer, Staub 5-12 Mikrometer, \u226599,999 %[\/stm_info_box][\/stm_animation_block][stm_spacing lg_spacing=&#8221;0&#8243; md_spacing=&#8221;0&#8243; sm_spacing=&#8221;30&#8243; xs_spacing=&#8221;30&#8243;][\/vc_column_inner][vc_column_inner width=&#8221;1\/2&#8243; offset=&#8221;vc_col-lg-3 vc_col-md-3&#8243;][stm_spacing lg_spacing=&#8221;30&#8243; md_spacing=&#8221;30&#8243; sm_spacing=&#8221;30&#8243; xs_spacing=&#8221;30&#8243;][stm_animation_block animation=&#8221;fadeInRight&#8221; animation_duration=&#8221;0.3&#8243; animation_delay=&#8221;0&#8243;][stm_info_box style=&#8221;style_4&#8243; title=&#8221;Kupferbarren&#8221; link=&#8221;url:%2Fhigh-purity-metals%2Fcopper-ingot%2F|title:High%20Purity%20Copper%20Ingot&#8221; image=&#8221;6978&#8243;]Hochreiner zylindrischer oder rechteckiger Kupferbarren (6N) in einzelnen Beuteln, \u226599,9999%[\/stm_info_box][\/stm_animation_block][stm_spacing lg_spacing=&#8221;0&#8243; md_spacing=&#8221;0&#8243; sm_spacing=&#8221;30&#8243; xs_spacing=&#8221;30&#8243;][\/vc_column_inner][vc_column_inner width=&#8221;1\/2&#8243; offset=&#8221;vc_col-lg-3 vc_col-md-3&#8243;][stm_spacing lg_spacing=&#8221;30&#8243; md_spacing=&#8221;30&#8243; sm_spacing=&#8221;30&#8243; xs_spacing=&#8221;30&#8243;][stm_animation_block animation=&#8221;fadeInUp&#8221; animation_duration=&#8221;0.3&#8243; animation_delay=&#8221;0&#8243;][stm_info_box style=&#8221;style_4&#8243; title=&#8221;Zinkpulver&#8221; image=&#8221;6980&#8243; link=&#8221;url:%2Fhigh-purity-metals%2Fzinc-powder-zn-66-isotope%2F|title:High%20Purity%20Zinc%20Powder&#8221;]Ultrafeines hochreines Zinkpulver, nat\u00fcrliches, nicht radioaktives Zn-66-Isotop (4N) 99,992-99,998%[\/stm_info_box][\/stm_animation_block][stm_spacing lg_spacing=&#8221;0&#8243; md_spacing=&#8221;0&#8243; sm_spacing=&#8221;30&#8243; xs_spacing=&#8221;30&#8243;][\/vc_column_inner][\/vc_row_inner][\/vc_column][\/vc_row][vc_row full_width=&#8221;stretch_row&#8221; css=&#8221;.vc_custom_1633063403573{background-color: #f2f4fa !important;}&#8221;][vc_column][stm_spacing lg_spacing=&#8221;50&#8243; md_spacing=&#8221;30&#8243; sm_spacing=&#8221;20&#8243; xs_spacing=&#8221;10&#8243;][stm_image_carousel grayscale=&#8221;yes&#8221; autoplay=&#8221;yes&#8221; timeout=&#8221;2000&#8243; loop=&#8221;yes&#8221; images=&#8221;6936,6935,6939,6944,6965,6966&#8243;][stm_spacing lg_spacing=&#8221;50&#8243; md_spacing=&#8221;30&#8243; sm_spacing=&#8221;20&#8243; xs_spacing=&#8221;10&#8243;][\/vc_column][\/vc_row][vc_row full_width=&#8221;stretch_row&#8221; css=&#8221;.vc_custom_1459505959648{margin-bottom: -60px !important;}&#8221; el_class=&#8221;third_bg_color&#8221;][vc_column][vc_cta h2=&#8221;Sie suchen eine erstklassige Beratung beim Metalleinkauf?&#8221; h2_font_container=&#8221;tag:h2|font_size:20px|text_align:left|color:%23002e5b|line_height:24px&#8221; h2_use_theme_fonts=&#8221;yes&#8221; shape=&#8221;square&#8221; style=&#8221;flat&#8221; add_button=&#8221;right&#8221; btn_title=&#8221;Fragen stellen&#8221; btn_style=&#8221;flat&#8221; btn_color=&#8221;theme_style_2&#8243; btn_size=&#8221;lg&#8221; btn_align=&#8221;right&#8221; btn_i_align=&#8221;right&#8221; btn_i_icon_fontawesome=&#8221;fa fa-chevron-right&#8221; use_custom_fonts_h2=&#8221;true&#8221; btn_add_icon=&#8221;true&#8221; btn_link=&#8221;url:%23|&#8221; el_class=&#8221;third_bg_color&#8221; css=&#8221;.vc_custom_1636433867064{margin-bottom: 0px !important;}&#8221;][\/vc_cta][\/vc_column][\/vc_row]<\/p>\n","protected":false},"excerpt":{"rendered":"<p>[vc_row][vc_column offset=&#8221;vc_col-lg-9 vc_col-md-9&#8243;][vc_single_image image=&#8221;7645&#8243; img_size=&#8221;stm-image-1110&#215;550-croped&#8221; alignment=&#8221;center&#8221; css=&#8221;.vc_custom_1636628019481{margin-bottom: 45px !important;}&#8221;][vc_custom_heading text=&#8221;Lager Corsica LLC&#8221; font_container=&#8221;tag:h2|font_size:28|text_align:left&#8221; use_theme_fonts=&#8221;yes&#8221;][vc_column_text]Das Unternehmen Corsica LLC verf\u00fcgt \u00fcber mehrere Standorte der gelieferten Waren. Dies sind die Vereinigten Arabischen Emirate, Deutschland, die Schweiz, Russland und andere L\u00e4nder. Materialien k\u00f6nnen sowohl mit Zertifikaten verkaufsfertig sein, w\u00e4hrend des Transports als auch im Herstellungsprozess. Wir akzeptieren best\u00e4tigte Antr\u00e4ge<\/p>\n","protected":false},"author":1,"featured_media":7645,"parent":0,"menu_order":4,"comment_status":"closed","ping_status":"closed","template":"","meta":[],"yoast_head":"<!-- This site is optimized with the Yoast SEO Premium plugin v19.0 (Yoast SEO v19.5.1) - https:\/\/yoast.com\/wordpress\/plugins\/seo\/ -->\n<title>Metall auf Lager<\/title>\n<meta name=\"description\" content=\"Metall auf Lager Corsica LLC - Cadmiumbarren, Kupferbarren, Kupferpulver, Nickeldraht, Selenisotop, Wolframdraht, Zinkpulver\" \/>\n<meta name=\"robots\" content=\"index, follow, max-snippet:-1, max-image-preview:large, max-video-preview:-1\" \/>\n<link rel=\"canonical\" href=\"https:\/\/corsicallc.com\/de\/metall-auf-lager\/\" \/>\n<meta property=\"og:locale\" content=\"de_DE\" \/>\n<meta property=\"og:type\" content=\"article\" \/>\n<meta property=\"og:title\" content=\"Metall auf Lager\" \/>\n<meta property=\"og:description\" content=\"Metall auf Lager Corsica LLC - Cadmiumbarren, Kupferbarren, Kupferpulver, Nickeldraht, Selenisotop, Wolframdraht, Zinkpulver\" \/>\n<meta property=\"og:url\" content=\"https:\/\/corsicallc.com\/de\/metall-auf-lager\/\" \/>\n<meta property=\"og:site_name\" content=\"Corsica LLC\" \/>\n<meta property=\"article:modified_time\" content=\"2021-12-05T08:10:11+00:00\" \/>\n<meta property=\"og:image\" content=\"https:\/\/corsicallc.com\/wp-content\/uploads\/2021\/11\/metal-in-stock.jpg\" \/>\n\t<meta property=\"og:image:width\" content=\"825\" \/>\n\t<meta property=\"og:image:height\" content=\"400\" \/>\n\t<meta property=\"og:image:type\" content=\"image\/jpeg\" \/>\n<meta name=\"twitter:card\" content=\"summary_large_image\" \/>\n<meta name=\"twitter:label1\" content=\"Gesch\u00e4tzte Lesezeit\" \/>\n\t<meta name=\"twitter:data1\" content=\"2 Minuten\" \/>\n<script type=\"application\/ld+json\" class=\"yoast-schema-graph\">{\"@context\":\"https:\/\/schema.org\",\"@graph\":[{\"@type\":\"WebPage\",\"@id\":\"https:\/\/corsicallc.com\/de\/metall-auf-lager\/\",\"url\":\"https:\/\/corsicallc.com\/de\/metall-auf-lager\/\",\"name\":\"Metall auf Lager\",\"isPartOf\":{\"@id\":\"https:\/\/corsicallc.com\/#website\"},\"datePublished\":\"2021-11-19T07:54:18+00:00\",\"dateModified\":\"2021-12-05T08:10:11+00:00\",\"description\":\"Metall auf Lager Corsica LLC - Cadmiumbarren, Kupferbarren, Kupferpulver, Nickeldraht, Selenisotop, Wolframdraht, Zinkpulver\",\"breadcrumb\":{\"@id\":\"https:\/\/corsicallc.com\/de\/metall-auf-lager\/#breadcrumb\"},\"inLanguage\":\"de-DE\",\"potentialAction\":[{\"@type\":\"ReadAction\",\"target\":[\"https:\/\/corsicallc.com\/de\/metall-auf-lager\/\"]}]},{\"@type\":\"BreadcrumbList\",\"@id\":\"https:\/\/corsicallc.com\/de\/metall-auf-lager\/#breadcrumb\",\"itemListElement\":[{\"@type\":\"ListItem\",\"position\":1,\"name\":\"Heim\",\"item\":\"https:\/\/corsicallc.com\/de\/\"},{\"@type\":\"ListItem\",\"position\":2,\"name\":\"Metall auf Lager\"}]},{\"@type\":\"WebSite\",\"@id\":\"https:\/\/corsicallc.com\/#website\",\"url\":\"https:\/\/corsicallc.com\/\",\"name\":\"Corsica LLC\",\"description\":\"Hochreine Metalle zum Verkauf\",\"publisher\":{\"@id\":\"https:\/\/corsicallc.com\/#organization\"},\"potentialAction\":[{\"@type\":\"SearchAction\",\"target\":{\"@type\":\"EntryPoint\",\"urlTemplate\":\"https:\/\/corsicallc.com\/?s={search_term_string}\"},\"query-input\":\"required name=search_term_string\"}],\"inLanguage\":\"de-DE\"},{\"@type\":\"Organization\",\"@id\":\"https:\/\/corsicallc.com\/#organization\",\"name\":\"Corsica LLC\",\"url\":\"https:\/\/corsicallc.com\/\",\"sameAs\":[],\"logo\":{\"@type\":\"ImageObject\",\"inLanguage\":\"de-DE\",\"@id\":\"https:\/\/corsicallc.com\/#\/schema\/logo\/image\/\",\"url\":\"https:\/\/corsicallc.com\/wp-content\/uploads\/2021\/11\/logo_cube_1024.jpg\",\"contentUrl\":\"https:\/\/corsicallc.com\/wp-content\/uploads\/2021\/11\/logo_cube_1024.jpg\",\"width\":1024,\"height\":1024,\"caption\":\"Corsica LLC\"},\"image\":{\"@id\":\"https:\/\/corsicallc.com\/#\/schema\/logo\/image\/\"}}]}<\/script>\n<!-- \/ Yoast SEO Premium plugin. -->","yoast_head_json":{"title":"Metall auf Lager","description":"Metall auf Lager Corsica LLC - Cadmiumbarren, Kupferbarren, Kupferpulver, Nickeldraht, Selenisotop, Wolframdraht, Zinkpulver","robots":{"index":"index","follow":"follow","max-snippet":"max-snippet:-1","max-image-preview":"max-image-preview:large","max-video-preview":"max-video-preview:-1"},"canonical":"https:\/\/corsicallc.com\/de\/metall-auf-lager\/","og_locale":"de_DE","og_type":"article","og_title":"Metall auf Lager","og_description":"Metall auf Lager Corsica LLC - Cadmiumbarren, Kupferbarren, Kupferpulver, Nickeldraht, Selenisotop, Wolframdraht, Zinkpulver","og_url":"https:\/\/corsicallc.com\/de\/metall-auf-lager\/","og_site_name":"Corsica LLC","article_modified_time":"2021-12-05T08:10:11+00:00","og_image":[{"width":825,"height":400,"url":"https:\/\/corsicallc.com\/wp-content\/uploads\/2021\/11\/metal-in-stock.jpg","type":"image\/jpeg"}],"twitter_card":"summary_large_image","twitter_misc":{"Gesch\u00e4tzte Lesezeit":"2 Minuten"},"schema":{"@context":"https:\/\/schema.org","@graph":[{"@type":"WebPage","@id":"https:\/\/corsicallc.com\/de\/metall-auf-lager\/","url":"https:\/\/corsicallc.com\/de\/metall-auf-lager\/","name":"Metall auf Lager","isPartOf":{"@id":"https:\/\/corsicallc.com\/#website"},"datePublished":"2021-11-19T07:54:18+00:00","dateModified":"2021-12-05T08:10:11+00:00","description":"Metall auf Lager Corsica LLC - Cadmiumbarren, Kupferbarren, Kupferpulver, Nickeldraht, Selenisotop, Wolframdraht, Zinkpulver","breadcrumb":{"@id":"https:\/\/corsicallc.com\/de\/metall-auf-lager\/#breadcrumb"},"inLanguage":"de-DE","potentialAction":[{"@type":"ReadAction","target":["https:\/\/corsicallc.com\/de\/metall-auf-lager\/"]}]},{"@type":"BreadcrumbList","@id":"https:\/\/corsicallc.com\/de\/metall-auf-lager\/#breadcrumb","itemListElement":[{"@type":"ListItem","position":1,"name":"Heim","item":"https:\/\/corsicallc.com\/de\/"},{"@type":"ListItem","position":2,"name":"Metall auf Lager"}]},{"@type":"WebSite","@id":"https:\/\/corsicallc.com\/#website","url":"https:\/\/corsicallc.com\/","name":"Corsica LLC","description":"Hochreine Metalle zum Verkauf","publisher":{"@id":"https:\/\/corsicallc.com\/#organization"},"potentialAction":[{"@type":"SearchAction","target":{"@type":"EntryPoint","urlTemplate":"https:\/\/corsicallc.com\/?s={search_term_string}"},"query-input":"required name=search_term_string"}],"inLanguage":"de-DE"},{"@type":"Organization","@id":"https:\/\/corsicallc.com\/#organization","name":"Corsica LLC","url":"https:\/\/corsicallc.com\/","sameAs":[],"logo":{"@type":"ImageObject","inLanguage":"de-DE","@id":"https:\/\/corsicallc.com\/#\/schema\/logo\/image\/","url":"https:\/\/corsicallc.com\/wp-content\/uploads\/2021\/11\/logo_cube_1024.jpg","contentUrl":"https:\/\/corsicallc.com\/wp-content\/uploads\/2021\/11\/logo_cube_1024.jpg","width":1024,"height":1024,"caption":"Corsica LLC"},"image":{"@id":"https:\/\/corsicallc.com\/#\/schema\/logo\/image\/"}}]}},"_links":{"self":[{"href":"https:\/\/corsicallc.com\/de\/wp-json\/wp\/v2\/pages\/7755"}],"collection":[{"href":"https:\/\/corsicallc.com\/de\/wp-json\/wp\/v2\/pages"}],"about":[{"href":"https:\/\/corsicallc.com\/de\/wp-json\/wp\/v2\/types\/page"}],"author":[{"embeddable":true,"href":"https:\/\/corsicallc.com\/de\/wp-json\/wp\/v2\/users\/1"}],"replies":[{"embeddable":true,"href":"https:\/\/corsicallc.com\/de\/wp-json\/wp\/v2\/comments?post=7755"}],"version-history":[{"count":10,"href":"https:\/\/corsicallc.com\/de\/wp-json\/wp\/v2\/pages\/7755\/revisions"}],"predecessor-version":[{"id":8693,"href":"https:\/\/corsicallc.com\/de\/wp-json\/wp\/v2\/pages\/7755\/revisions\/8693"}],"wp:featuredmedia":[{"embeddable":true,"href":"https:\/\/corsicallc.com\/de\/wp-json\/wp\/v2\/media\/7645"}],"wp:attachment":[{"href":"https:\/\/corsicallc.com\/de\/wp-json\/wp\/v2\/media?parent=7755"}],"curies":[{"name":"wp","href":"https:\/\/api.w.org\/{rel}","templated":true}]}}