{"id":7800,"date":"2021-11-22T10:10:18","date_gmt":"2021-11-22T10:10:18","guid":{"rendered":"https:\/\/corsicallc.com\/produkte-hochreine-metalle\/hochreiner-kupferbarren\/"},"modified":"2021-12-08T05:03:24","modified_gmt":"2021-12-08T05:03:24","slug":"hochreiner-kupferbarren","status":"publish","type":"page","link":"https:\/\/corsicallc.com\/de\/produkte-hochreine-metalle\/hochreiner-kupferbarren\/","title":{"rendered":"Hochreiner Kupferbarren"},"content":{"rendered":"<p>[vc_row][vc_column width=&#8221;1\/2&#8243;][vc_single_image image=&#8221;7601&#8243; img_size=&#8221;full&#8221; style=&#8221;vc_box_rounded&#8221;][stm_spacing][\/vc_column][vc_column width=&#8221;1\/2&#8243;][vc_column_text]<\/p>\n<h4>Produktspezifikation<\/h4>\n<p>Hochreiner Kupferbarren (6N)<br \/>\nDer Massenanteil von Kupfer \u2265 99,9999%<br \/>\nNat\u00fcrliche nicht radioaktive Isotope von Kupfer<br \/>\nIsotopenzusammensetzung: Cu63 &#8211; 69,09% \/ Cu65 &#8211; 30,91%[\/vc_column_text][vc_column_text]<\/p>\n<blockquote><p><a style=\"color: #333399;\" title=\"Beispiel f\u00fcr die Kosten von hochreinem Kupfer 99,9999%\" href=\"https:\/\/www.sigmaaldrich.com\/DE\/en\/product\/aldrich\/gf78535121?context=product\" target=\"_blank\">Beispiel f\u00fcr die Kosten von hochreinem Kupfer 99,9999%<\/a><\/p><\/blockquote>\n<p>[\/vc_column_text][\/vc_column][\/vc_row][vc_row][vc_column][stm_spacing lg_spacing=&#8221;30&#8243; md_spacing=&#8221;30&#8243; sm_spacing=&#8221;30&#8243; xs_spacing=&#8221;30&#8243;][vc_custom_heading text=&#8221;Merkmale des hochreinen Kupferbarrens&#8221; use_theme_fonts=&#8221;yes&#8221;][stm_spacing lg_spacing=&#8221;17&#8243; md_spacing=&#8221;17&#8243; sm_spacing=&#8221;17&#8243; xs_spacing=&#8221;17&#8243;][vc_row_inner][vc_column_inner width=&#8221;1\/2&#8243; offset=&#8221;vc_col-lg-6 vc_col-md-6&#8243;][stm_icon_box icon=&#8221;fas fa-flask&#8221; icon_size=&#8221;26&#8243; icon_color=&#8221;base&#8221; icon_bg_color=&#8221;third_bg&#8221; icon_height=&#8221;60&#8243; title=&#8221;Zusammensetzung des Kupferbarrens&#8221; title_font_size=&#8221;16&#8243; title_line_height=&#8221;22&#8243;]Hochreine Kupferbarren werden durch Schneiden von zylindrischem oder rechteckigem Guss erhalten. Daher k\u00f6nnen in den Lieferangeboten unterschiedliche Formen und Gewichte der Barren enthalten sein[\/stm_icon_box][stm_spacing lg_spacing=&#8221;0&#8243; md_spacing=&#8221;0&#8243; sm_spacing=&#8221;30&#8243; xs_spacing=&#8221;30&#8243;][\/vc_column_inner][vc_column_inner width=&#8221;1\/2&#8243; offset=&#8221;vc_col-lg-6 vc_col-md-6&#8243;][stm_icon_box icon=&#8221;fas fa-toolbox&#8221; icon_size=&#8221;26&#8243; icon_color=&#8221;base&#8221; icon_bg_color=&#8221;third_bg&#8221; icon_height=&#8221;60&#8243; title=&#8221;Produktpaket&#8221; title_font_size=&#8221;16&#8243; title_line_height=&#8221;22&#8243;]Normalerweise betr\u00e4gt das Gewicht eines Barrens 1 000 gr<br \/>\nVerpackt in Einzelbeuteln zu 20 St\u00fcck im Karton<br \/>\nEs gibt auch Barren von 1\/3\/5 kg[\/stm_icon_box][stm_spacing lg_spacing=&#8221;0&#8243; md_spacing=&#8221;0&#8243; sm_spacing=&#8221;30&#8243; xs_spacing=&#8221;30&#8243;][\/vc_column_inner][\/vc_row_inner][\/vc_column][\/vc_row][vc_row full_width=&#8221;stretch_row&#8221; el_class=&#8221;third_bg_color&#8221;][vc_column][stm_spacing lg_spacing=&#8221;33&#8243; md_spacing=&#8221;33&#8243; sm_spacing=&#8221;33&#8243; xs_spacing=&#8221;33&#8243;][vc_row_inner][vc_column_inner width=&#8221;1\/2&#8243;][vc_custom_heading text=&#8221;Finanzinstrumente&#8221; use_theme_fonts=&#8221;yes&#8221;][\/vc_column_inner][vc_column_inner width=&#8221;1\/2&#8243;][vc_column_text]Hochreiner Kupferbarren wird in der Industrie und im Finanzsektor verwendet. Als Monetarisierung, als garantierte Bankprodukte, als Sicherheitensystem und die Zuweisung und Entnahme von Geldern.[\/vc_column_text][\/vc_column_inner][\/vc_row_inner][stm_spacing md_spacing=&#8221;33&#8243; sm_spacing=&#8221;33&#8243; xs_spacing=&#8221;33&#8243;][\/vc_column][\/vc_row][vc_row][vc_column][stm_spacing lg_spacing=&#8221;30&#8243; md_spacing=&#8221;30&#8243; sm_spacing=&#8221;30&#8243; xs_spacing=&#8221;30&#8243;][vc_custom_heading text=&#8221;Produktkennungen&#8221; font_container=&#8221;tag:h3|text_align:left&#8221; use_theme_fonts=&#8221;yes&#8221;][vc_row_inner][vc_column_inner width=&#8221;1\/2&#8243;][vc_column_text]<\/p>\n<ul>\n<li>Lineare Formel: Cu<\/li>\n<li>Ordnungszahl: 29<\/li>\n<li>CAS-Nummer: 7440-50-8<\/li>\n<li>MDL-Nummer: MFCD00010965<\/li>\n<li>EG-Nr.: 231-159-6<\/li>\n<li>Lagertemperatur: Lagern bei +15\u00b0C bis +25\u00b0C<\/li>\n<li>UN: 3264<\/li>\n<li>ADR: 8, III<\/li>\n<li>Merck-Index: 13.02545<\/li>\n<\/ul>\n<p>[\/vc_column_text][\/vc_column_inner][vc_column_inner width=&#8221;1\/2&#8243;][vc_video link=&#8221;https:\/\/www.youtube.com\/embed\/WkdHZPjdGnU&#8221; image=&#8221;6474&#8243; img_size=&#8221;552&#215;320&#8243;][\/vc_column_inner][\/vc_row_inner][\/vc_column][\/vc_row][vc_row][vc_column][stm_spacing lg_spacing=&#8221;15&#8243; md_spacing=&#8221;15&#8243; sm_spacing=&#8221;15&#8243; xs_spacing=&#8221;15&#8243;][vc_custom_heading text=&#8221;Produktionsst\u00e4tten, die hochreinen Kupferbarren verwenden \u2265 99,9999%&#8221; font_container=&#8221;tag:h3|text_align:left&#8221; use_theme_fonts=&#8221;yes&#8221;][stm_spacing lg_spacing=&#8221;17&#8243; md_spacing=&#8221;17&#8243; sm_spacing=&#8221;17&#8243; xs_spacing=&#8221;17&#8243;][vc_row_inner][vc_column_inner offset=&#8221;vc_col-lg-12 vc_col-md-12&#8243;][stm_icon_box icon=&#8221;fas fa-microscope&#8221; icon_size=&#8221;26&#8243; icon_color=&#8221;base&#8221; icon_bg_color=&#8221;third_bg&#8221; icon_height=&#8221;60&#8243; title=&#8221;Application field&#8221; title_font_size=&#8221;16&#8243; title_line_height=&#8221;22&#8243;][\/stm_icon_box][vc_column_text]<\/p>\n<ul>\n<li>MIKROELEKTRONIK: ATHLON-Prozessoren, SIM-Karten, Chipsatz, Hochfrequenzkabel<\/li>\n<li>CHEMISCHE INDUSTRIE: Katalysatoren f\u00fcr chemische Reaktionen<\/li>\n<li>MASCHINENBAU: Stromkabel f\u00fcr Luftfahrt- und Automobilausr\u00fcstung, Kontaktstellen f\u00fcr energieverbrauchende Haushaltsger\u00e4te<\/li>\n<li>ATOMIC ENERGY INDUSTRY: Schutzmaterial vor breitem Strahlungsspektrum<\/li>\n<li>R\u00dcSTUNGSINDUSTRIE<\/li>\n<\/ul>\n<p>[\/vc_column_text][\/vc_column_inner][\/vc_row_inner][\/vc_column][\/vc_row][vc_row][vc_column][vc_row_inner][vc_column_inner offset=&#8221;vc_col-lg-4&#8243;][vc_custom_heading text=&#8221;Kupferbarren sind auf Lager&#8221; font_container=&#8221;tag:h4|text_align:left&#8221; use_theme_fonts=&#8221;yes&#8221; css=&#8221;.vc_custom_1636437070843{margin-bottom: 30px !important;}&#8221;][vc_single_image image=&#8221;7601&#8243; img_size=&#8221;full&#8221; style=&#8221;vc_box_rounded&#8221;][\/vc_column_inner][vc_column_inner offset=&#8221;vc_col-lg-8&#8243;][vc_custom_heading text=&#8221;Bestellen&#8221; font_container=&#8221;tag:h4|text_align:left&#8221; use_theme_fonts=&#8221;yes&#8221; css=&#8221;.vc_custom_1637312623820{margin-bottom: 30px !important;}&#8221;]<div role=\"form\" class=\"wpcf7\" id=\"wpcf7-f8541-o1\" lang=\"de-DE\" dir=\"ltr\">\n<div class=\"screen-reader-response\"><p role=\"status\" aria-live=\"polite\" aria-atomic=\"true\"><\/p> <ul><\/ul><\/div>\n<form action=\"\/de\/wp-json\/wp\/v2\/pages\/7800#wpcf7-f8541-o1\" method=\"post\" class=\"wpcf7-form init\" novalidate=\"novalidate\" data-status=\"init\">\n<div style=\"display: none;\">\n<input type=\"hidden\" name=\"_wpcf7\" value=\"8541\" \/>\n<input type=\"hidden\" name=\"_wpcf7_version\" value=\"5.6.2\" \/>\n<input type=\"hidden\" name=\"_wpcf7_locale\" value=\"de_DE\" \/>\n<input type=\"hidden\" name=\"_wpcf7_unit_tag\" value=\"wpcf7-f8541-o1\" \/>\n<input type=\"hidden\" name=\"_wpcf7_container_post\" value=\"0\" \/>\n<input type=\"hidden\" name=\"_wpcf7_posted_data_hash\" value=\"\" \/>\n<input type=\"hidden\" name=\"_wpcf7_recaptcha_response\" value=\"\" \/>\n<\/div>\n<div class=\"request_callback\">\n<div class=\"row\" style=\"margin: 0 -13px;\">\n<div class=\"col-lg-6 col-md-6 col-sm-6 col-xs-12\">\n<div class=\"input-group\">\n                <span class=\"wpcf7-form-control-wrap\" data-name=\"text-name\"><input type=\"text\" name=\"text-name\" value=\"\" size=\"40\" class=\"wpcf7-form-control wpcf7-text wpcf7-validates-as-required\" aria-required=\"true\" aria-invalid=\"false\" placeholder=\"Vorname *\" \/><\/span>\n            <\/div>\n<div class=\"input-group\">\n                <span class=\"wpcf7-form-control-wrap\" data-name=\"email\"><input type=\"email\" name=\"email\" value=\"\" size=\"40\" class=\"wpcf7-form-control wpcf7-text wpcf7-email wpcf7-validates-as-required wpcf7-validates-as-email\" aria-required=\"true\" aria-invalid=\"false\" placeholder=\"Email *\" \/><\/span>\n            <\/div>\n<div class=\"input-group\">\n                <span class=\"wpcf7-form-control-wrap\" data-name=\"phone\"><input type=\"tel\" name=\"phone\" value=\"\" size=\"40\" class=\"wpcf7-form-control wpcf7-text wpcf7-tel wpcf7-validates-as-required wpcf7-validates-as-tel\" aria-required=\"true\" aria-invalid=\"false\" placeholder=\"Telefon *\" \/><\/span>\n            <\/div>\n<\/div>\n<div class=\"col-lg-6 col-md-6 col-sm-6 col-xs-12\">\n<div class=\"input-group\">\n                <span class=\"wpcf7-form-control-wrap\" data-name=\"message\"><textarea name=\"message\" cols=\"40\" rows=\"10\" class=\"wpcf7-form-control wpcf7-textarea wpcf7-validates-as-required\" aria-required=\"true\" aria-invalid=\"false\" placeholder=\"Ihre Nachricht *\"><\/textarea><\/span>\n            <\/div>\n<div class=\"input-group\">\n                <button type=\"submit\" class=\"button size-lg icon_right\">Einreichen <i class=\"fa fa-chevron-right\"><\/i><\/button>\n            <\/div>\n<\/div>\n<\/div>\n<\/div>\n<div class=\"wpcf7-response-output\" aria-hidden=\"true\"><\/div><\/form><\/div>[\/vc_column_inner][\/vc_row_inner][stm_spacing lg_spacing=&#8221;45&#8243; md_spacing=&#8221;45&#8243; sm_spacing=&#8221;45&#8243; xs_spacing=&#8221;30&#8243;][\/vc_column][\/vc_row][vc_row full_width=&#8221;stretch_row&#8221; css=&#8221;.vc_custom_1574751973770{background-color: #f2f4fa !important;}&#8221;][vc_column][stm_spacing lg_spacing=&#8221;45&#8243; md_spacing=&#8221;45&#8243; sm_spacing=&#8221;45&#8243; xs_spacing=&#8221;30&#8243;][vc_custom_heading text=&#8221;Unsere Produkte&#8221; font_container=&#8221;tag:h2|text_align:center&#8221; use_theme_fonts=&#8221;yes&#8221;][vc_row_inner][vc_column_inner width=&#8221;1\/6&#8243;][\/vc_column_inner][vc_column_inner width=&#8221;2\/3&#8243;][vc_column_text]<\/p>\n<p style=\"text-align: center;\">Unsere Produkte sind hochreine Metalle, die immer auf Lager sind.<\/p>\n<p>[\/vc_column_text][stm_spacing lg_spacing=&#8221;30&#8243; md_spacing=&#8221;30&#8243; sm_spacing=&#8221;30&#8243; xs_spacing=&#8221;30&#8243;][\/vc_column_inner][vc_column_inner width=&#8221;1\/6&#8243;][\/vc_column_inner][\/vc_row_inner][stm_news loop=&#8221;size:3|order_by:rand|post_type:page|by_id:6972,6970,6896&#8243; view_style=&#8221;style_5&#8243;][\/vc_column][\/vc_row][vc_row][vc_column][stm_spacing lg_spacing=&#8221;50&#8243; md_spacing=&#8221;30&#8243; sm_spacing=&#8221;20&#8243; xs_spacing=&#8221;10&#8243;][stm_image_carousel grayscale=&#8221;yes&#8221; autoplay=&#8221;yes&#8221; timeout=&#8221;2000&#8243; loop=&#8221;yes&#8221; items_mobile=&#8221;3&#8243; images=&#8221;6936,6935,6939,6944,6965,6966&#8243;][stm_spacing lg_spacing=&#8221;50&#8243; md_spacing=&#8221;30&#8243; sm_spacing=&#8221;20&#8243; xs_spacing=&#8221;10&#8243;][\/vc_column][\/vc_row][vc_row full_width=&#8221;stretch_row&#8221; css=&#8221;.vc_custom_1459505959648{margin-bottom: -60px !important;}&#8221; el_class=&#8221;third_bg_color&#8221;][vc_column][vc_column_text][vc_cta h2=\"Sie ben\u00f6tigen eine kompetente Beratung beim Metallkauf?\" h2_font_container=\"tag:h2|font_size:20px|text_align:left|color:%23002e5b|line_height:24px\" h2_use_theme_fonts=\"yes\" shape=\"square\" style=\"flat\" add_button=\"right\" btn_title=\"fragen stellen\" btn_style=\"flat\" btn_color=\"theme_style_2\" btn_size=\"lg\" btn_align=\"right\" btn_i_align=\"right\" btn_i_icon_fontawesome=\"fa fa-chevron-right\" particles=\"yes\" use_custom_fonts_h2=\"true\" btn_add_icon=\"true\" btn_link=\"url:%23contact_form_pop||\" el_class=\"third_bg_color\" btn_el_class=\"\"][\/vc_cta]\r\n<div class=\"fancybox-hidden\" style=\"display: none;\">\r\n<div id=\"contact_form_pop\"><div role=\"form\" class=\"wpcf7\" id=\"wpcf7-f8524-o2\" lang=\"de-DE\" dir=\"ltr\">\n<div class=\"screen-reader-response\"><p role=\"status\" aria-live=\"polite\" aria-atomic=\"true\"><\/p> <ul><\/ul><\/div>\n<form action=\"\/de\/wp-json\/wp\/v2\/pages\/7800#wpcf7-f8524-o2\" method=\"post\" class=\"wpcf7-form init\" novalidate=\"novalidate\" data-status=\"init\">\n<div style=\"display: none;\">\n<input type=\"hidden\" name=\"_wpcf7\" value=\"8524\" \/>\n<input type=\"hidden\" name=\"_wpcf7_version\" value=\"5.6.2\" \/>\n<input type=\"hidden\" name=\"_wpcf7_locale\" value=\"de_DE\" \/>\n<input type=\"hidden\" name=\"_wpcf7_unit_tag\" value=\"wpcf7-f8524-o2\" \/>\n<input type=\"hidden\" name=\"_wpcf7_container_post\" value=\"0\" \/>\n<input type=\"hidden\" name=\"_wpcf7_posted_data_hash\" value=\"\" \/>\n<input type=\"hidden\" name=\"_wpcf7_recaptcha_response\" value=\"\" \/>\n<\/div>\n<div class=\"request_callback\">\n<div class=\"row\" style=\"margin: 0 -13px;\">\n<div class=\"col-lg-12 col-md-12 col-sm-12 col-xs-12\">\n<div class=\"input-group\">\n                <span class=\"wpcf7-form-control-wrap\" data-name=\"text-name\"><input type=\"text\" name=\"text-name\" value=\"\" size=\"40\" maxlength=\"50\" class=\"wpcf7-form-control wpcf7-text wpcf7-validates-as-required\" aria-required=\"true\" aria-invalid=\"false\" placeholder=\"Dein Name *\" \/><\/span>\n            <\/div>\n<div class=\"input-group\">\n                <span class=\"wpcf7-form-control-wrap\" data-name=\"your-email\"><input type=\"email\" name=\"your-email\" value=\"\" size=\"40\" class=\"wpcf7-form-control wpcf7-text wpcf7-email wpcf7-validates-as-required wpcf7-validates-as-email\" aria-required=\"true\" aria-invalid=\"false\" placeholder=\"Deine Email *\" \/><\/span>\n            <\/div>\n<div class=\"input-group\">\n                <span class=\"wpcf7-form-control-wrap\" data-name=\"tel-117\"><input type=\"tel\" name=\"tel-117\" value=\"\" size=\"40\" class=\"wpcf7-form-control wpcf7-text wpcf7-tel wpcf7-validates-as-required wpcf7-validates-as-tel\" aria-required=\"true\" aria-invalid=\"false\" placeholder=\"Telefon *\" \/><\/span>\n            <\/div>\n<div class=\"input-group\">\n                <span class=\"wpcf7-form-control-wrap\" data-name=\"your-message\"><textarea name=\"your-message\" cols=\"40\" rows=\"10\" class=\"wpcf7-form-control wpcf7-textarea wpcf7-validates-as-required\" aria-required=\"true\" aria-invalid=\"false\" placeholder=\"Ihre Nachricht *\"><\/textarea><\/span>\n            <\/div>\n<div class=\"input-group\">\n                <button type=\"submit\" class=\"button size-lg icon_right\">Senden <i class=\"fa fa-chevron-right\"><\/i><\/button>\n            <\/div>\n<\/div>\n<\/div>\n<\/div>\n<div class=\"wpcf7-response-output\" aria-hidden=\"true\"><\/div><\/form><\/div><\/div>\r\n<\/div>[\/vc_column_text][\/vc_column][\/vc_row]<\/p>\n","protected":false},"excerpt":{"rendered":"<p>[vc_row][vc_column width=&#8221;1\/2&#8243;][vc_single_image image=&#8221;7601&#8243; img_size=&#8221;full&#8221; style=&#8221;vc_box_rounded&#8221;][stm_spacing][\/vc_column][vc_column width=&#8221;1\/2&#8243;][vc_column_text] Produktspezifikation Hochreiner Kupferbarren (6N) Der Massenanteil von Kupfer \u2265 99,9999% Nat\u00fcrliche nicht radioaktive Isotope von Kupfer Isotopenzusammensetzung: Cu63 &#8211; 69,09% \/ Cu65 &#8211; 30,91%[\/vc_column_text][vc_column_text] Beispiel f\u00fcr die Kosten von hochreinem Kupfer 99,9999% [\/vc_column_text][\/vc_column][\/vc_row][vc_row][vc_column][stm_spacing lg_spacing=&#8221;30&#8243; md_spacing=&#8221;30&#8243; sm_spacing=&#8221;30&#8243; xs_spacing=&#8221;30&#8243;][vc_custom_heading text=&#8221;Merkmale des hochreinen Kupferbarrens&#8221; use_theme_fonts=&#8221;yes&#8221;][stm_spacing lg_spacing=&#8221;17&#8243; md_spacing=&#8221;17&#8243; sm_spacing=&#8221;17&#8243; xs_spacing=&#8221;17&#8243;][vc_row_inner][vc_column_inner width=&#8221;1\/2&#8243; offset=&#8221;vc_col-lg-6 vc_col-md-6&#8243;][stm_icon_box<\/p>\n","protected":false},"author":1,"featured_media":7601,"parent":7695,"menu_order":3,"comment_status":"closed","ping_status":"closed","template":"","meta":[],"yoast_head":"<!-- This site is optimized with the Yoast SEO Premium plugin v19.0 (Yoast SEO v19.5.1) - https:\/\/yoast.com\/wordpress\/plugins\/seo\/ -->\n<title>Hochreiner Kupferbarren<\/title>\n<meta name=\"description\" content=\"Verkauf von zylindrischen oder rechteckigen Barren (6N) aus hochreinem Kupfer in einzelnen Beuteln, \u2265 99,9999%. Jetzt kaufen Kupferpulverbarren\" \/>\n<meta name=\"robots\" content=\"index, follow, max-snippet:-1, max-image-preview:large, max-video-preview:-1\" \/>\n<link rel=\"canonical\" href=\"https:\/\/corsicallc.com\/de\/produkte-hochreine-metalle\/hochreiner-kupferbarren\/\" \/>\n<meta property=\"og:locale\" content=\"de_DE\" \/>\n<meta property=\"og:type\" content=\"article\" \/>\n<meta property=\"og:title\" content=\"Hochreiner Kupferbarren\" \/>\n<meta property=\"og:description\" content=\"Verkauf von zylindrischen oder rechteckigen Barren (6N) aus hochreinem Kupfer in einzelnen Beuteln, \u2265 99,9999%. Jetzt kaufen Kupferpulverbarren\" \/>\n<meta property=\"og:url\" content=\"https:\/\/corsicallc.com\/de\/produkte-hochreine-metalle\/hochreiner-kupferbarren\/\" \/>\n<meta property=\"og:site_name\" content=\"Corsica LLC\" \/>\n<meta property=\"article:modified_time\" content=\"2021-12-08T05:03:24+00:00\" \/>\n<meta property=\"og:image\" content=\"https:\/\/corsicallc.com\/wp-content\/uploads\/2021\/09\/high-purity-copper-ingot.jpg\" \/>\n\t<meta property=\"og:image:width\" content=\"845\" \/>\n\t<meta property=\"og:image:height\" content=\"465\" \/>\n\t<meta property=\"og:image:type\" content=\"image\/jpeg\" \/>\n<meta name=\"twitter:card\" content=\"summary_large_image\" \/>\n<meta name=\"twitter:label1\" content=\"Gesch\u00e4tzte Lesezeit\" \/>\n\t<meta name=\"twitter:data1\" content=\"2 Minuten\" \/>\n<script type=\"application\/ld+json\" class=\"yoast-schema-graph\">{\"@context\":\"https:\/\/schema.org\",\"@graph\":[{\"@type\":\"WebPage\",\"@id\":\"https:\/\/corsicallc.com\/de\/produkte-hochreine-metalle\/hochreiner-kupferbarren\/\",\"url\":\"https:\/\/corsicallc.com\/de\/produkte-hochreine-metalle\/hochreiner-kupferbarren\/\",\"name\":\"Hochreiner Kupferbarren\",\"isPartOf\":{\"@id\":\"https:\/\/corsicallc.com\/#website\"},\"datePublished\":\"2021-11-22T10:10:18+00:00\",\"dateModified\":\"2021-12-08T05:03:24+00:00\",\"description\":\"Verkauf von zylindrischen oder rechteckigen Barren (6N) aus hochreinem Kupfer in einzelnen Beuteln, \u2265 99,9999%. Jetzt kaufen Kupferpulverbarren\",\"breadcrumb\":{\"@id\":\"https:\/\/corsicallc.com\/de\/produkte-hochreine-metalle\/hochreiner-kupferbarren\/#breadcrumb\"},\"inLanguage\":\"de-DE\",\"potentialAction\":[{\"@type\":\"ReadAction\",\"target\":[\"https:\/\/corsicallc.com\/de\/produkte-hochreine-metalle\/hochreiner-kupferbarren\/\"]}]},{\"@type\":\"BreadcrumbList\",\"@id\":\"https:\/\/corsicallc.com\/de\/produkte-hochreine-metalle\/hochreiner-kupferbarren\/#breadcrumb\",\"itemListElement\":[{\"@type\":\"ListItem\",\"position\":1,\"name\":\"Heim\",\"item\":\"https:\/\/corsicallc.com\/de\/\"},{\"@type\":\"ListItem\",\"position\":2,\"name\":\"Produkte \u2013 Hochreine Metalle\",\"item\":\"https:\/\/corsicallc.com\/de\/produkte-hochreine-metalle\/\"},{\"@type\":\"ListItem\",\"position\":3,\"name\":\"Hochreiner Kupferbarren\"}]},{\"@type\":\"WebSite\",\"@id\":\"https:\/\/corsicallc.com\/#website\",\"url\":\"https:\/\/corsicallc.com\/\",\"name\":\"Corsica LLC\",\"description\":\"Hochreine Metalle zum Verkauf\",\"publisher\":{\"@id\":\"https:\/\/corsicallc.com\/#organization\"},\"potentialAction\":[{\"@type\":\"SearchAction\",\"target\":{\"@type\":\"EntryPoint\",\"urlTemplate\":\"https:\/\/corsicallc.com\/?s={search_term_string}\"},\"query-input\":\"required name=search_term_string\"}],\"inLanguage\":\"de-DE\"},{\"@type\":\"Organization\",\"@id\":\"https:\/\/corsicallc.com\/#organization\",\"name\":\"Corsica LLC\",\"url\":\"https:\/\/corsicallc.com\/\",\"sameAs\":[],\"logo\":{\"@type\":\"ImageObject\",\"inLanguage\":\"de-DE\",\"@id\":\"https:\/\/corsicallc.com\/#\/schema\/logo\/image\/\",\"url\":\"https:\/\/corsicallc.com\/wp-content\/uploads\/2021\/11\/logo_cube_1024.jpg\",\"contentUrl\":\"https:\/\/corsicallc.com\/wp-content\/uploads\/2021\/11\/logo_cube_1024.jpg\",\"width\":1024,\"height\":1024,\"caption\":\"Corsica LLC\"},\"image\":{\"@id\":\"https:\/\/corsicallc.com\/#\/schema\/logo\/image\/\"}}]}<\/script>\n<!-- \/ Yoast SEO Premium plugin. -->","yoast_head_json":{"title":"Hochreiner Kupferbarren","description":"Verkauf von zylindrischen oder rechteckigen Barren (6N) aus hochreinem Kupfer in einzelnen Beuteln, \u2265 99,9999%. Jetzt kaufen Kupferpulverbarren","robots":{"index":"index","follow":"follow","max-snippet":"max-snippet:-1","max-image-preview":"max-image-preview:large","max-video-preview":"max-video-preview:-1"},"canonical":"https:\/\/corsicallc.com\/de\/produkte-hochreine-metalle\/hochreiner-kupferbarren\/","og_locale":"de_DE","og_type":"article","og_title":"Hochreiner Kupferbarren","og_description":"Verkauf von zylindrischen oder rechteckigen Barren (6N) aus hochreinem Kupfer in einzelnen Beuteln, \u2265 99,9999%. Jetzt kaufen Kupferpulverbarren","og_url":"https:\/\/corsicallc.com\/de\/produkte-hochreine-metalle\/hochreiner-kupferbarren\/","og_site_name":"Corsica LLC","article_modified_time":"2021-12-08T05:03:24+00:00","og_image":[{"width":845,"height":465,"url":"https:\/\/corsicallc.com\/wp-content\/uploads\/2021\/09\/high-purity-copper-ingot.jpg","type":"image\/jpeg"}],"twitter_card":"summary_large_image","twitter_misc":{"Gesch\u00e4tzte Lesezeit":"2 Minuten"},"schema":{"@context":"https:\/\/schema.org","@graph":[{"@type":"WebPage","@id":"https:\/\/corsicallc.com\/de\/produkte-hochreine-metalle\/hochreiner-kupferbarren\/","url":"https:\/\/corsicallc.com\/de\/produkte-hochreine-metalle\/hochreiner-kupferbarren\/","name":"Hochreiner Kupferbarren","isPartOf":{"@id":"https:\/\/corsicallc.com\/#website"},"datePublished":"2021-11-22T10:10:18+00:00","dateModified":"2021-12-08T05:03:24+00:00","description":"Verkauf von zylindrischen oder rechteckigen Barren (6N) aus hochreinem Kupfer in einzelnen Beuteln, \u2265 99,9999%. Jetzt kaufen Kupferpulverbarren","breadcrumb":{"@id":"https:\/\/corsicallc.com\/de\/produkte-hochreine-metalle\/hochreiner-kupferbarren\/#breadcrumb"},"inLanguage":"de-DE","potentialAction":[{"@type":"ReadAction","target":["https:\/\/corsicallc.com\/de\/produkte-hochreine-metalle\/hochreiner-kupferbarren\/"]}]},{"@type":"BreadcrumbList","@id":"https:\/\/corsicallc.com\/de\/produkte-hochreine-metalle\/hochreiner-kupferbarren\/#breadcrumb","itemListElement":[{"@type":"ListItem","position":1,"name":"Heim","item":"https:\/\/corsicallc.com\/de\/"},{"@type":"ListItem","position":2,"name":"Produkte \u2013 Hochreine Metalle","item":"https:\/\/corsicallc.com\/de\/produkte-hochreine-metalle\/"},{"@type":"ListItem","position":3,"name":"Hochreiner Kupferbarren"}]},{"@type":"WebSite","@id":"https:\/\/corsicallc.com\/#website","url":"https:\/\/corsicallc.com\/","name":"Corsica LLC","description":"Hochreine Metalle zum Verkauf","publisher":{"@id":"https:\/\/corsicallc.com\/#organization"},"potentialAction":[{"@type":"SearchAction","target":{"@type":"EntryPoint","urlTemplate":"https:\/\/corsicallc.com\/?s={search_term_string}"},"query-input":"required name=search_term_string"}],"inLanguage":"de-DE"},{"@type":"Organization","@id":"https:\/\/corsicallc.com\/#organization","name":"Corsica LLC","url":"https:\/\/corsicallc.com\/","sameAs":[],"logo":{"@type":"ImageObject","inLanguage":"de-DE","@id":"https:\/\/corsicallc.com\/#\/schema\/logo\/image\/","url":"https:\/\/corsicallc.com\/wp-content\/uploads\/2021\/11\/logo_cube_1024.jpg","contentUrl":"https:\/\/corsicallc.com\/wp-content\/uploads\/2021\/11\/logo_cube_1024.jpg","width":1024,"height":1024,"caption":"Corsica LLC"},"image":{"@id":"https:\/\/corsicallc.com\/#\/schema\/logo\/image\/"}}]}},"_links":{"self":[{"href":"https:\/\/corsicallc.com\/de\/wp-json\/wp\/v2\/pages\/7800"}],"collection":[{"href":"https:\/\/corsicallc.com\/de\/wp-json\/wp\/v2\/pages"}],"about":[{"href":"https:\/\/corsicallc.com\/de\/wp-json\/wp\/v2\/types\/page"}],"author":[{"embeddable":true,"href":"https:\/\/corsicallc.com\/de\/wp-json\/wp\/v2\/users\/1"}],"replies":[{"embeddable":true,"href":"https:\/\/corsicallc.com\/de\/wp-json\/wp\/v2\/comments?post=7800"}],"version-history":[{"count":17,"href":"https:\/\/corsicallc.com\/de\/wp-json\/wp\/v2\/pages\/7800\/revisions"}],"predecessor-version":[{"id":8735,"href":"https:\/\/corsicallc.com\/de\/wp-json\/wp\/v2\/pages\/7800\/revisions\/8735"}],"up":[{"embeddable":true,"href":"https:\/\/corsicallc.com\/de\/wp-json\/wp\/v2\/pages\/7695"}],"wp:featuredmedia":[{"embeddable":true,"href":"https:\/\/corsicallc.com\/de\/wp-json\/wp\/v2\/media\/7601"}],"wp:attachment":[{"href":"https:\/\/corsicallc.com\/de\/wp-json\/wp\/v2\/media?parent=7800"}],"curies":[{"name":"wp","href":"https:\/\/api.w.org\/{rel}","templated":true}]}}