{"id":7822,"date":"2021-11-22T11:17:02","date_gmt":"2021-11-22T11:17:02","guid":{"rendered":"https:\/\/corsicallc.com\/artikel\/seltene-erdvorkommen\/"},"modified":"2021-12-04T11:04:41","modified_gmt":"2021-12-04T11:04:41","slug":"seltene-erdvorkommen","status":"publish","type":"page","link":"https:\/\/corsicallc.com\/de\/artikel\/seltene-erdvorkommen\/","title":{"rendered":"Seltene Erdvorkommen"},"content":{"rendered":"<p>[vc_row][vc_column offset=&#8221;vc_col-lg-9 vc_col-md-9&#8243;][vc_single_image image=&#8221;7631&#8243; img_size=&#8221;stm-image-1110&#215;550-croped&#8221; alignment=&#8221;center&#8221; css=&#8221;.vc_custom_1634977570376{margin-bottom: 45px !important;}&#8221;][vc_custom_heading text=&#8221;Was sind Seltene Erden-Elemente?&#8221; font_container=&#8221;tag:h2|font_size:28|text_align:left&#8221; use_theme_fonts=&#8221;yes&#8221;][vc_column_text css=&#8221;.vc_custom_1634303389517{margin-bottom: 25px !important;}&#8221;]Seltenerdelemente (abgek\u00fcrzt SEE, SE &#8211; deutsch \/ REE, TR, REE, REM &#8211; englisch) sind eine Gruppe von 17 Elementen, darunter Scandium, Yttrium, Lanthan und Lanthanide (Cer, Praseodym, Neodym, Promethium, Samarium, Europium, Gadolinium, Terbium, Dysprosium, Holmium, Erbium , Thulium, Ytterbium, Lutetium).<\/p>\n<p>Seltenerdelemente weisen eine gro\u00dfe \u00c4hnlichkeit zwischen chemischen und einigen physikalischen Eigenschaften auf, was durch die fast identische Struktur der \u00e4u\u00dferen elektronischen Ebenen ihrer Atome erkl\u00e4rt wird. Alle von ihnen sind silbrig-wei\u00dfe Metalle, w\u00e4hrend alle \u00e4hnliche chemische Eigenschaften haben (der charakteristischste Oxidationsgrad ist +3). Seltenerdelemente sind Metalle, sie werden durch Reduktion der entsprechenden Oxide, Fluoride, Elektrolyse wasserfreier Salze und andere Methoden gewonnen.<\/p>\n<p>Nach ihren chemischen Eigenschaften und ihrer gemeinsamen Pr\u00e4senz in der Natur werden sie in Untergruppen eingeteilt:<\/p>\n<ul>\n<li>Yttrium (Y, La, Gd &#8211; Lu)<\/li>\n<li>Cer (CE &#8211; Eu)<\/li>\n<\/ul>\n<p>Nach der Atommasse werden Lanthanoide unterteilt in:<\/p>\n<ul>\n<li>light (CE &#8211; Eu)<\/li>\n<li>schwer (GD &#8211; Lu)<\/li>\n<\/ul>\n<p>Der Name &#8220;seltene Erde&#8221; (von lat. terrae rarae &#8211; &#8220;seltene Erden&#8221;) Es wurde aufgrund der Tatsache gegeben, dass es sich um:<br \/>\nrelativ selten in der Erdkruste (Gehalt (1,6-1,7)\u22c510-2 % Gew.)<br \/>\nbilden feuerfeste, in Wasser praktisch unl\u00f6sliche Oxide (solche Oxide wurden zu Beginn des 19. Jahrhunderts und fr\u00fcher &#8220;Erden&#8221; genannt).<\/p>\n<p>Der Name &#8220;Seltene Erden&#8221; wurde historisch am Ende des 18. &#8211; Anfang des 19. Jahrhunderts gebildet, als f\u00e4lschlicherweise angenommen wurde, dass Mineralien Elemente von zwei Unterfamilien enthalten &#8211; Cer (leicht &#8211; La, Ce, Rg, Nd, Sm, Eu) und Yttrium (schwer &#8211; Y, Gd, Tb, Dy, Ho, Er, Tm, Yb, Lu) &#8211; kommen in der Erdkruste selten vor. In Bezug auf die Rohstoffreserven sind Seltene Erden jedoch nicht selten, in ihrer Gesamtpr\u00e4valenz \u00fcbersteigen sie Blei um das 10-fache, Molybd\u00e4n um das 50-fache, Wolfram um das 165-fache.<\/p>\n<p>In der modernen wissenschaftlichen Literatur akzeptierte Abk\u00fcrzungen:<\/p>\n<ul>\n<li>TR &#8211; Lat. Terrae rarae<\/li>\n<li>REE &#8211; Englisches &#8220;Rare-earth element&#8221;<\/li>\n<li>REM &#8211; Englisches &#8220;Rare-earth metal&#8221;<\/li>\n<li>REE &#8211; English &#8220;Rare Earth elements&#8221; (Seltene Erden-Elemente)<\/li>\n<\/ul>\n<p>1794 entdeckte der finnische Chemiker Johan Gadolin bei der Untersuchung von Erzproben in der N\u00e4he der schwedischen Stadt Ytterby (sp\u00e4ter wurden die Seltenerdelemente Yttrium, Terbium, Erbium und Ytterbium nach diesem Dorf benannt) eine bisher unbekannte &#8220;Seltene Erde&#8221;, die er Yttrium nannte nach dem Fundort.<\/p>\n<p>Sp\u00e4ter teilte der deutsche Chemiker Martin Klaproth diese Proben in zwei &#8220;Erden&#8221;, f\u00fcr die er den Namen Yttrium belie\u00df, und nannte die andere Cer (zu Ehren des 1801 entdeckten Kleinplaneten Ceres, der wiederum seinen Namen erhielt) nach der antiken r\u00f6mischen G\u00f6ttin Ceres).<\/p>\n<p>Wenig sp\u00e4ter konnte der schwedische Wissenschaftler Karl Mosander mehrere weitere &#8220;L\u00e4nder&#8221; aus derselben Probe isolieren. Alle stellten sich als Oxide neuer Elemente heraus, die als seltene Erden bezeichnet werden. Aufgrund der Komplexit\u00e4t der Abtrennung von Oxiden gab es Dutzende von Falschmeldungen \u00fcber die Entdeckung neuer Seltenerdelemente. Bis 1907 hatten Chemiker zusammen nur 16 solcher Elemente entdeckt und identifiziert. Basierend auf der Untersuchung der R\u00f6ntgeneigenschaften wurden allen Elementen au\u00dfer 61 die Ordnungszahlen 21 (Scandium), 39 (Yttrium) und von 57 (Lanthan) bis 71 (Lutetium) zugeordnet.[\/vc_column_text][vc_custom_heading text=&#8221;Klassifizierung von Seltenerdelementen&#8221; font_container=&#8221;tag:h3|text_align:left&#8221; use_theme_fonts=&#8221;yes&#8221;][vc_column_text css=&#8221;.vc_custom_1634304187774{margin-bottom: 25px !important;}&#8221;]In aufsteigendem Atomgewicht sind sie wie folgt angeordnet:<\/p>\n<p><a title=\"Scandium\" href=\"https:\/\/corsicallc.com\/de\/seltenerdmetalle\/scandium\/\" rel=\"\">21 Sc Scandium<\/a> zu Ehren Skandinaviens<br \/>\n<a title=\"Yttrium\" href=\"https:\/\/corsicallc.com\/de\/seltenerdmetalle\/yttrium\/\" rel=\"\">39 Y Yttrium<\/a> zu Ehren des schwedischen Dorfes Ytterby<br \/>\n<a title=\"Lanthan\" href=\"https:\/\/corsicallc.com\/de\/seltenerdmetalle\/lanthan\/\" rel=\"\">57 La Lanthan<\/a> aus dem Griechischen. &#8220;geheimnisvoll&#8221;<br \/>\n<a title=\"Cer\" href=\"https:\/\/corsicallc.com\/de\/seltenerdmetalle\/cer\/\" rel=\"\">58 Ce Cer<\/a> zu Ehren des Kleinplaneten Ceres, wiederum benannt nach der G\u00f6ttin Ceres<br \/>\n<a title=\"Praseodym\" href=\"https:\/\/corsicallc.com\/de\/seltenerdmetalle\/praseodym\/\" rel=\"\">59 Pr Praseodym<\/a> aus dem Griechischen. &#8220;gr\u00fcner Zwilling&#8221;, wegen der gr\u00fcnen Linie im Spektrum<br \/>\n<a title=\"Neodym\" href=\"https:\/\/corsicallc.com\/de\/seltenerdmetalle\/neodym\/\" rel=\"\">60 Nd Neodym<\/a> aus dem Griechischen. &#8220;der neue Zwilling&#8221;<br \/>\n<a title=\"Promethium\" href=\"https:\/\/corsicallc.com\/de\/seltenerdmetalle\/promethium\/\" rel=\"\">61 Pm Promethium<\/a> im Namen des mythischen Helden Prometheus, der das Feuer von Zeus stahl und es den Menschen gab<br \/>\n<a title=\"Samarium\" href=\"https:\/\/corsicallc.com\/de\/seltenerdmetalle\/samarium\/\" rel=\"\">62 Sm Samarium<\/a> namens des Minerals Samarskit, in dem es entdeckt wurde<br \/>\n<a title=\"Europium\" href=\"https:\/\/corsicallc.com\/de\/seltenerdmetalle\/europium\/\" rel=\"\">63 Eu Europium<\/a> zu Ehren Europas<br \/>\n<a title=\"Gadolinium\" href=\"https:\/\/corsicallc.com\/de\/seltenerdmetalle\/gadolinium\/\" rel=\"\">64 Gd Gadolinium<\/a> zu Ehren von Johan Gadolin<br \/>\n<a title=\"Terbium\" href=\"https:\/\/corsicallc.com\/de\/seltenerdmetalle\/terbium\/\" rel=\"\">65 Tb Terbium<\/a> zu Ehren des schwedischen Dorfes Ytterby<br \/>\n<a title=\"Dysprosium\" href=\"https:\/\/corsicallc.com\/de\/seltenerdmetalle\/dysprosium\/\" rel=\"\">66 Dy Dysprosium<\/a> aus dem Griechischen. &#8220;schwer zu erreichen&#8221;<br \/>\n<a title=\"Holmium\" href=\"https:\/\/corsicallc.com\/de\/seltenerdmetalle\/holmium\/\" rel=\"\">67 Ho Holmium<\/a> zu Ehren von Stockholm<br \/>\n<a title=\"Erbium\" href=\"https:\/\/corsicallc.com\/de\/seltenerdmetalle\/erbium\/\" rel=\"\">68 Er Erbium<\/a> zu Ehren des schwedischen Dorfes Ytterby<br \/>\n<a title=\"Thulium\" href=\"https:\/\/corsicallc.com\/de\/seltenerdmetalle\/thulium\/\" rel=\"\">69 Tm Thulium<\/a> vom alten Namen Skandinavien<br \/>\n<a title=\"Ytterbium\" href=\"https:\/\/corsicallc.com\/de\/seltenerdmetalle\/ytterbium\/\" rel=\"\">70 Yb Ytterbium<\/a> zu Ehren des schwedischen Dorfes Ytterby<br \/>\n<a title=\"Lutetium\" href=\"https:\/\/corsicallc.com\/de\/seltenerdmetalle\/lutetium\/\" rel=\"\">71 Lu Lutetium<\/a> aus dem antiken r\u00f6mischen Namen Paris<\/p>\n<p>Anfangs war die Zellnummer 61 leer, sp\u00e4ter nahm Promethium, isoliert aus Uranspaltprodukten und als 17. Mitglied dieser Familie, diesen Platz ein.[\/vc_column_text][\/vc_column][vc_column width=&#8221;1\/4&#8243; offset=&#8221;vc_hidden-sm vc_hidden-xs&#8221;][stm_sidebar sidebar=&#8221;577&#8243;][\/vc_column][\/vc_row][vc_row css=&#8221;.vc_custom_1634297529524{margin-top: 30px !important;margin-bottom: 50px !important;}&#8221;][vc_column offset=&#8221;vc_col-lg-12 vc_col-md-12&#8243;][vc_row_inner][vc_column_inner][vc_custom_heading text=&#8221;Produkte &#8211; Hochreine Metalle&#8221; font_container=&#8221;tag:h3|text_align:center&#8221; use_theme_fonts=&#8221;yes&#8221; css=&#8221;.vc_custom_1633062669766{margin-bottom: 31px !important;}&#8221; link=&#8221;url:https%3A%2F%2Fcorsicallc.com%2Fde%2Fprodukte-hochreine-metalle%2F|title:Produkte%20-%20Hochreine%20Metalle|&#8221;][vc_column_text css=&#8221;.vc_custom_1633062709493{margin-bottom: 25px !important;}&#8221;]<\/p>\n<p style=\"text-align: center;\">Unsere Produkte sind hochreine Metalle, die immer auf Lager sind<\/p>\n<p>[\/vc_column_text][\/vc_column_inner][\/vc_row_inner][vc_row_inner css=&#8221;.vc_custom_1634114126724{background-color: #f2f4fa !important;}&#8221;][vc_column_inner width=&#8221;1\/2&#8243; offset=&#8221;vc_col-lg-3 vc_col-md-3&#8243;][stm_spacing lg_spacing=&#8221;30&#8243; md_spacing=&#8221;30&#8243; sm_spacing=&#8221;30&#8243; xs_spacing=&#8221;30&#8243;][stm_animation_block animation=&#8221;fadeInUp&#8221; animation_duration=&#8221;0.3&#8243; animation_delay=&#8221;0&#8243;][stm_info_box style=&#8221;style_4&#8243; title=&#8221;Nickeldraht&#8221; image=&#8221;6898&#8243; link=&#8221;url:%2Fhigh-purity-metals%2Fnickel-wire%2F|title:Nickel%20Wire&#8221;]Hochreiner Nickeldraht silberwei\u00df 0,025 mm (0,001 in) Durchmesser, 99,78-99,99%[\/stm_info_box][\/stm_animation_block][stm_spacing lg_spacing=&#8221;0&#8243; md_spacing=&#8221;0&#8243; sm_spacing=&#8221;30&#8243; xs_spacing=&#8221;30&#8243;][\/vc_column_inner][vc_column_inner width=&#8221;1\/2&#8243; offset=&#8221;vc_col-lg-3 vc_col-md-3&#8243;][stm_spacing lg_spacing=&#8221;30&#8243; md_spacing=&#8221;30&#8243; sm_spacing=&#8221;30&#8243; xs_spacing=&#8221;30&#8243;][stm_animation_block animation=&#8221;fadeInUp&#8221; animation_duration=&#8221;0.3&#8243; animation_delay=&#8221;0&#8243;][stm_info_box style=&#8221;style_4&#8243; title=&#8221;Kupferpulver&#8221; image=&#8221;6976&#8243; link=&#8221;url:%2Fhigh-purity-metals%2Fultrafine-copper-powder%2F|title:Ultrafine%20High%20Purity%20Copper%20Powder&#8221;]Ultrafeines hochreines Kupferpulver (5N) PMV-E, PMV-X, sauerstofffreies Kupfer, Staub 5-12 Mikron, \u2265 99,999%[\/stm_info_box][\/stm_animation_block][stm_spacing lg_spacing=&#8221;0&#8243; md_spacing=&#8221;0&#8243; sm_spacing=&#8221;30&#8243; xs_spacing=&#8221;30&#8243;][\/vc_column_inner][vc_column_inner width=&#8221;1\/2&#8243; offset=&#8221;vc_col-lg-3 vc_col-md-3&#8243;][stm_spacing lg_spacing=&#8221;30&#8243; md_spacing=&#8221;30&#8243; sm_spacing=&#8221;30&#8243; xs_spacing=&#8221;30&#8243;][stm_animation_block animation=&#8221;fadeInRight&#8221; animation_duration=&#8221;0.3&#8243; animation_delay=&#8221;0&#8243;][stm_info_box style=&#8221;style_4&#8243; title=&#8221;Kupferbarren&#8221; link=&#8221;url:%2Fhigh-purity-metals%2Fcopper-ingot%2F|title:High%20Purity%20Copper%20Ingot&#8221; image=&#8221;6978&#8243;]Zylinder- oder rechteckiger Barren aus hochreinem Kupfer (6N) in einzelnen Beuteln, \u2265 99,9999%[\/stm_info_box][\/stm_animation_block][stm_spacing lg_spacing=&#8221;0&#8243; md_spacing=&#8221;0&#8243; sm_spacing=&#8221;30&#8243; xs_spacing=&#8221;30&#8243;][\/vc_column_inner][vc_column_inner width=&#8221;1\/2&#8243; offset=&#8221;vc_col-lg-3 vc_col-md-3&#8243;][stm_spacing lg_spacing=&#8221;30&#8243; md_spacing=&#8221;30&#8243; sm_spacing=&#8221;30&#8243; xs_spacing=&#8221;30&#8243;][stm_animation_block animation=&#8221;fadeInUp&#8221; animation_duration=&#8221;0.3&#8243; animation_delay=&#8221;0&#8243;][stm_info_box style=&#8221;style_4&#8243; title=&#8221;Zinkpulver&#8221; image=&#8221;6980&#8243; link=&#8221;url:%2Fhigh-purity-metals%2Fzinc-powder-zn-66-isotope%2F|title:High%20Purity%20Zinc%20Powder&#8221;]Ultrafeines hochreines Zinkpulver, nat\u00fcrliches, nicht radioaktives Zn-66-Isotop (4N) 99,992-99,998%[\/stm_info_box][\/stm_animation_block][stm_spacing lg_spacing=&#8221;0&#8243; md_spacing=&#8221;0&#8243; sm_spacing=&#8221;30&#8243; xs_spacing=&#8221;30&#8243;][\/vc_column_inner][\/vc_row_inner][\/vc_column][\/vc_row][vc_row full_width=&#8221;stretch_row&#8221; css=&#8221;.vc_custom_1633063403573{background-color: #f2f4fa !important;}&#8221;][vc_column][stm_spacing lg_spacing=&#8221;50&#8243; md_spacing=&#8221;30&#8243; sm_spacing=&#8221;20&#8243; xs_spacing=&#8221;10&#8243;][stm_image_carousel grayscale=&#8221;yes&#8221; autoplay=&#8221;yes&#8221; timeout=&#8221;2000&#8243; loop=&#8221;yes&#8221; images=&#8221;6936,6935,6939,6944,6965,6966&#8243;][stm_spacing lg_spacing=&#8221;50&#8243; md_spacing=&#8221;30&#8243; sm_spacing=&#8221;20&#8243; xs_spacing=&#8221;10&#8243;][\/vc_column][\/vc_row][vc_row full_width=&#8221;stretch_row&#8221; css=&#8221;.vc_custom_1459505959648{margin-bottom: -60px !important;}&#8221; el_class=&#8221;third_bg_color&#8221;][vc_column][vc_column_text][vc_cta h2=\"Sie ben\u00f6tigen eine kompetente Beratung beim Metallkauf?\" h2_font_container=\"tag:h2|font_size:20px|text_align:left|color:%23002e5b|line_height:24px\" h2_use_theme_fonts=\"yes\" shape=\"square\" style=\"flat\" add_button=\"right\" btn_title=\"fragen stellen\" btn_style=\"flat\" btn_color=\"theme_style_2\" btn_size=\"lg\" btn_align=\"right\" btn_i_align=\"right\" btn_i_icon_fontawesome=\"fa fa-chevron-right\" particles=\"yes\" use_custom_fonts_h2=\"true\" btn_add_icon=\"true\" btn_link=\"url:%23contact_form_pop||\" el_class=\"third_bg_color\" btn_el_class=\"\"][\/vc_cta]\r\n<div class=\"fancybox-hidden\" style=\"display: none;\">\r\n<div id=\"contact_form_pop\"><div role=\"form\" class=\"wpcf7\" id=\"wpcf7-f8524-o1\" lang=\"de-DE\" dir=\"ltr\">\n<div class=\"screen-reader-response\"><p role=\"status\" aria-live=\"polite\" aria-atomic=\"true\"><\/p> <ul><\/ul><\/div>\n<form action=\"\/de\/wp-json\/wp\/v2\/pages\/7822#wpcf7-f8524-o1\" method=\"post\" class=\"wpcf7-form init\" novalidate=\"novalidate\" data-status=\"init\">\n<div style=\"display: none;\">\n<input type=\"hidden\" name=\"_wpcf7\" value=\"8524\" \/>\n<input type=\"hidden\" name=\"_wpcf7_version\" value=\"5.6.2\" \/>\n<input type=\"hidden\" name=\"_wpcf7_locale\" value=\"de_DE\" \/>\n<input type=\"hidden\" name=\"_wpcf7_unit_tag\" value=\"wpcf7-f8524-o1\" \/>\n<input type=\"hidden\" name=\"_wpcf7_container_post\" value=\"0\" \/>\n<input type=\"hidden\" name=\"_wpcf7_posted_data_hash\" value=\"\" \/>\n<input type=\"hidden\" name=\"_wpcf7_recaptcha_response\" value=\"\" \/>\n<\/div>\n<div class=\"request_callback\">\n<div class=\"row\" style=\"margin: 0 -13px;\">\n<div class=\"col-lg-12 col-md-12 col-sm-12 col-xs-12\">\n<div class=\"input-group\">\n                <span class=\"wpcf7-form-control-wrap\" data-name=\"text-name\"><input type=\"text\" name=\"text-name\" value=\"\" size=\"40\" maxlength=\"50\" class=\"wpcf7-form-control wpcf7-text wpcf7-validates-as-required\" aria-required=\"true\" aria-invalid=\"false\" placeholder=\"Dein Name *\" \/><\/span>\n            <\/div>\n<div class=\"input-group\">\n                <span class=\"wpcf7-form-control-wrap\" data-name=\"your-email\"><input type=\"email\" name=\"your-email\" value=\"\" size=\"40\" class=\"wpcf7-form-control wpcf7-text wpcf7-email wpcf7-validates-as-required wpcf7-validates-as-email\" aria-required=\"true\" aria-invalid=\"false\" placeholder=\"Deine Email *\" \/><\/span>\n            <\/div>\n<div class=\"input-group\">\n                <span class=\"wpcf7-form-control-wrap\" data-name=\"tel-117\"><input type=\"tel\" name=\"tel-117\" value=\"\" size=\"40\" class=\"wpcf7-form-control wpcf7-text wpcf7-tel wpcf7-validates-as-required wpcf7-validates-as-tel\" aria-required=\"true\" aria-invalid=\"false\" placeholder=\"Telefon *\" \/><\/span>\n            <\/div>\n<div class=\"input-group\">\n                <span class=\"wpcf7-form-control-wrap\" data-name=\"your-message\"><textarea name=\"your-message\" cols=\"40\" rows=\"10\" class=\"wpcf7-form-control wpcf7-textarea wpcf7-validates-as-required\" aria-required=\"true\" aria-invalid=\"false\" placeholder=\"Ihre Nachricht *\"><\/textarea><\/span>\n            <\/div>\n<div class=\"input-group\">\n                <button type=\"submit\" class=\"button size-lg icon_right\">Senden <i class=\"fa fa-chevron-right\"><\/i><\/button>\n            <\/div>\n<\/div>\n<\/div>\n<\/div>\n<div class=\"wpcf7-response-output\" aria-hidden=\"true\"><\/div><\/form><\/div><\/div>\r\n<\/div>[\/vc_column_text][\/vc_column][\/vc_row]<\/p>\n","protected":false},"excerpt":{"rendered":"<p>[vc_row][vc_column offset=&#8221;vc_col-lg-9 vc_col-md-9&#8243;][vc_single_image image=&#8221;7631&#8243; img_size=&#8221;stm-image-1110&#215;550-croped&#8221; alignment=&#8221;center&#8221; css=&#8221;.vc_custom_1634977570376{margin-bottom: 45px !important;}&#8221;][vc_custom_heading text=&#8221;Was sind Seltene Erden-Elemente?&#8221; font_container=&#8221;tag:h2|font_size:28|text_align:left&#8221; use_theme_fonts=&#8221;yes&#8221;][vc_column_text css=&#8221;.vc_custom_1634303389517{margin-bottom: 25px !important;}&#8221;]Seltenerdelemente (abgek\u00fcrzt SEE, SE &#8211; deutsch \/ REE, TR, REE, REM &#8211; englisch) sind eine Gruppe von 17 Elementen, darunter Scandium, Yttrium, Lanthan und Lanthanide (Cer, Praseodym, Neodym, Promethium, Samarium, Europium, Gadolinium, Terbium, Dysprosium, Holmium, Erbium , Thulium,<\/p>\n","protected":false},"author":1,"featured_media":7631,"parent":7734,"menu_order":1,"comment_status":"closed","ping_status":"closed","template":"","meta":[],"yoast_head":"<!-- This site is optimized with the Yoast SEO Premium plugin v19.0 (Yoast SEO v19.5.1) - https:\/\/yoast.com\/wordpress\/plugins\/seo\/ -->\n<title>Seltene Erdvorkommen sind eine Gruppe von 17 Elementen<\/title>\n<meta name=\"description\" content=\"Was sind Seltene Erden-Elemente? - sind eine Gruppe von 17 Elementen - darunter Scandium, Yttrium, Lanthan und Lanthanide\" \/>\n<meta name=\"robots\" content=\"index, follow, max-snippet:-1, max-image-preview:large, max-video-preview:-1\" \/>\n<link rel=\"canonical\" href=\"https:\/\/corsicallc.com\/de\/artikel\/seltene-erdvorkommen\/\" \/>\n<meta property=\"og:locale\" content=\"de_DE\" \/>\n<meta property=\"og:type\" content=\"article\" \/>\n<meta property=\"og:title\" content=\"Seltene Erdvorkommen\" \/>\n<meta property=\"og:description\" content=\"Was sind Seltene Erden-Elemente? - sind eine Gruppe von 17 Elementen - darunter Scandium, Yttrium, Lanthan und Lanthanide\" \/>\n<meta property=\"og:url\" content=\"https:\/\/corsicallc.com\/de\/artikel\/seltene-erdvorkommen\/\" \/>\n<meta property=\"og:site_name\" content=\"Corsica LLC\" \/>\n<meta property=\"article:modified_time\" content=\"2021-12-04T11:04:41+00:00\" \/>\n<meta property=\"og:image\" content=\"https:\/\/corsicallc.com\/wp-content\/uploads\/2021\/10\/What-are-Rare-Earth-Elements.jpg\" \/>\n\t<meta property=\"og:image:width\" content=\"1920\" \/>\n\t<meta property=\"og:image:height\" content=\"800\" \/>\n\t<meta property=\"og:image:type\" content=\"image\/jpeg\" \/>\n<meta name=\"twitter:card\" content=\"summary_large_image\" \/>\n<meta name=\"twitter:label1\" content=\"Gesch\u00e4tzte Lesezeit\" \/>\n\t<meta name=\"twitter:data1\" content=\"4 Minuten\" \/>\n<script type=\"application\/ld+json\" class=\"yoast-schema-graph\">{\"@context\":\"https:\/\/schema.org\",\"@graph\":[{\"@type\":\"WebPage\",\"@id\":\"https:\/\/corsicallc.com\/de\/artikel\/seltene-erdvorkommen\/\",\"url\":\"https:\/\/corsicallc.com\/de\/artikel\/seltene-erdvorkommen\/\",\"name\":\"Seltene Erdvorkommen sind eine Gruppe von 17 Elementen\",\"isPartOf\":{\"@id\":\"https:\/\/corsicallc.com\/#website\"},\"datePublished\":\"2021-11-22T11:17:02+00:00\",\"dateModified\":\"2021-12-04T11:04:41+00:00\",\"description\":\"Was sind Seltene Erden-Elemente? - sind eine Gruppe von 17 Elementen - darunter Scandium, Yttrium, Lanthan und Lanthanide\",\"breadcrumb\":{\"@id\":\"https:\/\/corsicallc.com\/de\/artikel\/seltene-erdvorkommen\/#breadcrumb\"},\"inLanguage\":\"de-DE\",\"potentialAction\":[{\"@type\":\"ReadAction\",\"target\":[\"https:\/\/corsicallc.com\/de\/artikel\/seltene-erdvorkommen\/\"]}]},{\"@type\":\"BreadcrumbList\",\"@id\":\"https:\/\/corsicallc.com\/de\/artikel\/seltene-erdvorkommen\/#breadcrumb\",\"itemListElement\":[{\"@type\":\"ListItem\",\"position\":1,\"name\":\"Heim\",\"item\":\"https:\/\/corsicallc.com\/de\/\"},{\"@type\":\"ListItem\",\"position\":2,\"name\":\"Artikel\",\"item\":\"https:\/\/corsicallc.com\/de\/artikel\/\"},{\"@type\":\"ListItem\",\"position\":3,\"name\":\"Seltene Erdvorkommen\"}]},{\"@type\":\"WebSite\",\"@id\":\"https:\/\/corsicallc.com\/#website\",\"url\":\"https:\/\/corsicallc.com\/\",\"name\":\"Corsica LLC\",\"description\":\"Hochreine Metalle zum Verkauf\",\"publisher\":{\"@id\":\"https:\/\/corsicallc.com\/#organization\"},\"potentialAction\":[{\"@type\":\"SearchAction\",\"target\":{\"@type\":\"EntryPoint\",\"urlTemplate\":\"https:\/\/corsicallc.com\/?s={search_term_string}\"},\"query-input\":\"required name=search_term_string\"}],\"inLanguage\":\"de-DE\"},{\"@type\":\"Organization\",\"@id\":\"https:\/\/corsicallc.com\/#organization\",\"name\":\"Corsica LLC\",\"url\":\"https:\/\/corsicallc.com\/\",\"sameAs\":[],\"logo\":{\"@type\":\"ImageObject\",\"inLanguage\":\"de-DE\",\"@id\":\"https:\/\/corsicallc.com\/#\/schema\/logo\/image\/\",\"url\":\"https:\/\/corsicallc.com\/wp-content\/uploads\/2021\/11\/logo_cube_1024.jpg\",\"contentUrl\":\"https:\/\/corsicallc.com\/wp-content\/uploads\/2021\/11\/logo_cube_1024.jpg\",\"width\":1024,\"height\":1024,\"caption\":\"Corsica LLC\"},\"image\":{\"@id\":\"https:\/\/corsicallc.com\/#\/schema\/logo\/image\/\"}}]}<\/script>\n<!-- \/ Yoast SEO Premium plugin. -->","yoast_head_json":{"title":"Seltene Erdvorkommen sind eine Gruppe von 17 Elementen","description":"Was sind Seltene Erden-Elemente? - sind eine Gruppe von 17 Elementen - darunter Scandium, Yttrium, Lanthan und Lanthanide","robots":{"index":"index","follow":"follow","max-snippet":"max-snippet:-1","max-image-preview":"max-image-preview:large","max-video-preview":"max-video-preview:-1"},"canonical":"https:\/\/corsicallc.com\/de\/artikel\/seltene-erdvorkommen\/","og_locale":"de_DE","og_type":"article","og_title":"Seltene Erdvorkommen","og_description":"Was sind Seltene Erden-Elemente? - sind eine Gruppe von 17 Elementen - darunter Scandium, Yttrium, Lanthan und Lanthanide","og_url":"https:\/\/corsicallc.com\/de\/artikel\/seltene-erdvorkommen\/","og_site_name":"Corsica LLC","article_modified_time":"2021-12-04T11:04:41+00:00","og_image":[{"width":1920,"height":800,"url":"https:\/\/corsicallc.com\/wp-content\/uploads\/2021\/10\/What-are-Rare-Earth-Elements.jpg","type":"image\/jpeg"}],"twitter_card":"summary_large_image","twitter_misc":{"Gesch\u00e4tzte Lesezeit":"4 Minuten"},"schema":{"@context":"https:\/\/schema.org","@graph":[{"@type":"WebPage","@id":"https:\/\/corsicallc.com\/de\/artikel\/seltene-erdvorkommen\/","url":"https:\/\/corsicallc.com\/de\/artikel\/seltene-erdvorkommen\/","name":"Seltene Erdvorkommen sind eine Gruppe von 17 Elementen","isPartOf":{"@id":"https:\/\/corsicallc.com\/#website"},"datePublished":"2021-11-22T11:17:02+00:00","dateModified":"2021-12-04T11:04:41+00:00","description":"Was sind Seltene Erden-Elemente? - sind eine Gruppe von 17 Elementen - darunter Scandium, Yttrium, Lanthan und Lanthanide","breadcrumb":{"@id":"https:\/\/corsicallc.com\/de\/artikel\/seltene-erdvorkommen\/#breadcrumb"},"inLanguage":"de-DE","potentialAction":[{"@type":"ReadAction","target":["https:\/\/corsicallc.com\/de\/artikel\/seltene-erdvorkommen\/"]}]},{"@type":"BreadcrumbList","@id":"https:\/\/corsicallc.com\/de\/artikel\/seltene-erdvorkommen\/#breadcrumb","itemListElement":[{"@type":"ListItem","position":1,"name":"Heim","item":"https:\/\/corsicallc.com\/de\/"},{"@type":"ListItem","position":2,"name":"Artikel","item":"https:\/\/corsicallc.com\/de\/artikel\/"},{"@type":"ListItem","position":3,"name":"Seltene Erdvorkommen"}]},{"@type":"WebSite","@id":"https:\/\/corsicallc.com\/#website","url":"https:\/\/corsicallc.com\/","name":"Corsica LLC","description":"Hochreine Metalle zum Verkauf","publisher":{"@id":"https:\/\/corsicallc.com\/#organization"},"potentialAction":[{"@type":"SearchAction","target":{"@type":"EntryPoint","urlTemplate":"https:\/\/corsicallc.com\/?s={search_term_string}"},"query-input":"required name=search_term_string"}],"inLanguage":"de-DE"},{"@type":"Organization","@id":"https:\/\/corsicallc.com\/#organization","name":"Corsica LLC","url":"https:\/\/corsicallc.com\/","sameAs":[],"logo":{"@type":"ImageObject","inLanguage":"de-DE","@id":"https:\/\/corsicallc.com\/#\/schema\/logo\/image\/","url":"https:\/\/corsicallc.com\/wp-content\/uploads\/2021\/11\/logo_cube_1024.jpg","contentUrl":"https:\/\/corsicallc.com\/wp-content\/uploads\/2021\/11\/logo_cube_1024.jpg","width":1024,"height":1024,"caption":"Corsica LLC"},"image":{"@id":"https:\/\/corsicallc.com\/#\/schema\/logo\/image\/"}}]}},"_links":{"self":[{"href":"https:\/\/corsicallc.com\/de\/wp-json\/wp\/v2\/pages\/7822"}],"collection":[{"href":"https:\/\/corsicallc.com\/de\/wp-json\/wp\/v2\/pages"}],"about":[{"href":"https:\/\/corsicallc.com\/de\/wp-json\/wp\/v2\/types\/page"}],"author":[{"embeddable":true,"href":"https:\/\/corsicallc.com\/de\/wp-json\/wp\/v2\/users\/1"}],"replies":[{"embeddable":true,"href":"https:\/\/corsicallc.com\/de\/wp-json\/wp\/v2\/comments?post=7822"}],"version-history":[{"count":24,"href":"https:\/\/corsicallc.com\/de\/wp-json\/wp\/v2\/pages\/7822\/revisions"}],"predecessor-version":[{"id":8647,"href":"https:\/\/corsicallc.com\/de\/wp-json\/wp\/v2\/pages\/7822\/revisions\/8647"}],"up":[{"embeddable":true,"href":"https:\/\/corsicallc.com\/de\/wp-json\/wp\/v2\/pages\/7734"}],"wp:featuredmedia":[{"embeddable":true,"href":"https:\/\/corsicallc.com\/de\/wp-json\/wp\/v2\/media\/7631"}],"wp:attachment":[{"href":"https:\/\/corsicallc.com\/de\/wp-json\/wp\/v2\/media?parent=7822"}],"curies":[{"name":"wp","href":"https:\/\/api.w.org\/{rel}","templated":true}]}}