{"id":7834,"date":"2021-11-22T13:23:07","date_gmt":"2021-11-22T13:23:07","guid":{"rendered":"https:\/\/corsicallc.com\/artikel\/chemische-eigenschaften-von-seltenerdelementen\/"},"modified":"2021-12-04T11:10:26","modified_gmt":"2021-12-04T11:10:26","slug":"chemische-eigenschaften-von-seltenerdelementen","status":"publish","type":"page","link":"https:\/\/corsicallc.com\/de\/artikel\/chemische-eigenschaften-von-seltenerdelementen\/","title":{"rendered":"Chemische Eigenschaften von Seltenerdelementen"},"content":{"rendered":"<p>[vc_row][vc_column offset=&#8221;vc_col-lg-9 vc_col-md-9&#8243;][vc_single_image image=&#8221;7633&#8243; img_size=&#8221;stm-image-1110&#215;550-croped&#8221; alignment=&#8221;center&#8221; css=&#8221;.vc_custom_1634980346807{margin-bottom: 45px !important;}&#8221;][vc_custom_heading text=&#8221;Oxide von Seltenerdelementen&#8221; font_container=&#8221;tag:h2|font_size:28|text_align:left&#8221; use_theme_fonts=&#8221;yes&#8221;][vc_column_text css=&#8221;.vc_custom_1636688580229{margin-bottom: 25px !important;}&#8221;]Scandium, Yttrium und Lanthanide haben eine hohe Reaktivit\u00e4t. Die chemische Aktivit\u00e4t dieser Elemente macht sich besonders bei erh\u00f6hten Temperaturen bemerkbar. Beim Erhitzen auf 300-400\u00b0C reagieren Metalle sogar mit Wasserstoff und bilden RH3 und RH2 (das Symbol R steht f\u00fcr ein Atom eines Seltenerdelements).<\/p>\n<p>Diese Verbindungen sind ziemlich stark und haben einen salzigen Charakter. Beim Erhitzen in Sauerstoff reagieren Metalle leicht damit und bilden Oxide: R2O3, CeO2, Pr6O11, Tb4O7 (nur Sc und Y sind durch Bildung eines sch\u00fctzenden Oxidfilms luftbest\u00e4ndig, selbst wenn sie auf 1000\u00b0C erhitzt werden).<\/p>\n<p>Bei der Verbrennung dieser Metalle in einer Sauerstoffatmosph\u00e4re wird viel W\u00e4rme frei. Wenn 1 g Lanthan verbrannt wird, werden 224,2 kcal W\u00e4rme freigesetzt. F\u00fcr Cer ist ein charakteristisches Merkmal die Eigenschaft der Pyrophorizit\u00e4t \u2013 die F\u00e4higkeit, beim Schneiden von Metall in Luft zu funkeln.[\/vc_column_text][vc_custom_heading text=&#8221;Cerdioxid&#8221; font_container=&#8221;tag:h3|text_align:left&#8221; use_theme_fonts=&#8221;yes&#8221;][vc_column_text css=&#8221;.vc_custom_1634345071026{margin-bottom: 25px !important;}&#8221;]Cer, Lanthan und andere Metalle reagieren bei Normaltemperatur mit Wasser und nicht oxidierenden S\u00e4uren unter Freisetzung von Wasserstoff. Aufgrund der hohen Aktivit\u00e4t gegen\u00fcber Luftsauerstoff und Wasser sollten Lanthan-, Cer-, Praseodym-, Neodym- und Europiumst\u00fccke in Paraffin gelagert werden, die restlichen Seltenerdmetalle sind schlecht oxidiert (mit Ausnahme von Samarium, das mit a Oxidfilm, aber nicht vollst\u00e4ndig von diesem korrodiert) und sie k\u00f6nnen unter normalen Bedingungen ohne antioxidative Substanzen gelagert werden.[\/vc_column_text][vc_custom_heading text=&#8221;Die chemische Aktivit\u00e4t&#8221; font_container=&#8221;tag:h3|text_align:left&#8221; use_theme_fonts=&#8221;yes&#8221;][vc_column_text css=&#8221;.vc_custom_1634345195112{margin-bottom: 25px !important;}&#8221;]Die chemische Aktivit\u00e4t von Seltenerdmetallen variiert. Von Scandium zu Lanthan nimmt die chemische Aktivit\u00e4t zu, in der Lanthan-Lutetium-Reihe nimmt sie ab. Daraus folgt, dass Lanthan das aktivste Metall ist. Dies ist auf eine Abnahme der Radien der Atome der Elemente von Lanthan auf Lutetium einerseits und von Lanthan auf Scandium andererseits zur\u00fcckzuf\u00fchren.[\/vc_column_text][vc_custom_heading text=&#8221;Lanthanoid-Kontraktion&#8221; font_container=&#8221;tag:h3|text_align:left&#8221; use_theme_fonts=&#8221;yes&#8221;][vc_column_text css=&#8221;.vc_custom_1634345359313{margin-bottom: 25px !important;}&#8221;]Der Effekt der &#8220;Lanthanoid-Kontraktion&#8221; (Kompression) f\u00fchrt dazu, dass die den Lanthaniden folgenden Elemente (Hafnium, Tantal, Wolfram, Rhenium, Osmium, Iridium, Platin) die Atomradien um 0,2-0,3 \u00c5 reduziert haben, daher ihre sehr \u00e4hnlichen Eigenschaften mit die Eigenschaften der entsprechenden Elemente der f\u00fcnften Periode.<\/p>\n<p>Bei den Elementen &#8211; Scandium, Yttrium, Lanthan &#8211; beginnt sich die d-Schale der vorletzten Elektronenschicht gerade erst zu bilden, daher nehmen die Radien der Atome und die Aktivit\u00e4t der Metalle dieser Gruppe von oben nach unten zu. Durch diese Eigenschaft unterscheidet sich die Gruppe von anderen sekund\u00e4ren Untergruppen der Metalle, bei denen sich die Aktivit\u00e4tsreihenfolge umgekehrt \u00e4ndert.<\/p>\n<p>Da der Radius des Yttriumatoms (0.89 \u00c5) dem Radius des Holmiumatoms (0.894 \u00c5) nahe kommt, sollte dieses Metall in Bezug auf die Aktivit\u00e4t einen der vorletzten Pl\u00e4tze einnehmen. Scandium sollte aufgrund seiner Aktivit\u00e4t nach Lutetium lokalisiert werden. In dieser Serie wird die Wirkung von Metallen auf Wasser abgeschw\u00e4cht.[\/vc_column_text][vc_custom_heading text=&#8221;Oxidationszustand&#8221; font_container=&#8221;tag:h3|text_align:left&#8221; use_theme_fonts=&#8221;yes&#8221;][vc_column_text css=&#8221;.vc_custom_1634345407700{margin-bottom: 25px !important;}&#8221;]Seltenerdelemente weisen am h\u00e4ufigsten eine Oxidationsstufe von +3 auf. Aus diesem Grund sind R2O3-Oxide die charakteristischsten \u2013 feste, starke und feuerfeste Verbindungen. Als basische Oxide k\u00f6nnen sie sich f\u00fcr die meisten Elemente mit Wasser verbinden und Basen bilden &#8211; R(OH)3. Hydroxide von Seltenerdmetallen sind in Wasser schwer l\u00f6slich. Die F\u00e4higkeit von R2O3, sich mit Wasser zu verbinden, dh die Hauptfunktion, und die L\u00f6slichkeit von R (OH)3 nehmen in der gleichen Reihenfolge ab wie die Aktivit\u00e4t von Metallen: Lu (OH) 3 und insbesondere Sc (OH) 3 zeigen einige Eigenschaften der Amphoterit\u00e4t. So wurde neben einer L\u00f6sung von Sc(OH)3 in konzentrierter NaOH ein Salz erhalten: Na3Sc(OH)6 \u00b72H2O.<\/p>\n<p>Da die Metalle dieser Untergruppe aktiv sind und ihre Salze mit starken S\u00e4uren l\u00f6slich sind, l\u00f6sen sie sich sowohl in nicht oxidierenden S\u00e4uren als auch in oxidierenden S\u00e4uren leicht auf.<\/p>\n<p>Alle Seltenerdmetalle reagieren heftig mit Halogenen und erzeugen RHal3 (Hal \u2013 Halogen). Sie reagieren auch mit Schwefel und Selen, aber wenn sie erhitzt werden.[\/vc_column_text][\/vc_column][vc_column width=&#8221;1\/4&#8243; offset=&#8221;vc_hidden-sm vc_hidden-xs&#8221;][stm_sidebar sidebar=&#8221;577&#8243;][\/vc_column][\/vc_row][vc_row css=&#8221;.vc_custom_1634297529524{margin-top: 30px !important;margin-bottom: 50px !important;}&#8221;][vc_column offset=&#8221;vc_col-lg-12 vc_col-md-12&#8243;][vc_row_inner][vc_column_inner][vc_custom_heading text=&#8221;Produkte &#8211; Hochreine Metalle&#8221; font_container=&#8221;tag:h3|text_align:center&#8221; use_theme_fonts=&#8221;yes&#8221; css=&#8221;.vc_custom_1633062669766{margin-bottom: 31px !important;}&#8221; link=&#8221;url:https%3A%2F%2Fcorsicallc.com%2Fde%2Fprodukte-hochreine-metalle%2F|title:Produkte%20-%20Hochreine%20Metalle|&#8221;][vc_column_text css=&#8221;.vc_custom_1633062709493{margin-bottom: 25px !important;}&#8221;]<\/p>\n<p style=\"text-align: center;\">Unsere Produkte sind hochreine Metalle, die immer auf Lager sind<\/p>\n<p>[\/vc_column_text][\/vc_column_inner][\/vc_row_inner][vc_row_inner css=&#8221;.vc_custom_1634114126724{background-color: #f2f4fa !important;}&#8221;][vc_column_inner width=&#8221;1\/2&#8243; offset=&#8221;vc_col-lg-3 vc_col-md-3&#8243;][stm_spacing lg_spacing=&#8221;30&#8243; md_spacing=&#8221;30&#8243; sm_spacing=&#8221;30&#8243; xs_spacing=&#8221;30&#8243;][stm_animation_block animation=&#8221;fadeInUp&#8221; animation_duration=&#8221;0.3&#8243; animation_delay=&#8221;0&#8243;][stm_info_box style=&#8221;style_4&#8243; title=&#8221;Nickeldraht&#8221; image=&#8221;6898&#8243; link=&#8221;url:%2Fhigh-purity-metals%2Fnickel-wire%2F|title:Nickel%20Wire&#8221;]Hochreiner Nickeldraht silberwei\u00df 0,025 mm (0,001 in) Durchmesser, 99,78-99,99%[\/stm_info_box][\/stm_animation_block][stm_spacing lg_spacing=&#8221;0&#8243; md_spacing=&#8221;0&#8243; sm_spacing=&#8221;30&#8243; xs_spacing=&#8221;30&#8243;][\/vc_column_inner][vc_column_inner width=&#8221;1\/2&#8243; offset=&#8221;vc_col-lg-3 vc_col-md-3&#8243;][stm_spacing lg_spacing=&#8221;30&#8243; md_spacing=&#8221;30&#8243; sm_spacing=&#8221;30&#8243; xs_spacing=&#8221;30&#8243;][stm_animation_block animation=&#8221;fadeInUp&#8221; animation_duration=&#8221;0.3&#8243; animation_delay=&#8221;0&#8243;][stm_info_box style=&#8221;style_4&#8243; title=&#8221;Kupferpulver&#8221; image=&#8221;6976&#8243; link=&#8221;url:%2Fhigh-purity-metals%2Fultrafine-copper-powder%2F|title:Ultrafine%20High%20Purity%20Copper%20Powder&#8221;]Ultrafeines hochreines Kupferpulver (5N) PMV-E, PMV-X, sauerstofffreies Kupfer, Staub 5-12 Mikron, \u2265 99,999%[\/stm_info_box][\/stm_animation_block][stm_spacing lg_spacing=&#8221;0&#8243; md_spacing=&#8221;0&#8243; sm_spacing=&#8221;30&#8243; xs_spacing=&#8221;30&#8243;][\/vc_column_inner][vc_column_inner width=&#8221;1\/2&#8243; offset=&#8221;vc_col-lg-3 vc_col-md-3&#8243;][stm_spacing lg_spacing=&#8221;30&#8243; md_spacing=&#8221;30&#8243; sm_spacing=&#8221;30&#8243; xs_spacing=&#8221;30&#8243;][stm_animation_block animation=&#8221;fadeInRight&#8221; animation_duration=&#8221;0.3&#8243; animation_delay=&#8221;0&#8243;][stm_info_box style=&#8221;style_4&#8243; title=&#8221;Kupferbarren&#8221; link=&#8221;url:%2Fhigh-purity-metals%2Fcopper-ingot%2F|title:High%20Purity%20Copper%20Ingot&#8221; image=&#8221;6978&#8243;]Zylinder- oder rechteckiger Barren aus hochreinem Kupfer (6N) in einzelnen Beuteln, \u2265 99,9999%[\/stm_info_box][\/stm_animation_block][stm_spacing lg_spacing=&#8221;0&#8243; md_spacing=&#8221;0&#8243; sm_spacing=&#8221;30&#8243; xs_spacing=&#8221;30&#8243;][\/vc_column_inner][vc_column_inner width=&#8221;1\/2&#8243; offset=&#8221;vc_col-lg-3 vc_col-md-3&#8243;][stm_spacing lg_spacing=&#8221;30&#8243; md_spacing=&#8221;30&#8243; sm_spacing=&#8221;30&#8243; xs_spacing=&#8221;30&#8243;][stm_animation_block animation=&#8221;fadeInUp&#8221; animation_duration=&#8221;0.3&#8243; animation_delay=&#8221;0&#8243;][stm_info_box style=&#8221;style_4&#8243; title=&#8221;Zinkpulver&#8221; image=&#8221;6980&#8243; link=&#8221;url:%2Fhigh-purity-metals%2Fzinc-powder-zn-66-isotope%2F|title:High%20Purity%20Zinc%20Powder&#8221;]Ultrafeines hochreines Zinkpulver, nat\u00fcrliches, nicht radioaktives Zn-66-Isotop (4N) 99,992-99,998%[\/stm_info_box][\/stm_animation_block][stm_spacing lg_spacing=&#8221;0&#8243; md_spacing=&#8221;0&#8243; sm_spacing=&#8221;30&#8243; xs_spacing=&#8221;30&#8243;][\/vc_column_inner][\/vc_row_inner][\/vc_column][\/vc_row][vc_row full_width=&#8221;stretch_row&#8221; css=&#8221;.vc_custom_1633063403573{background-color: #f2f4fa !important;}&#8221;][vc_column][stm_spacing lg_spacing=&#8221;50&#8243; md_spacing=&#8221;30&#8243; sm_spacing=&#8221;20&#8243; xs_spacing=&#8221;10&#8243;][stm_image_carousel grayscale=&#8221;yes&#8221; autoplay=&#8221;yes&#8221; timeout=&#8221;2000&#8243; loop=&#8221;yes&#8221; images=&#8221;6936,6935,6939,6944,6965,6966&#8243;][stm_spacing lg_spacing=&#8221;50&#8243; md_spacing=&#8221;30&#8243; sm_spacing=&#8221;20&#8243; xs_spacing=&#8221;10&#8243;][\/vc_column][\/vc_row][vc_row full_width=&#8221;stretch_row&#8221; css=&#8221;.vc_custom_1459505959648{margin-bottom: -60px !important;}&#8221; el_class=&#8221;third_bg_color&#8221;][vc_column][vc_column_text][vc_cta h2=\"Sie ben\u00f6tigen eine kompetente Beratung beim Metallkauf?\" h2_font_container=\"tag:h2|font_size:20px|text_align:left|color:%23002e5b|line_height:24px\" h2_use_theme_fonts=\"yes\" shape=\"square\" style=\"flat\" add_button=\"right\" btn_title=\"fragen stellen\" btn_style=\"flat\" btn_color=\"theme_style_2\" btn_size=\"lg\" btn_align=\"right\" btn_i_align=\"right\" btn_i_icon_fontawesome=\"fa fa-chevron-right\" particles=\"yes\" use_custom_fonts_h2=\"true\" btn_add_icon=\"true\" btn_link=\"url:%23contact_form_pop||\" el_class=\"third_bg_color\" btn_el_class=\"\"][\/vc_cta]\r\n<div class=\"fancybox-hidden\" style=\"display: none;\">\r\n<div id=\"contact_form_pop\"><div role=\"form\" class=\"wpcf7\" id=\"wpcf7-f8524-o1\" lang=\"de-DE\" dir=\"ltr\">\n<div class=\"screen-reader-response\"><p role=\"status\" aria-live=\"polite\" aria-atomic=\"true\"><\/p> <ul><\/ul><\/div>\n<form action=\"\/de\/wp-json\/wp\/v2\/pages\/7834#wpcf7-f8524-o1\" method=\"post\" class=\"wpcf7-form init\" novalidate=\"novalidate\" data-status=\"init\">\n<div style=\"display: none;\">\n<input type=\"hidden\" name=\"_wpcf7\" value=\"8524\" \/>\n<input type=\"hidden\" name=\"_wpcf7_version\" value=\"5.6.2\" \/>\n<input type=\"hidden\" name=\"_wpcf7_locale\" value=\"de_DE\" \/>\n<input type=\"hidden\" name=\"_wpcf7_unit_tag\" value=\"wpcf7-f8524-o1\" \/>\n<input type=\"hidden\" name=\"_wpcf7_container_post\" value=\"0\" \/>\n<input type=\"hidden\" name=\"_wpcf7_posted_data_hash\" value=\"\" \/>\n<input type=\"hidden\" name=\"_wpcf7_recaptcha_response\" value=\"\" \/>\n<\/div>\n<div class=\"request_callback\">\n<div class=\"row\" style=\"margin: 0 -13px;\">\n<div class=\"col-lg-12 col-md-12 col-sm-12 col-xs-12\">\n<div class=\"input-group\">\n                <span class=\"wpcf7-form-control-wrap\" data-name=\"text-name\"><input type=\"text\" name=\"text-name\" value=\"\" size=\"40\" maxlength=\"50\" class=\"wpcf7-form-control wpcf7-text wpcf7-validates-as-required\" aria-required=\"true\" aria-invalid=\"false\" placeholder=\"Dein Name *\" \/><\/span>\n            <\/div>\n<div class=\"input-group\">\n                <span class=\"wpcf7-form-control-wrap\" data-name=\"your-email\"><input type=\"email\" name=\"your-email\" value=\"\" size=\"40\" class=\"wpcf7-form-control wpcf7-text wpcf7-email wpcf7-validates-as-required wpcf7-validates-as-email\" aria-required=\"true\" aria-invalid=\"false\" placeholder=\"Deine Email *\" \/><\/span>\n            <\/div>\n<div class=\"input-group\">\n                <span class=\"wpcf7-form-control-wrap\" data-name=\"tel-117\"><input type=\"tel\" name=\"tel-117\" value=\"\" size=\"40\" class=\"wpcf7-form-control wpcf7-text wpcf7-tel wpcf7-validates-as-required wpcf7-validates-as-tel\" aria-required=\"true\" aria-invalid=\"false\" placeholder=\"Telefon *\" \/><\/span>\n            <\/div>\n<div class=\"input-group\">\n                <span class=\"wpcf7-form-control-wrap\" data-name=\"your-message\"><textarea name=\"your-message\" cols=\"40\" rows=\"10\" class=\"wpcf7-form-control wpcf7-textarea wpcf7-validates-as-required\" aria-required=\"true\" aria-invalid=\"false\" placeholder=\"Ihre Nachricht *\"><\/textarea><\/span>\n            <\/div>\n<div class=\"input-group\">\n                <button type=\"submit\" class=\"button size-lg icon_right\">Senden <i class=\"fa fa-chevron-right\"><\/i><\/button>\n            <\/div>\n<\/div>\n<\/div>\n<\/div>\n<div class=\"wpcf7-response-output\" aria-hidden=\"true\"><\/div><\/form><\/div><\/div>\r\n<\/div>[\/vc_column_text][\/vc_column][\/vc_row]<\/p>\n","protected":false},"excerpt":{"rendered":"<p>[vc_row][vc_column offset=&#8221;vc_col-lg-9 vc_col-md-9&#8243;][vc_single_image image=&#8221;7633&#8243; img_size=&#8221;stm-image-1110&#215;550-croped&#8221; alignment=&#8221;center&#8221; css=&#8221;.vc_custom_1634980346807{margin-bottom: 45px !important;}&#8221;][vc_custom_heading text=&#8221;Oxide von Seltenerdelementen&#8221; font_container=&#8221;tag:h2|font_size:28|text_align:left&#8221; use_theme_fonts=&#8221;yes&#8221;][vc_column_text css=&#8221;.vc_custom_1636688580229{margin-bottom: 25px !important;}&#8221;]Scandium, Yttrium und Lanthanide haben eine hohe Reaktivit\u00e4t. Die chemische Aktivit\u00e4t dieser Elemente macht sich besonders bei erh\u00f6hten Temperaturen bemerkbar. Beim Erhitzen auf 300-400\u00b0C reagieren Metalle sogar mit Wasserstoff und bilden RH3 und RH2 (das Symbol R steht f\u00fcr<\/p>\n","protected":false},"author":1,"featured_media":7633,"parent":7734,"menu_order":3,"comment_status":"closed","ping_status":"closed","template":"","meta":[],"yoast_head":"<!-- This site is optimized with the Yoast SEO Premium plugin v19.0 (Yoast SEO v19.5.1) - https:\/\/yoast.com\/wordpress\/plugins\/seo\/ -->\n<title>Chemische Eigenschaften von Seltenerdelementen<\/title>\n<meta name=\"description\" content=\"Chemische Eigenschaften von Seltenerdelementen - Oxide, Dioxide, Die chemische Aktivit\u00e4t, Lanthanoid-Kontraktion, Oxidationszustand\" \/>\n<meta name=\"robots\" content=\"index, follow, max-snippet:-1, max-image-preview:large, max-video-preview:-1\" \/>\n<link rel=\"canonical\" href=\"https:\/\/corsicallc.com\/de\/artikel\/chemische-eigenschaften-von-seltenerdelementen\/\" \/>\n<meta property=\"og:locale\" content=\"de_DE\" \/>\n<meta property=\"og:type\" content=\"article\" \/>\n<meta property=\"og:title\" content=\"Chemische Eigenschaften von Seltenerdelementen\" \/>\n<meta property=\"og:description\" content=\"Chemische Eigenschaften von Seltenerdelementen - Oxide, Dioxide, Die chemische Aktivit\u00e4t, Lanthanoid-Kontraktion, Oxidationszustand\" \/>\n<meta property=\"og:url\" content=\"https:\/\/corsicallc.com\/de\/artikel\/chemische-eigenschaften-von-seltenerdelementen\/\" \/>\n<meta property=\"og:site_name\" content=\"Corsica LLC\" \/>\n<meta property=\"article:modified_time\" content=\"2021-12-04T11:10:26+00:00\" \/>\n<meta property=\"og:image\" content=\"https:\/\/corsicallc.com\/wp-content\/uploads\/2021\/10\/Chemical-properties-of-rare-earth-elements.jpg\" \/>\n\t<meta property=\"og:image:width\" content=\"1150\" \/>\n\t<meta property=\"og:image:height\" content=\"767\" \/>\n\t<meta property=\"og:image:type\" content=\"image\/jpeg\" \/>\n<meta name=\"twitter:card\" content=\"summary_large_image\" \/>\n<meta name=\"twitter:label1\" content=\"Gesch\u00e4tzte Lesezeit\" \/>\n\t<meta name=\"twitter:data1\" content=\"6 Minuten\" \/>\n<script type=\"application\/ld+json\" class=\"yoast-schema-graph\">{\"@context\":\"https:\/\/schema.org\",\"@graph\":[{\"@type\":\"WebPage\",\"@id\":\"https:\/\/corsicallc.com\/de\/artikel\/chemische-eigenschaften-von-seltenerdelementen\/\",\"url\":\"https:\/\/corsicallc.com\/de\/artikel\/chemische-eigenschaften-von-seltenerdelementen\/\",\"name\":\"Chemische Eigenschaften von Seltenerdelementen\",\"isPartOf\":{\"@id\":\"https:\/\/corsicallc.com\/#website\"},\"datePublished\":\"2021-11-22T13:23:07+00:00\",\"dateModified\":\"2021-12-04T11:10:26+00:00\",\"description\":\"Chemische Eigenschaften von Seltenerdelementen - Oxide, Dioxide, Die chemische Aktivit\u00e4t, Lanthanoid-Kontraktion, Oxidationszustand\",\"breadcrumb\":{\"@id\":\"https:\/\/corsicallc.com\/de\/artikel\/chemische-eigenschaften-von-seltenerdelementen\/#breadcrumb\"},\"inLanguage\":\"de-DE\",\"potentialAction\":[{\"@type\":\"ReadAction\",\"target\":[\"https:\/\/corsicallc.com\/de\/artikel\/chemische-eigenschaften-von-seltenerdelementen\/\"]}]},{\"@type\":\"BreadcrumbList\",\"@id\":\"https:\/\/corsicallc.com\/de\/artikel\/chemische-eigenschaften-von-seltenerdelementen\/#breadcrumb\",\"itemListElement\":[{\"@type\":\"ListItem\",\"position\":1,\"name\":\"Heim\",\"item\":\"https:\/\/corsicallc.com\/de\/\"},{\"@type\":\"ListItem\",\"position\":2,\"name\":\"Artikel\",\"item\":\"https:\/\/corsicallc.com\/de\/artikel\/\"},{\"@type\":\"ListItem\",\"position\":3,\"name\":\"Chemische Eigenschaften von Seltenerdelementen\"}]},{\"@type\":\"WebSite\",\"@id\":\"https:\/\/corsicallc.com\/#website\",\"url\":\"https:\/\/corsicallc.com\/\",\"name\":\"Corsica LLC\",\"description\":\"Hochreine Metalle zum Verkauf\",\"publisher\":{\"@id\":\"https:\/\/corsicallc.com\/#organization\"},\"potentialAction\":[{\"@type\":\"SearchAction\",\"target\":{\"@type\":\"EntryPoint\",\"urlTemplate\":\"https:\/\/corsicallc.com\/?s={search_term_string}\"},\"query-input\":\"required name=search_term_string\"}],\"inLanguage\":\"de-DE\"},{\"@type\":\"Organization\",\"@id\":\"https:\/\/corsicallc.com\/#organization\",\"name\":\"Corsica LLC\",\"url\":\"https:\/\/corsicallc.com\/\",\"sameAs\":[],\"logo\":{\"@type\":\"ImageObject\",\"inLanguage\":\"de-DE\",\"@id\":\"https:\/\/corsicallc.com\/#\/schema\/logo\/image\/\",\"url\":\"https:\/\/corsicallc.com\/wp-content\/uploads\/2021\/11\/logo_cube_1024.jpg\",\"contentUrl\":\"https:\/\/corsicallc.com\/wp-content\/uploads\/2021\/11\/logo_cube_1024.jpg\",\"width\":1024,\"height\":1024,\"caption\":\"Corsica LLC\"},\"image\":{\"@id\":\"https:\/\/corsicallc.com\/#\/schema\/logo\/image\/\"}}]}<\/script>\n<!-- \/ Yoast SEO Premium plugin. -->","yoast_head_json":{"title":"Chemische Eigenschaften von Seltenerdelementen","description":"Chemische Eigenschaften von Seltenerdelementen - Oxide, Dioxide, Die chemische Aktivit\u00e4t, Lanthanoid-Kontraktion, Oxidationszustand","robots":{"index":"index","follow":"follow","max-snippet":"max-snippet:-1","max-image-preview":"max-image-preview:large","max-video-preview":"max-video-preview:-1"},"canonical":"https:\/\/corsicallc.com\/de\/artikel\/chemische-eigenschaften-von-seltenerdelementen\/","og_locale":"de_DE","og_type":"article","og_title":"Chemische Eigenschaften von Seltenerdelementen","og_description":"Chemische Eigenschaften von Seltenerdelementen - Oxide, Dioxide, Die chemische Aktivit\u00e4t, Lanthanoid-Kontraktion, Oxidationszustand","og_url":"https:\/\/corsicallc.com\/de\/artikel\/chemische-eigenschaften-von-seltenerdelementen\/","og_site_name":"Corsica LLC","article_modified_time":"2021-12-04T11:10:26+00:00","og_image":[{"width":1150,"height":767,"url":"https:\/\/corsicallc.com\/wp-content\/uploads\/2021\/10\/Chemical-properties-of-rare-earth-elements.jpg","type":"image\/jpeg"}],"twitter_card":"summary_large_image","twitter_misc":{"Gesch\u00e4tzte Lesezeit":"6 Minuten"},"schema":{"@context":"https:\/\/schema.org","@graph":[{"@type":"WebPage","@id":"https:\/\/corsicallc.com\/de\/artikel\/chemische-eigenschaften-von-seltenerdelementen\/","url":"https:\/\/corsicallc.com\/de\/artikel\/chemische-eigenschaften-von-seltenerdelementen\/","name":"Chemische Eigenschaften von Seltenerdelementen","isPartOf":{"@id":"https:\/\/corsicallc.com\/#website"},"datePublished":"2021-11-22T13:23:07+00:00","dateModified":"2021-12-04T11:10:26+00:00","description":"Chemische Eigenschaften von Seltenerdelementen - Oxide, Dioxide, Die chemische Aktivit\u00e4t, Lanthanoid-Kontraktion, Oxidationszustand","breadcrumb":{"@id":"https:\/\/corsicallc.com\/de\/artikel\/chemische-eigenschaften-von-seltenerdelementen\/#breadcrumb"},"inLanguage":"de-DE","potentialAction":[{"@type":"ReadAction","target":["https:\/\/corsicallc.com\/de\/artikel\/chemische-eigenschaften-von-seltenerdelementen\/"]}]},{"@type":"BreadcrumbList","@id":"https:\/\/corsicallc.com\/de\/artikel\/chemische-eigenschaften-von-seltenerdelementen\/#breadcrumb","itemListElement":[{"@type":"ListItem","position":1,"name":"Heim","item":"https:\/\/corsicallc.com\/de\/"},{"@type":"ListItem","position":2,"name":"Artikel","item":"https:\/\/corsicallc.com\/de\/artikel\/"},{"@type":"ListItem","position":3,"name":"Chemische Eigenschaften von Seltenerdelementen"}]},{"@type":"WebSite","@id":"https:\/\/corsicallc.com\/#website","url":"https:\/\/corsicallc.com\/","name":"Corsica LLC","description":"Hochreine Metalle zum Verkauf","publisher":{"@id":"https:\/\/corsicallc.com\/#organization"},"potentialAction":[{"@type":"SearchAction","target":{"@type":"EntryPoint","urlTemplate":"https:\/\/corsicallc.com\/?s={search_term_string}"},"query-input":"required name=search_term_string"}],"inLanguage":"de-DE"},{"@type":"Organization","@id":"https:\/\/corsicallc.com\/#organization","name":"Corsica LLC","url":"https:\/\/corsicallc.com\/","sameAs":[],"logo":{"@type":"ImageObject","inLanguage":"de-DE","@id":"https:\/\/corsicallc.com\/#\/schema\/logo\/image\/","url":"https:\/\/corsicallc.com\/wp-content\/uploads\/2021\/11\/logo_cube_1024.jpg","contentUrl":"https:\/\/corsicallc.com\/wp-content\/uploads\/2021\/11\/logo_cube_1024.jpg","width":1024,"height":1024,"caption":"Corsica LLC"},"image":{"@id":"https:\/\/corsicallc.com\/#\/schema\/logo\/image\/"}}]}},"_links":{"self":[{"href":"https:\/\/corsicallc.com\/de\/wp-json\/wp\/v2\/pages\/7834"}],"collection":[{"href":"https:\/\/corsicallc.com\/de\/wp-json\/wp\/v2\/pages"}],"about":[{"href":"https:\/\/corsicallc.com\/de\/wp-json\/wp\/v2\/types\/page"}],"author":[{"embeddable":true,"href":"https:\/\/corsicallc.com\/de\/wp-json\/wp\/v2\/users\/1"}],"replies":[{"embeddable":true,"href":"https:\/\/corsicallc.com\/de\/wp-json\/wp\/v2\/comments?post=7834"}],"version-history":[{"count":17,"href":"https:\/\/corsicallc.com\/de\/wp-json\/wp\/v2\/pages\/7834\/revisions"}],"predecessor-version":[{"id":8652,"href":"https:\/\/corsicallc.com\/de\/wp-json\/wp\/v2\/pages\/7834\/revisions\/8652"}],"up":[{"embeddable":true,"href":"https:\/\/corsicallc.com\/de\/wp-json\/wp\/v2\/pages\/7734"}],"wp:featuredmedia":[{"embeddable":true,"href":"https:\/\/corsicallc.com\/de\/wp-json\/wp\/v2\/media\/7633"}],"wp:attachment":[{"href":"https:\/\/corsicallc.com\/de\/wp-json\/wp\/v2\/media?parent=7834"}],"curies":[{"name":"wp","href":"https:\/\/api.w.org\/{rel}","templated":true}]}}