{"id":7842,"date":"2021-11-22T16:56:11","date_gmt":"2021-11-22T16:56:11","guid":{"rendered":"https:\/\/corsicallc.com\/artikel\/anwendung-von-seltenerdmetallen\/"},"modified":"2021-12-04T11:11:32","modified_gmt":"2021-12-04T11:11:32","slug":"anwendung-von-seltenerdmetallen","status":"publish","type":"page","link":"https:\/\/corsicallc.com\/de\/artikel\/anwendung-von-seltenerdmetallen\/","title":{"rendered":"Anwendung von Seltenerdmetallen"},"content":{"rendered":"<p>[vc_row][vc_column offset=&#8221;vc_col-lg-9 vc_col-md-9&#8243;][vc_single_image image=&#8221;7635&#8243; img_size=&#8221;stm-image-1110&#215;550-croped&#8221; alignment=&#8221;center&#8221; css=&#8221;.vc_custom_1634988814476{margin-bottom: 45px !important;}&#8221;][vc_custom_heading text=&#8221;Seltenerdmetalle in der Industrie in der verarbeitenden Industrie&#8221; font_container=&#8221;tag:h2|font_size:28|text_align:left&#8221; use_theme_fonts=&#8221;yes&#8221;][vc_column_text css=&#8221;.vc_custom_1634347747684{margin-bottom: 25px !important;}&#8221;]Die Anwendungen von Seltenerdelementen sind sehr vielf\u00e4ltig. Seltene Erden spielen eine Schl\u00fcsselrolle bei der Herstellung von Materialien f\u00fcr Hightech-Verbrauchersektoren wie die elektronische und elektrooptische Industrie, Informationstechnologie, Biomedizin, Umweltschutz, Energieeinsparung.<\/p>\n<p>Gleichzeitig werden sie bei der Herstellung von Leuchtstoffen, Industriekeramik, Katalysatoren f\u00fcr die Erd\u00f6l- und Automobilindustrie, Supraleiter, Permanentmagnete, hochwertiges Glas, Faseroptik, Sauerstoffsensoren, Laser, langlebige Batterien f\u00fcr Elektro Fahrzeuge, Film- und Fotoausr\u00fcstung. Dar\u00fcber hinaus finden Seltene Erden in traditionellen Verbrauchsbereichen, insbesondere in der Metallurgie, breite Anwendung.<\/p>\n<p>W\u00e4hrend alle Elemente der Seltenen Erden in Form chemischer Verbindungen verwendet werden, werden sie im industriellen Ma\u00dfstab nur teilweise in Form von Metallen (insbesondere bei der Herstellung von Magneten) verbraucht. Die M\u00e4rkte f\u00fcr Seltene Erden gliedern sich nach der Art der konsumierten Produkte in zwei Segmente:<\/p>\n<ul>\n<li>Bereiche, die die Verwendung ungeteilter Elemente erfordern &#8211; Glasherstellung, Katalysatoren f\u00fcr die Erd\u00f6lraffinerie, wiederaufladbare Batterien, Polierpulver, Metallurgie;<\/li>\n<li>Bereiche, die den Einsatz einzelner Seltener Erden erfordern, sind die Herstellung von katalytischen Filtern-Neutralisatoren von Autoabgasen, Magneten, Leuchtstoffen, Kondensatoren, Keramik und einer Reihe anderer Waren.<\/li>\n<\/ul>\n<p>Europium, Neodym, Yttrium, Dysprosium und Terbium geh\u00f6ren nach wie vor zu den beliebtesten Metallen. Der erste wird aktiv in der Kernkraft, Elektronik, Medizin (einschlie\u00dflich Krebsbehandlung) eingesetzt. Neodym wird zur Herstellung von Lasern, Gl\u00fchlampen und in der Landwirtschaft verwendet, sein Oxid wird in der Glasherstellung verwendet. Yttrium konkurriert sogar mit Titan in der Luft- und Raumfahrtindustrie. Terbium wird bei der Herstellung von Computern verwendet. Dysprosium ist in der Kernkraft und Metallurgie unverzichtbar.[\/vc_column_text][vc_custom_heading text=&#8221;Einsatzgebiete in der Industrie&#8221; font_container=&#8221;tag:h3|text_align:left&#8221; use_theme_fonts=&#8221;yes&#8221;][vc_column_text css=&#8221;.vc_custom_1636689199936{margin-bottom: 25px !important;}&#8221;]<\/p>\n<ul>\n<li>Scandium: Raumfahrttechnik, Energiesparlampen<\/li>\n<li>Yttrium: Laser, Mikrowellenfilter, Hochtemperatur-Supraleiter<\/li>\n<li>Lanthan: Linsen, \u00d6lreinigung, Glas mit hohem Brechungsindex, Elektroden<\/li>\n<li>Cer: Glas und Keramik, Polituren, Oxidationsmittel<\/li>\n<li>Praseodym: Magnete, Laser, Gl\u00fchlampen<\/li>\n<li>Neodym: Magnete, Laser<\/li>\n<li>Promethium: Atombatterien<\/li>\n<li>Samarium: Magnete, Laser, Maser<\/li>\n<li>Europium: Laser, Energiesparlampen<\/li>\n<li>Gadolinium: Magnete, Laser, R\u00f6ntgenr\u00f6hren, Magnetresonanztomographie, Computerspeicher<\/li>\n<li>Terbium: Laser, Leuchtstofflampen<\/li>\n<li>Dysprosium: Magnete, Laser<\/li>\n<li>Holmium: Laser<\/li>\n<li>Erbium: Laser, Vanadiumstahl<\/li>\n<li>Tuliy: medizinische R\u00f6ntgenaufnahmen<\/li>\n<li>Ytterbium: Laser<\/li>\n<li>Lutetium: Positronen-Emissions-Tomographie, Glas mit hohem Brechungsindex<\/li>\n<\/ul>\n<p>[\/vc_column_text][\/vc_column][vc_column width=&#8221;1\/4&#8243; offset=&#8221;vc_hidden-sm vc_hidden-xs&#8221;][stm_sidebar sidebar=&#8221;577&#8243;][\/vc_column][\/vc_row][vc_row css=&#8221;.vc_custom_1634297529524{margin-top: 30px !important;margin-bottom: 50px !important;}&#8221;][vc_column offset=&#8221;vc_col-lg-12 vc_col-md-12&#8243;][vc_row_inner][vc_column_inner][vc_custom_heading text=&#8221;Produkte &#8211; Hochreine Metalle&#8221; font_container=&#8221;tag:h3|text_align:center&#8221; use_theme_fonts=&#8221;yes&#8221; css=&#8221;.vc_custom_1633062669766{margin-bottom: 31px !important;}&#8221; link=&#8221;url:https%3A%2F%2Fcorsicallc.com%2Fde%2Fprodukte-hochreine-metalle%2F|title:Produkte%20-%20Hochreine%20Metalle|&#8221;][vc_column_text css=&#8221;.vc_custom_1633062709493{margin-bottom: 25px !important;}&#8221;]<\/p>\n<p style=\"text-align: center;\">Unsere Produkte sind hochreine Metalle, die immer auf Lager sind<\/p>\n<p>[\/vc_column_text][\/vc_column_inner][\/vc_row_inner][vc_row_inner css=&#8221;.vc_custom_1634114126724{background-color: #f2f4fa !important;}&#8221;][vc_column_inner width=&#8221;1\/2&#8243; offset=&#8221;vc_col-lg-3 vc_col-md-3&#8243;][stm_spacing lg_spacing=&#8221;30&#8243; md_spacing=&#8221;30&#8243; sm_spacing=&#8221;30&#8243; xs_spacing=&#8221;30&#8243;][stm_animation_block animation=&#8221;fadeInUp&#8221; animation_duration=&#8221;0.3&#8243; animation_delay=&#8221;0&#8243;][stm_info_box style=&#8221;style_4&#8243; title=&#8221;Nickeldraht&#8221; image=&#8221;6898&#8243; link=&#8221;url:%2Fhigh-purity-metals%2Fnickel-wire%2F|title:Nickel%20Wire&#8221;]Hochreiner Nickeldraht silberwei\u00df 0,025 mm (0,001 in) Durchmesser, 99,78-99,99%[\/stm_info_box][\/stm_animation_block][stm_spacing lg_spacing=&#8221;0&#8243; md_spacing=&#8221;0&#8243; sm_spacing=&#8221;30&#8243; xs_spacing=&#8221;30&#8243;][\/vc_column_inner][vc_column_inner width=&#8221;1\/2&#8243; offset=&#8221;vc_col-lg-3 vc_col-md-3&#8243;][stm_spacing lg_spacing=&#8221;30&#8243; md_spacing=&#8221;30&#8243; sm_spacing=&#8221;30&#8243; xs_spacing=&#8221;30&#8243;][stm_animation_block animation=&#8221;fadeInUp&#8221; animation_duration=&#8221;0.3&#8243; animation_delay=&#8221;0&#8243;][stm_info_box style=&#8221;style_4&#8243; title=&#8221;Kupferpulver&#8221; image=&#8221;6976&#8243; link=&#8221;url:%2Fhigh-purity-metals%2Fultrafine-copper-powder%2F|title:Ultrafine%20High%20Purity%20Copper%20Powder&#8221;]Ultrafeines hochreines Kupferpulver (5N) PMV-E, PMV-X, sauerstofffreies Kupfer, Staub 5-12 Mikron, \u2265 99,999%[\/stm_info_box][\/stm_animation_block][stm_spacing lg_spacing=&#8221;0&#8243; md_spacing=&#8221;0&#8243; sm_spacing=&#8221;30&#8243; xs_spacing=&#8221;30&#8243;][\/vc_column_inner][vc_column_inner width=&#8221;1\/2&#8243; offset=&#8221;vc_col-lg-3 vc_col-md-3&#8243;][stm_spacing lg_spacing=&#8221;30&#8243; md_spacing=&#8221;30&#8243; sm_spacing=&#8221;30&#8243; xs_spacing=&#8221;30&#8243;][stm_animation_block animation=&#8221;fadeInRight&#8221; animation_duration=&#8221;0.3&#8243; animation_delay=&#8221;0&#8243;][stm_info_box style=&#8221;style_4&#8243; title=&#8221;Kupferbarren&#8221; link=&#8221;url:%2Fhigh-purity-metals%2Fcopper-ingot%2F|title:High%20Purity%20Copper%20Ingot&#8221; image=&#8221;6978&#8243;]Zylinder- oder rechteckiger Barren aus hochreinem Kupfer (6N) in einzelnen Beuteln, \u2265 99,9999%[\/stm_info_box][\/stm_animation_block][stm_spacing lg_spacing=&#8221;0&#8243; md_spacing=&#8221;0&#8243; sm_spacing=&#8221;30&#8243; xs_spacing=&#8221;30&#8243;][\/vc_column_inner][vc_column_inner width=&#8221;1\/2&#8243; offset=&#8221;vc_col-lg-3 vc_col-md-3&#8243;][stm_spacing lg_spacing=&#8221;30&#8243; md_spacing=&#8221;30&#8243; sm_spacing=&#8221;30&#8243; xs_spacing=&#8221;30&#8243;][stm_animation_block animation=&#8221;fadeInUp&#8221; animation_duration=&#8221;0.3&#8243; animation_delay=&#8221;0&#8243;][stm_info_box style=&#8221;style_4&#8243; title=&#8221;Zinkpulver&#8221; image=&#8221;6980&#8243; link=&#8221;url:%2Fhigh-purity-metals%2Fzinc-powder-zn-66-isotope%2F|title:High%20Purity%20Zinc%20Powder&#8221;]Ultrafeines hochreines Zinkpulver, nat\u00fcrliches, nicht radioaktives Zn-66-Isotop (4N) 99,992-99,998%[\/stm_info_box][\/stm_animation_block][stm_spacing lg_spacing=&#8221;0&#8243; md_spacing=&#8221;0&#8243; sm_spacing=&#8221;30&#8243; xs_spacing=&#8221;30&#8243;][\/vc_column_inner][\/vc_row_inner][\/vc_column][\/vc_row][vc_row full_width=&#8221;stretch_row&#8221; css=&#8221;.vc_custom_1633063403573{background-color: #f2f4fa !important;}&#8221;][vc_column][stm_spacing lg_spacing=&#8221;50&#8243; md_spacing=&#8221;30&#8243; sm_spacing=&#8221;20&#8243; xs_spacing=&#8221;10&#8243;][stm_image_carousel grayscale=&#8221;yes&#8221; autoplay=&#8221;yes&#8221; timeout=&#8221;2000&#8243; loop=&#8221;yes&#8221; images=&#8221;6936,6935,6939,6944,6965,6966&#8243;][stm_spacing lg_spacing=&#8221;50&#8243; md_spacing=&#8221;30&#8243; sm_spacing=&#8221;20&#8243; xs_spacing=&#8221;10&#8243;][\/vc_column][\/vc_row][vc_row full_width=&#8221;stretch_row&#8221; css=&#8221;.vc_custom_1459505959648{margin-bottom: -60px !important;}&#8221; el_class=&#8221;third_bg_color&#8221;][vc_column][vc_column_text][vc_cta h2=\"Sie ben\u00f6tigen eine kompetente Beratung beim Metallkauf?\" h2_font_container=\"tag:h2|font_size:20px|text_align:left|color:%23002e5b|line_height:24px\" h2_use_theme_fonts=\"yes\" shape=\"square\" style=\"flat\" add_button=\"right\" btn_title=\"fragen stellen\" btn_style=\"flat\" btn_color=\"theme_style_2\" btn_size=\"lg\" btn_align=\"right\" btn_i_align=\"right\" btn_i_icon_fontawesome=\"fa fa-chevron-right\" particles=\"yes\" use_custom_fonts_h2=\"true\" btn_add_icon=\"true\" btn_link=\"url:%23contact_form_pop||\" el_class=\"third_bg_color\" btn_el_class=\"\"][\/vc_cta]\r\n<div class=\"fancybox-hidden\" style=\"display: none;\">\r\n<div id=\"contact_form_pop\"><div role=\"form\" class=\"wpcf7\" id=\"wpcf7-f8524-o1\" lang=\"de-DE\" dir=\"ltr\">\n<div class=\"screen-reader-response\"><p role=\"status\" aria-live=\"polite\" aria-atomic=\"true\"><\/p> <ul><\/ul><\/div>\n<form action=\"\/de\/wp-json\/wp\/v2\/pages\/7842#wpcf7-f8524-o1\" method=\"post\" class=\"wpcf7-form init\" novalidate=\"novalidate\" data-status=\"init\">\n<div style=\"display: none;\">\n<input type=\"hidden\" name=\"_wpcf7\" value=\"8524\" \/>\n<input type=\"hidden\" name=\"_wpcf7_version\" value=\"5.6.2\" \/>\n<input type=\"hidden\" name=\"_wpcf7_locale\" value=\"de_DE\" \/>\n<input type=\"hidden\" name=\"_wpcf7_unit_tag\" value=\"wpcf7-f8524-o1\" \/>\n<input type=\"hidden\" name=\"_wpcf7_container_post\" value=\"0\" \/>\n<input type=\"hidden\" name=\"_wpcf7_posted_data_hash\" value=\"\" \/>\n<input type=\"hidden\" name=\"_wpcf7_recaptcha_response\" value=\"\" \/>\n<\/div>\n<div class=\"request_callback\">\n<div class=\"row\" style=\"margin: 0 -13px;\">\n<div class=\"col-lg-12 col-md-12 col-sm-12 col-xs-12\">\n<div class=\"input-group\">\n                <span class=\"wpcf7-form-control-wrap\" data-name=\"text-name\"><input type=\"text\" name=\"text-name\" value=\"\" size=\"40\" maxlength=\"50\" class=\"wpcf7-form-control wpcf7-text wpcf7-validates-as-required\" aria-required=\"true\" aria-invalid=\"false\" placeholder=\"Dein Name *\" \/><\/span>\n            <\/div>\n<div class=\"input-group\">\n                <span class=\"wpcf7-form-control-wrap\" data-name=\"your-email\"><input type=\"email\" name=\"your-email\" value=\"\" size=\"40\" class=\"wpcf7-form-control wpcf7-text wpcf7-email wpcf7-validates-as-required wpcf7-validates-as-email\" aria-required=\"true\" aria-invalid=\"false\" placeholder=\"Deine Email *\" \/><\/span>\n            <\/div>\n<div class=\"input-group\">\n                <span class=\"wpcf7-form-control-wrap\" data-name=\"tel-117\"><input type=\"tel\" name=\"tel-117\" value=\"\" size=\"40\" class=\"wpcf7-form-control wpcf7-text wpcf7-tel wpcf7-validates-as-required wpcf7-validates-as-tel\" aria-required=\"true\" aria-invalid=\"false\" placeholder=\"Telefon *\" \/><\/span>\n            <\/div>\n<div class=\"input-group\">\n                <span class=\"wpcf7-form-control-wrap\" data-name=\"your-message\"><textarea name=\"your-message\" cols=\"40\" rows=\"10\" class=\"wpcf7-form-control wpcf7-textarea wpcf7-validates-as-required\" aria-required=\"true\" aria-invalid=\"false\" placeholder=\"Ihre Nachricht *\"><\/textarea><\/span>\n            <\/div>\n<div class=\"input-group\">\n                <button type=\"submit\" class=\"button size-lg icon_right\">Senden <i class=\"fa fa-chevron-right\"><\/i><\/button>\n            <\/div>\n<\/div>\n<\/div>\n<\/div>\n<div class=\"wpcf7-response-output\" aria-hidden=\"true\"><\/div><\/form><\/div><\/div>\r\n<\/div>[\/vc_column_text][\/vc_column][\/vc_row]<\/p>\n","protected":false},"excerpt":{"rendered":"<p>[vc_row][vc_column offset=&#8221;vc_col-lg-9 vc_col-md-9&#8243;][vc_single_image image=&#8221;7635&#8243; img_size=&#8221;stm-image-1110&#215;550-croped&#8221; alignment=&#8221;center&#8221; css=&#8221;.vc_custom_1634988814476{margin-bottom: 45px !important;}&#8221;][vc_custom_heading text=&#8221;Seltenerdmetalle in der Industrie in der verarbeitenden Industrie&#8221; font_container=&#8221;tag:h2|font_size:28|text_align:left&#8221; use_theme_fonts=&#8221;yes&#8221;][vc_column_text css=&#8221;.vc_custom_1634347747684{margin-bottom: 25px !important;}&#8221;]Die Anwendungen von Seltenerdelementen sind sehr vielf\u00e4ltig. Seltene Erden spielen eine Schl\u00fcsselrolle bei der Herstellung von Materialien f\u00fcr Hightech-Verbrauchersektoren wie die elektronische und elektrooptische Industrie, Informationstechnologie, Biomedizin, Umweltschutz, Energieeinsparung. Gleichzeitig werden sie bei der<\/p>\n","protected":false},"author":1,"featured_media":7635,"parent":7734,"menu_order":5,"comment_status":"closed","ping_status":"closed","template":"","meta":[],"yoast_head":"<!-- This site is optimized with the Yoast SEO Premium plugin v19.0 (Yoast SEO v19.5.1) - https:\/\/yoast.com\/wordpress\/plugins\/seo\/ -->\n<title>Anwendung von Seltenerdmetallen<\/title>\n<meta name=\"description\" content=\"Einsatzgebiete in Industrieleuchtstoffen, Industriekeramik, Katalysatoren f\u00fcr die Erd\u00f6l- und Automobilindustrie, Supraleiter, Permanentmagnete...\" \/>\n<meta name=\"robots\" content=\"index, follow, max-snippet:-1, max-image-preview:large, max-video-preview:-1\" \/>\n<link rel=\"canonical\" href=\"https:\/\/corsicallc.com\/de\/artikel\/anwendung-von-seltenerdmetallen\/\" \/>\n<meta property=\"og:locale\" content=\"de_DE\" \/>\n<meta property=\"og:type\" content=\"article\" \/>\n<meta property=\"og:title\" content=\"Anwendung von Seltenerdmetallen\" \/>\n<meta property=\"og:description\" content=\"Einsatzgebiete in Industrieleuchtstoffen, Industriekeramik, Katalysatoren f\u00fcr die Erd\u00f6l- und Automobilindustrie, Supraleiter, Permanentmagnete...\" \/>\n<meta property=\"og:url\" content=\"https:\/\/corsicallc.com\/de\/artikel\/anwendung-von-seltenerdmetallen\/\" \/>\n<meta property=\"og:site_name\" content=\"Corsica LLC\" \/>\n<meta property=\"article:modified_time\" content=\"2021-12-04T11:11:32+00:00\" \/>\n<meta property=\"og:image\" content=\"https:\/\/corsicallc.com\/wp-content\/uploads\/2021\/10\/Application-of-rare-earth-metals.jpg\" \/>\n\t<meta property=\"og:image:width\" content=\"2110\" \/>\n\t<meta property=\"og:image:height\" content=\"1413\" \/>\n\t<meta property=\"og:image:type\" content=\"image\/jpeg\" \/>\n<meta name=\"twitter:card\" content=\"summary_large_image\" \/>\n<meta name=\"twitter:label1\" content=\"Gesch\u00e4tzte Lesezeit\" \/>\n\t<meta name=\"twitter:data1\" content=\"3 Minuten\" \/>\n<script type=\"application\/ld+json\" class=\"yoast-schema-graph\">{\"@context\":\"https:\/\/schema.org\",\"@graph\":[{\"@type\":\"WebPage\",\"@id\":\"https:\/\/corsicallc.com\/de\/artikel\/anwendung-von-seltenerdmetallen\/\",\"url\":\"https:\/\/corsicallc.com\/de\/artikel\/anwendung-von-seltenerdmetallen\/\",\"name\":\"Anwendung von Seltenerdmetallen\",\"isPartOf\":{\"@id\":\"https:\/\/corsicallc.com\/#website\"},\"datePublished\":\"2021-11-22T16:56:11+00:00\",\"dateModified\":\"2021-12-04T11:11:32+00:00\",\"description\":\"Einsatzgebiete in Industrieleuchtstoffen, Industriekeramik, Katalysatoren f\u00fcr die Erd\u00f6l- und Automobilindustrie, Supraleiter, Permanentmagnete...\",\"breadcrumb\":{\"@id\":\"https:\/\/corsicallc.com\/de\/artikel\/anwendung-von-seltenerdmetallen\/#breadcrumb\"},\"inLanguage\":\"de-DE\",\"potentialAction\":[{\"@type\":\"ReadAction\",\"target\":[\"https:\/\/corsicallc.com\/de\/artikel\/anwendung-von-seltenerdmetallen\/\"]}]},{\"@type\":\"BreadcrumbList\",\"@id\":\"https:\/\/corsicallc.com\/de\/artikel\/anwendung-von-seltenerdmetallen\/#breadcrumb\",\"itemListElement\":[{\"@type\":\"ListItem\",\"position\":1,\"name\":\"Heim\",\"item\":\"https:\/\/corsicallc.com\/de\/\"},{\"@type\":\"ListItem\",\"position\":2,\"name\":\"Artikel\",\"item\":\"https:\/\/corsicallc.com\/de\/artikel\/\"},{\"@type\":\"ListItem\",\"position\":3,\"name\":\"Anwendung von Seltenerdmetallen\"}]},{\"@type\":\"WebSite\",\"@id\":\"https:\/\/corsicallc.com\/#website\",\"url\":\"https:\/\/corsicallc.com\/\",\"name\":\"Corsica LLC\",\"description\":\"Hochreine Metalle zum Verkauf\",\"publisher\":{\"@id\":\"https:\/\/corsicallc.com\/#organization\"},\"potentialAction\":[{\"@type\":\"SearchAction\",\"target\":{\"@type\":\"EntryPoint\",\"urlTemplate\":\"https:\/\/corsicallc.com\/?s={search_term_string}\"},\"query-input\":\"required name=search_term_string\"}],\"inLanguage\":\"de-DE\"},{\"@type\":\"Organization\",\"@id\":\"https:\/\/corsicallc.com\/#organization\",\"name\":\"Corsica LLC\",\"url\":\"https:\/\/corsicallc.com\/\",\"sameAs\":[],\"logo\":{\"@type\":\"ImageObject\",\"inLanguage\":\"de-DE\",\"@id\":\"https:\/\/corsicallc.com\/#\/schema\/logo\/image\/\",\"url\":\"https:\/\/corsicallc.com\/wp-content\/uploads\/2021\/11\/logo_cube_1024.jpg\",\"contentUrl\":\"https:\/\/corsicallc.com\/wp-content\/uploads\/2021\/11\/logo_cube_1024.jpg\",\"width\":1024,\"height\":1024,\"caption\":\"Corsica LLC\"},\"image\":{\"@id\":\"https:\/\/corsicallc.com\/#\/schema\/logo\/image\/\"}}]}<\/script>\n<!-- \/ Yoast SEO Premium plugin. -->","yoast_head_json":{"title":"Anwendung von Seltenerdmetallen","description":"Einsatzgebiete in Industrieleuchtstoffen, Industriekeramik, Katalysatoren f\u00fcr die Erd\u00f6l- und Automobilindustrie, Supraleiter, Permanentmagnete...","robots":{"index":"index","follow":"follow","max-snippet":"max-snippet:-1","max-image-preview":"max-image-preview:large","max-video-preview":"max-video-preview:-1"},"canonical":"https:\/\/corsicallc.com\/de\/artikel\/anwendung-von-seltenerdmetallen\/","og_locale":"de_DE","og_type":"article","og_title":"Anwendung von Seltenerdmetallen","og_description":"Einsatzgebiete in Industrieleuchtstoffen, Industriekeramik, Katalysatoren f\u00fcr die Erd\u00f6l- und Automobilindustrie, Supraleiter, Permanentmagnete...","og_url":"https:\/\/corsicallc.com\/de\/artikel\/anwendung-von-seltenerdmetallen\/","og_site_name":"Corsica LLC","article_modified_time":"2021-12-04T11:11:32+00:00","og_image":[{"width":2110,"height":1413,"url":"https:\/\/corsicallc.com\/wp-content\/uploads\/2021\/10\/Application-of-rare-earth-metals.jpg","type":"image\/jpeg"}],"twitter_card":"summary_large_image","twitter_misc":{"Gesch\u00e4tzte Lesezeit":"3 Minuten"},"schema":{"@context":"https:\/\/schema.org","@graph":[{"@type":"WebPage","@id":"https:\/\/corsicallc.com\/de\/artikel\/anwendung-von-seltenerdmetallen\/","url":"https:\/\/corsicallc.com\/de\/artikel\/anwendung-von-seltenerdmetallen\/","name":"Anwendung von Seltenerdmetallen","isPartOf":{"@id":"https:\/\/corsicallc.com\/#website"},"datePublished":"2021-11-22T16:56:11+00:00","dateModified":"2021-12-04T11:11:32+00:00","description":"Einsatzgebiete in Industrieleuchtstoffen, Industriekeramik, Katalysatoren f\u00fcr die Erd\u00f6l- und Automobilindustrie, Supraleiter, Permanentmagnete...","breadcrumb":{"@id":"https:\/\/corsicallc.com\/de\/artikel\/anwendung-von-seltenerdmetallen\/#breadcrumb"},"inLanguage":"de-DE","potentialAction":[{"@type":"ReadAction","target":["https:\/\/corsicallc.com\/de\/artikel\/anwendung-von-seltenerdmetallen\/"]}]},{"@type":"BreadcrumbList","@id":"https:\/\/corsicallc.com\/de\/artikel\/anwendung-von-seltenerdmetallen\/#breadcrumb","itemListElement":[{"@type":"ListItem","position":1,"name":"Heim","item":"https:\/\/corsicallc.com\/de\/"},{"@type":"ListItem","position":2,"name":"Artikel","item":"https:\/\/corsicallc.com\/de\/artikel\/"},{"@type":"ListItem","position":3,"name":"Anwendung von Seltenerdmetallen"}]},{"@type":"WebSite","@id":"https:\/\/corsicallc.com\/#website","url":"https:\/\/corsicallc.com\/","name":"Corsica LLC","description":"Hochreine Metalle zum Verkauf","publisher":{"@id":"https:\/\/corsicallc.com\/#organization"},"potentialAction":[{"@type":"SearchAction","target":{"@type":"EntryPoint","urlTemplate":"https:\/\/corsicallc.com\/?s={search_term_string}"},"query-input":"required name=search_term_string"}],"inLanguage":"de-DE"},{"@type":"Organization","@id":"https:\/\/corsicallc.com\/#organization","name":"Corsica LLC","url":"https:\/\/corsicallc.com\/","sameAs":[],"logo":{"@type":"ImageObject","inLanguage":"de-DE","@id":"https:\/\/corsicallc.com\/#\/schema\/logo\/image\/","url":"https:\/\/corsicallc.com\/wp-content\/uploads\/2021\/11\/logo_cube_1024.jpg","contentUrl":"https:\/\/corsicallc.com\/wp-content\/uploads\/2021\/11\/logo_cube_1024.jpg","width":1024,"height":1024,"caption":"Corsica LLC"},"image":{"@id":"https:\/\/corsicallc.com\/#\/schema\/logo\/image\/"}}]}},"_links":{"self":[{"href":"https:\/\/corsicallc.com\/de\/wp-json\/wp\/v2\/pages\/7842"}],"collection":[{"href":"https:\/\/corsicallc.com\/de\/wp-json\/wp\/v2\/pages"}],"about":[{"href":"https:\/\/corsicallc.com\/de\/wp-json\/wp\/v2\/types\/page"}],"author":[{"embeddable":true,"href":"https:\/\/corsicallc.com\/de\/wp-json\/wp\/v2\/users\/1"}],"replies":[{"embeddable":true,"href":"https:\/\/corsicallc.com\/de\/wp-json\/wp\/v2\/comments?post=7842"}],"version-history":[{"count":21,"href":"https:\/\/corsicallc.com\/de\/wp-json\/wp\/v2\/pages\/7842\/revisions"}],"predecessor-version":[{"id":8655,"href":"https:\/\/corsicallc.com\/de\/wp-json\/wp\/v2\/pages\/7842\/revisions\/8655"}],"up":[{"embeddable":true,"href":"https:\/\/corsicallc.com\/de\/wp-json\/wp\/v2\/pages\/7734"}],"wp:featuredmedia":[{"embeddable":true,"href":"https:\/\/corsicallc.com\/de\/wp-json\/wp\/v2\/media\/7635"}],"wp:attachment":[{"href":"https:\/\/corsicallc.com\/de\/wp-json\/wp\/v2\/media?parent=7842"}],"curies":[{"name":"wp","href":"https:\/\/api.w.org\/{rel}","templated":true}]}}