{"id":8013,"date":"2021-11-23T10:59:49","date_gmt":"2021-11-23T10:59:49","guid":{"rendered":"https:\/\/corsicallc.com\/seltenerdmetalle\/thulium\/"},"modified":"2021-12-03T20:04:49","modified_gmt":"2021-12-03T20:04:49","slug":"thulium","status":"publish","type":"page","link":"https:\/\/corsicallc.com\/de\/seltenerdmetalle\/thulium\/","title":{"rendered":"Thulium"},"content":{"rendered":"<p>[vc_row][vc_column offset=&#8221;vc_col-lg-9 vc_col-md-9&#8243;][vc_single_image image=&#8221;7624&#8243; img_size=&#8221;stm-image-1110&#215;550-croped&#8221; css=&#8221;.vc_custom_1633587969562{margin-bottom: 45px !important;}&#8221;][vc_custom_heading text=&#8221;Thulium (Tm) 69&#8243; font_container=&#8221;tag:h2|font_size:28|text_align:left&#8221; use_theme_fonts=&#8221;yes&#8221;][vc_column_text css=&#8221;.vc_custom_1633588022990{margin-bottom: 25px !important;}&#8221;]Das chemische Elementsymbol ist (Tm) und die Ordnungszahl 69.[\/vc_column_text][vc_column_text css=&#8221;.vc_custom_1633588031780{margin-bottom: 34px !important;}&#8221;]<\/p>\n<blockquote><p>Thulium ist ein Seltenerdmetall, das in die Gruppe der schweren Seltenerdelemente (SSEE) eingeordnet wird.<\/p><\/blockquote>\n<p>[\/vc_column_text][vc_column_text css=&#8221;.vc_custom_1633588040732{margin-bottom: 25px !important;}&#8221;]Der schwedische Chemiker Per Teodor Cleve entdeckte Thulium 1879, indem er nach Verunreinigungen in den Oxiden anderer Seltenerdelemente suchte. Cleve begann damit, alle bekannten Verunreinigungen Erbia zu entfernen. Nach der Weiterverarbeitung erhielt er zwei neue Substanzen: eine braune und eine gr\u00fcne. Die braune Substanz ist Holmiumoxid und Holmia Cleve ernennt das Element. Das gr\u00fcne Zeug ist das Oxid eines unbekannten Elements. Cleve nannte das Oxid Thulia und sein Element Thulium nach Thule in Skandinavien. Das Atomsymbol Thulium war urspr\u00fcnglich (Tu) und wurde modifiziert (Tm).[\/vc_column_text][vc_custom_heading text=&#8221;Eigenschaften&#8221; font_container=&#8221;tag:h3|text_align:left&#8221; use_theme_fonts=&#8221;yes&#8221;][vc_column_text css=&#8221;.vc_custom_1636688401319{margin-bottom: 25px !important;}&#8221;]Das Thulium ist ein gl\u00e4nzendes Silbermetall, das an der Luft einigerma\u00dfen stabil ist. Es ist weich, formbar und kann mit einem Messer geschnitten werden. Thulium reines Metall z\u00e4hmt langsam an der Luft und verbrennt leicht bei 150 \u00b0 C, um Oxid Thulium zu bilden. Thulium reagiert mit Halogenen.[\/vc_column_text][vc_custom_heading text=&#8221;Eigenschaften &amp; Anwendungen&#8221; font_container=&#8221;tag:h3|text_align:left&#8221; use_theme_fonts=&#8221;yes&#8221;][vc_column_text css=&#8221;.vc_custom_1633588063994{margin-bottom: 25px !important;}&#8221;]Als f\u00fcnftes Mitglied der Gruppe schweren Seltenerdelemente (SSEE) hat das Thulium f\u00fcnf ungepaarte Elektronen, die der Fluoreszenz die F\u00e4higkeit verleihen, die Exposition gegen\u00fcber R\u00f6ntgenstrahlen, Stadien- und Sportplatzbeleuchtung und Laserstrahlen bei Operationen zu reduzieren.<\/p>\n<p>Bei der Bestrahlung in einem Kernreaktor erzeugt Thulium ein Isotop, das R\u00f6ntgenstrahlen aussendet. Ein \u201eKnopf\u201c dieses Isotops wird verwendet, um ein leichtes, tragbares R\u00f6ntgenger\u00e4t f\u00fcr den medizinischen Gebrauch herzustellen. Thulium wird in Lasern mit chirurgischen Anwendungen verwendet.[\/vc_column_text][vc_custom_heading text=&#8221;Lieferungen&#8221; font_container=&#8221;tag:h3|text_align:left&#8221; use_theme_fonts=&#8221;yes&#8221;][vc_row_inner css=&#8221;.vc_custom_1456219515168{margin-bottom: 27px !important;}&#8221;][vc_column_inner width=&#8221;1\/3&#8243;][vc_custom_heading text=&#8221;Top 3 Produzenten&#8221; font_container=&#8221;tag:h4|text_align:left|color:%23222222&#8243; use_theme_fonts=&#8221;yes&#8221; css=&#8221;.vc_custom_1632996382437{margin-bottom: 23px !important;}&#8221;][vc_column_text]1. China<br \/>\n2. Russland<br \/>\n3. Malaysia[\/vc_column_text][\/vc_column_inner][vc_column_inner width=&#8221;2\/3&#8243;][vc_custom_heading text=&#8221;Top 3 Reserve-Inhaber&#8221; font_container=&#8221;tag:h4|text_align:left|color:%23222222&#8243; use_theme_fonts=&#8221;yes&#8221; css=&#8221;.vc_custom_1632996448439{margin-bottom: 27px !important;}&#8221;][vc_column_text]1. China<br \/>\n2. GUS-Staaten (inkl. Russland)<br \/>\n3. USA[\/vc_column_text][\/vc_column_inner][\/vc_row_inner][vc_row_inner][vc_column_inner][vc_custom_heading text=&#8221;Anwendungsgebiet&#8221; font_container=&#8221;tag:h3|text_align:left&#8221; use_theme_fonts=&#8221;yes&#8221; css=&#8221;.vc_custom_1633061756957{margin-bottom: 23px !important;}&#8221;][vc_column_text]<\/p>\n<ul>\n<li>R\u00f6ntgenbildschirme<\/li>\n<li>Lampen mit Halogenen<\/li>\n<li>Strahlenquelle von R\u00f6ntgenger\u00e4ten<\/li>\n<li>Strahlungsquelle und Beleuchtung, die in Sportstadien, Filmszenen und Innen- und Au\u00dfenbeleuchtungen verwendet wird, kommerzielle Berufung<\/li>\n<li>Laser mit Thulium, Chrom und Holmium werden in der Chirurgie, Zahnheilkunde, atmosph\u00e4rischen Pr\u00fcfung und Fernerkundung eingesetzt<\/li>\n<li>Laser, die bei laparoskopischen Verfahren und medizinischen Verfahren zum Schneiden und Kauterisieren der Endoskopie verwendet werden<\/li>\n<\/ul>\n<p>[\/vc_column_text][\/vc_column_inner][\/vc_row_inner][vc_row_inner][vc_column_inner][vc_custom_heading text=&#8221;Produkte &#8211; Hochreine Metalle&#8221; font_container=&#8221;tag:h3|text_align:center&#8221; use_theme_fonts=&#8221;yes&#8221; css=&#8221;.vc_custom_1633062669766{margin-bottom: 31px !important;}&#8221; link=&#8221;url:https%3A%2F%2Fcorsicallc.com%2Fde%2Fprodukte-hochreine-metalle%2F|title:Produkte%20-%20Hochreine%20Metalle|&#8221;][vc_column_text css=&#8221;.vc_custom_1633062709493{margin-bottom: 25px !important;}&#8221;]<\/p>\n<p style=\"text-align: center;\">Unsere Produkte sind hochreine Metalle, die immer auf Lager sind<\/p>\n<p>[\/vc_column_text][stm_news loop=&#8221;size:3|order_by:rand|post_type:page|by_id:6972,6970,6968,6896&#8243; view_style=&#8221;style_5&#8243;][\/vc_column_inner][\/vc_row_inner][\/vc_column][vc_column width=&#8221;1\/4&#8243; offset=&#8221;vc_hidden-sm vc_hidden-xs&#8221;][stm_sidebar sidebar=&#8221;577&#8243;][\/vc_column][\/vc_row][vc_row full_width=&#8221;stretch_row&#8221; css=&#8221;.vc_custom_1633063403573{background-color: #f2f4fa !important;}&#8221;][vc_column][stm_spacing lg_spacing=&#8221;50&#8243; md_spacing=&#8221;30&#8243; sm_spacing=&#8221;20&#8243; xs_spacing=&#8221;10&#8243;][stm_image_carousel grayscale=&#8221;yes&#8221; autoplay=&#8221;yes&#8221; timeout=&#8221;2000&#8243; loop=&#8221;yes&#8221; images=&#8221;6936,6935,6939,6944,6965,6966&#8243;][stm_spacing lg_spacing=&#8221;50&#8243; md_spacing=&#8221;30&#8243; sm_spacing=&#8221;20&#8243; xs_spacing=&#8221;10&#8243;][\/vc_column][\/vc_row][vc_row full_width=&#8221;stretch_row&#8221; css=&#8221;.vc_custom_1459505959648{margin-bottom: -60px !important;}&#8221; el_class=&#8221;third_bg_color&#8221;][vc_column][vc_column_text][vc_cta h2=\"Sie ben\u00f6tigen eine kompetente Beratung beim Metallkauf?\" h2_font_container=\"tag:h2|font_size:20px|text_align:left|color:%23002e5b|line_height:24px\" h2_use_theme_fonts=\"yes\" shape=\"square\" style=\"flat\" add_button=\"right\" btn_title=\"fragen stellen\" btn_style=\"flat\" btn_color=\"theme_style_2\" btn_size=\"lg\" btn_align=\"right\" btn_i_align=\"right\" btn_i_icon_fontawesome=\"fa fa-chevron-right\" particles=\"yes\" use_custom_fonts_h2=\"true\" btn_add_icon=\"true\" btn_link=\"url:%23contact_form_pop||\" el_class=\"third_bg_color\" btn_el_class=\"\"][\/vc_cta]\r\n<div class=\"fancybox-hidden\" style=\"display: none;\">\r\n<div id=\"contact_form_pop\"><div role=\"form\" class=\"wpcf7\" id=\"wpcf7-f8524-o1\" lang=\"de-DE\" dir=\"ltr\">\n<div class=\"screen-reader-response\"><p role=\"status\" aria-live=\"polite\" aria-atomic=\"true\"><\/p> <ul><\/ul><\/div>\n<form action=\"\/de\/wp-json\/wp\/v2\/pages\/8013#wpcf7-f8524-o1\" method=\"post\" class=\"wpcf7-form init\" novalidate=\"novalidate\" data-status=\"init\">\n<div style=\"display: none;\">\n<input type=\"hidden\" name=\"_wpcf7\" value=\"8524\" \/>\n<input type=\"hidden\" name=\"_wpcf7_version\" value=\"5.6.2\" \/>\n<input type=\"hidden\" name=\"_wpcf7_locale\" value=\"de_DE\" \/>\n<input type=\"hidden\" name=\"_wpcf7_unit_tag\" value=\"wpcf7-f8524-o1\" \/>\n<input type=\"hidden\" name=\"_wpcf7_container_post\" value=\"0\" \/>\n<input type=\"hidden\" name=\"_wpcf7_posted_data_hash\" value=\"\" \/>\n<input type=\"hidden\" name=\"_wpcf7_recaptcha_response\" value=\"\" \/>\n<\/div>\n<div class=\"request_callback\">\n<div class=\"row\" style=\"margin: 0 -13px;\">\n<div class=\"col-lg-12 col-md-12 col-sm-12 col-xs-12\">\n<div class=\"input-group\">\n                <span class=\"wpcf7-form-control-wrap\" data-name=\"text-name\"><input type=\"text\" name=\"text-name\" value=\"\" size=\"40\" maxlength=\"50\" class=\"wpcf7-form-control wpcf7-text wpcf7-validates-as-required\" aria-required=\"true\" aria-invalid=\"false\" placeholder=\"Dein Name *\" \/><\/span>\n            <\/div>\n<div class=\"input-group\">\n                <span class=\"wpcf7-form-control-wrap\" data-name=\"your-email\"><input type=\"email\" name=\"your-email\" value=\"\" size=\"40\" class=\"wpcf7-form-control wpcf7-text wpcf7-email wpcf7-validates-as-required wpcf7-validates-as-email\" aria-required=\"true\" aria-invalid=\"false\" placeholder=\"Deine Email *\" \/><\/span>\n            <\/div>\n<div class=\"input-group\">\n                <span class=\"wpcf7-form-control-wrap\" data-name=\"tel-117\"><input type=\"tel\" name=\"tel-117\" value=\"\" size=\"40\" class=\"wpcf7-form-control wpcf7-text wpcf7-tel wpcf7-validates-as-required wpcf7-validates-as-tel\" aria-required=\"true\" aria-invalid=\"false\" placeholder=\"Telefon *\" \/><\/span>\n            <\/div>\n<div class=\"input-group\">\n                <span class=\"wpcf7-form-control-wrap\" data-name=\"your-message\"><textarea name=\"your-message\" cols=\"40\" rows=\"10\" class=\"wpcf7-form-control wpcf7-textarea wpcf7-validates-as-required\" aria-required=\"true\" aria-invalid=\"false\" placeholder=\"Ihre Nachricht *\"><\/textarea><\/span>\n            <\/div>\n<div class=\"input-group\">\n                <button type=\"submit\" class=\"button size-lg icon_right\">Senden <i class=\"fa fa-chevron-right\"><\/i><\/button>\n            <\/div>\n<\/div>\n<\/div>\n<\/div>\n<div class=\"wpcf7-response-output\" aria-hidden=\"true\"><\/div><\/form><\/div><\/div>\r\n<\/div>[\/vc_column_text][\/vc_column][\/vc_row]<\/p>\n","protected":false},"excerpt":{"rendered":"<p>[vc_row][vc_column offset=&#8221;vc_col-lg-9 vc_col-md-9&#8243;][vc_single_image image=&#8221;7624&#8243; img_size=&#8221;stm-image-1110&#215;550-croped&#8221; css=&#8221;.vc_custom_1633587969562{margin-bottom: 45px !important;}&#8221;][vc_custom_heading text=&#8221;Thulium (Tm) 69&#8243; font_container=&#8221;tag:h2|font_size:28|text_align:left&#8221; use_theme_fonts=&#8221;yes&#8221;][vc_column_text css=&#8221;.vc_custom_1633588022990{margin-bottom: 25px !important;}&#8221;]Das chemische Elementsymbol ist (Tm) und die Ordnungszahl 69.[\/vc_column_text][vc_column_text css=&#8221;.vc_custom_1633588031780{margin-bottom: 34px !important;}&#8221;] Thulium ist ein Seltenerdmetall, das in die Gruppe der schweren Seltenerdelemente (SSEE) eingeordnet wird. [\/vc_column_text][vc_column_text css=&#8221;.vc_custom_1633588040732{margin-bottom: 25px !important;}&#8221;]Der schwedische Chemiker Per Teodor Cleve entdeckte Thulium 1879, indem er<\/p>\n","protected":false},"author":1,"featured_media":7624,"parent":7720,"menu_order":1,"comment_status":"closed","ping_status":"closed","template":"","meta":[],"yoast_head":"<!-- This site is optimized with the Yoast SEO Premium plugin v19.0 (Yoast SEO v19.5.1) - https:\/\/yoast.com\/wordpress\/plugins\/seo\/ -->\n<title>Thulium Seltenerdmetall - Tm Chemisches Element Ordnungszahl 69<\/title>\n<meta name=\"description\" content=\"Thulium (Tm) 69 wird zur Herstellung von tragbaren R\u00f6ntgenger\u00e4ten f\u00fcr medizinische Zwecke verwendet. Ionen werden verwendet, um Infrarotstrahlung zu erzeugen. Verkauf von Thulium\" \/>\n<meta name=\"robots\" content=\"index, follow, max-snippet:-1, max-image-preview:large, max-video-preview:-1\" \/>\n<link rel=\"canonical\" href=\"https:\/\/corsicallc.com\/de\/seltenerdmetalle\/thulium\/\" \/>\n<meta property=\"og:locale\" content=\"de_DE\" \/>\n<meta property=\"og:type\" content=\"article\" \/>\n<meta property=\"og:title\" content=\"Thulium\" \/>\n<meta property=\"og:description\" content=\"Thulium (Tm) 69 wird zur Herstellung von tragbaren R\u00f6ntgenger\u00e4ten f\u00fcr medizinische Zwecke verwendet. Ionen werden verwendet, um Infrarotstrahlung zu erzeugen. Verkauf von Thulium\" \/>\n<meta property=\"og:url\" content=\"https:\/\/corsicallc.com\/de\/seltenerdmetalle\/thulium\/\" \/>\n<meta property=\"og:site_name\" content=\"Corsica LLC\" \/>\n<meta property=\"article:modified_time\" content=\"2021-12-03T20:04:49+00:00\" \/>\n<meta property=\"og:image\" content=\"https:\/\/corsicallc.com\/wp-content\/uploads\/2021\/10\/Thulium-Metal-chemical-element-with-the-symbol-Tm-atomic-number-69.jpg\" \/>\n\t<meta property=\"og:image:width\" content=\"825\" \/>\n\t<meta property=\"og:image:height\" content=\"400\" \/>\n\t<meta property=\"og:image:type\" content=\"image\/jpeg\" \/>\n<meta name=\"twitter:card\" content=\"summary_large_image\" \/>\n<meta name=\"twitter:label1\" content=\"Gesch\u00e4tzte Lesezeit\" \/>\n\t<meta name=\"twitter:data1\" content=\"2 Minuten\" \/>\n<script type=\"application\/ld+json\" class=\"yoast-schema-graph\">{\"@context\":\"https:\/\/schema.org\",\"@graph\":[{\"@type\":\"WebPage\",\"@id\":\"https:\/\/corsicallc.com\/de\/seltenerdmetalle\/thulium\/\",\"url\":\"https:\/\/corsicallc.com\/de\/seltenerdmetalle\/thulium\/\",\"name\":\"Thulium Seltenerdmetall - Tm Chemisches Element Ordnungszahl 69\",\"isPartOf\":{\"@id\":\"https:\/\/corsicallc.com\/#website\"},\"datePublished\":\"2021-11-23T10:59:49+00:00\",\"dateModified\":\"2021-12-03T20:04:49+00:00\",\"description\":\"Thulium (Tm) 69 wird zur Herstellung von tragbaren R\u00f6ntgenger\u00e4ten f\u00fcr medizinische Zwecke verwendet. Ionen werden verwendet, um Infrarotstrahlung zu erzeugen. Verkauf von Thulium\",\"breadcrumb\":{\"@id\":\"https:\/\/corsicallc.com\/de\/seltenerdmetalle\/thulium\/#breadcrumb\"},\"inLanguage\":\"de-DE\",\"potentialAction\":[{\"@type\":\"ReadAction\",\"target\":[\"https:\/\/corsicallc.com\/de\/seltenerdmetalle\/thulium\/\"]}]},{\"@type\":\"BreadcrumbList\",\"@id\":\"https:\/\/corsicallc.com\/de\/seltenerdmetalle\/thulium\/#breadcrumb\",\"itemListElement\":[{\"@type\":\"ListItem\",\"position\":1,\"name\":\"Heim\",\"item\":\"https:\/\/corsicallc.com\/de\/\"},{\"@type\":\"ListItem\",\"position\":2,\"name\":\"Seltenerdmetalle\",\"item\":\"https:\/\/corsicallc.com\/de\/seltenerdmetalle\/\"},{\"@type\":\"ListItem\",\"position\":3,\"name\":\"Thulium\"}]},{\"@type\":\"WebSite\",\"@id\":\"https:\/\/corsicallc.com\/#website\",\"url\":\"https:\/\/corsicallc.com\/\",\"name\":\"Corsica LLC\",\"description\":\"Hochreine Metalle zum Verkauf\",\"publisher\":{\"@id\":\"https:\/\/corsicallc.com\/#organization\"},\"potentialAction\":[{\"@type\":\"SearchAction\",\"target\":{\"@type\":\"EntryPoint\",\"urlTemplate\":\"https:\/\/corsicallc.com\/?s={search_term_string}\"},\"query-input\":\"required name=search_term_string\"}],\"inLanguage\":\"de-DE\"},{\"@type\":\"Organization\",\"@id\":\"https:\/\/corsicallc.com\/#organization\",\"name\":\"Corsica LLC\",\"url\":\"https:\/\/corsicallc.com\/\",\"sameAs\":[],\"logo\":{\"@type\":\"ImageObject\",\"inLanguage\":\"de-DE\",\"@id\":\"https:\/\/corsicallc.com\/#\/schema\/logo\/image\/\",\"url\":\"https:\/\/corsicallc.com\/wp-content\/uploads\/2021\/11\/logo_cube_1024.jpg\",\"contentUrl\":\"https:\/\/corsicallc.com\/wp-content\/uploads\/2021\/11\/logo_cube_1024.jpg\",\"width\":1024,\"height\":1024,\"caption\":\"Corsica LLC\"},\"image\":{\"@id\":\"https:\/\/corsicallc.com\/#\/schema\/logo\/image\/\"}}]}<\/script>\n<!-- \/ Yoast SEO Premium plugin. -->","yoast_head_json":{"title":"Thulium Seltenerdmetall - Tm Chemisches Element Ordnungszahl 69","description":"Thulium (Tm) 69 wird zur Herstellung von tragbaren R\u00f6ntgenger\u00e4ten f\u00fcr medizinische Zwecke verwendet. Ionen werden verwendet, um Infrarotstrahlung zu erzeugen. Verkauf von Thulium","robots":{"index":"index","follow":"follow","max-snippet":"max-snippet:-1","max-image-preview":"max-image-preview:large","max-video-preview":"max-video-preview:-1"},"canonical":"https:\/\/corsicallc.com\/de\/seltenerdmetalle\/thulium\/","og_locale":"de_DE","og_type":"article","og_title":"Thulium","og_description":"Thulium (Tm) 69 wird zur Herstellung von tragbaren R\u00f6ntgenger\u00e4ten f\u00fcr medizinische Zwecke verwendet. Ionen werden verwendet, um Infrarotstrahlung zu erzeugen. Verkauf von Thulium","og_url":"https:\/\/corsicallc.com\/de\/seltenerdmetalle\/thulium\/","og_site_name":"Corsica LLC","article_modified_time":"2021-12-03T20:04:49+00:00","og_image":[{"width":825,"height":400,"url":"https:\/\/corsicallc.com\/wp-content\/uploads\/2021\/10\/Thulium-Metal-chemical-element-with-the-symbol-Tm-atomic-number-69.jpg","type":"image\/jpeg"}],"twitter_card":"summary_large_image","twitter_misc":{"Gesch\u00e4tzte Lesezeit":"2 Minuten"},"schema":{"@context":"https:\/\/schema.org","@graph":[{"@type":"WebPage","@id":"https:\/\/corsicallc.com\/de\/seltenerdmetalle\/thulium\/","url":"https:\/\/corsicallc.com\/de\/seltenerdmetalle\/thulium\/","name":"Thulium Seltenerdmetall - Tm Chemisches Element Ordnungszahl 69","isPartOf":{"@id":"https:\/\/corsicallc.com\/#website"},"datePublished":"2021-11-23T10:59:49+00:00","dateModified":"2021-12-03T20:04:49+00:00","description":"Thulium (Tm) 69 wird zur Herstellung von tragbaren R\u00f6ntgenger\u00e4ten f\u00fcr medizinische Zwecke verwendet. Ionen werden verwendet, um Infrarotstrahlung zu erzeugen. Verkauf von Thulium","breadcrumb":{"@id":"https:\/\/corsicallc.com\/de\/seltenerdmetalle\/thulium\/#breadcrumb"},"inLanguage":"de-DE","potentialAction":[{"@type":"ReadAction","target":["https:\/\/corsicallc.com\/de\/seltenerdmetalle\/thulium\/"]}]},{"@type":"BreadcrumbList","@id":"https:\/\/corsicallc.com\/de\/seltenerdmetalle\/thulium\/#breadcrumb","itemListElement":[{"@type":"ListItem","position":1,"name":"Heim","item":"https:\/\/corsicallc.com\/de\/"},{"@type":"ListItem","position":2,"name":"Seltenerdmetalle","item":"https:\/\/corsicallc.com\/de\/seltenerdmetalle\/"},{"@type":"ListItem","position":3,"name":"Thulium"}]},{"@type":"WebSite","@id":"https:\/\/corsicallc.com\/#website","url":"https:\/\/corsicallc.com\/","name":"Corsica LLC","description":"Hochreine Metalle zum Verkauf","publisher":{"@id":"https:\/\/corsicallc.com\/#organization"},"potentialAction":[{"@type":"SearchAction","target":{"@type":"EntryPoint","urlTemplate":"https:\/\/corsicallc.com\/?s={search_term_string}"},"query-input":"required name=search_term_string"}],"inLanguage":"de-DE"},{"@type":"Organization","@id":"https:\/\/corsicallc.com\/#organization","name":"Corsica LLC","url":"https:\/\/corsicallc.com\/","sameAs":[],"logo":{"@type":"ImageObject","inLanguage":"de-DE","@id":"https:\/\/corsicallc.com\/#\/schema\/logo\/image\/","url":"https:\/\/corsicallc.com\/wp-content\/uploads\/2021\/11\/logo_cube_1024.jpg","contentUrl":"https:\/\/corsicallc.com\/wp-content\/uploads\/2021\/11\/logo_cube_1024.jpg","width":1024,"height":1024,"caption":"Corsica LLC"},"image":{"@id":"https:\/\/corsicallc.com\/#\/schema\/logo\/image\/"}}]}},"_links":{"self":[{"href":"https:\/\/corsicallc.com\/de\/wp-json\/wp\/v2\/pages\/8013"}],"collection":[{"href":"https:\/\/corsicallc.com\/de\/wp-json\/wp\/v2\/pages"}],"about":[{"href":"https:\/\/corsicallc.com\/de\/wp-json\/wp\/v2\/types\/page"}],"author":[{"embeddable":true,"href":"https:\/\/corsicallc.com\/de\/wp-json\/wp\/v2\/users\/1"}],"replies":[{"embeddable":true,"href":"https:\/\/corsicallc.com\/de\/wp-json\/wp\/v2\/comments?post=8013"}],"version-history":[{"count":16,"href":"https:\/\/corsicallc.com\/de\/wp-json\/wp\/v2\/pages\/8013\/revisions"}],"predecessor-version":[{"id":8600,"href":"https:\/\/corsicallc.com\/de\/wp-json\/wp\/v2\/pages\/8013\/revisions\/8600"}],"up":[{"embeddable":true,"href":"https:\/\/corsicallc.com\/de\/wp-json\/wp\/v2\/pages\/7720"}],"wp:featuredmedia":[{"embeddable":true,"href":"https:\/\/corsicallc.com\/de\/wp-json\/wp\/v2\/media\/7624"}],"wp:attachment":[{"href":"https:\/\/corsicallc.com\/de\/wp-json\/wp\/v2\/media?parent=8013"}],"curies":[{"name":"wp","href":"https:\/\/api.w.org\/{rel}","templated":true}]}}