{"id":8043,"date":"2021-11-23T14:19:19","date_gmt":"2021-11-23T14:19:19","guid":{"rendered":"https:\/\/corsicallc.com\/seltenerdmetalle\/scandium\/"},"modified":"2021-12-03T20:05:40","modified_gmt":"2021-12-03T20:05:40","slug":"scandium","status":"publish","type":"page","link":"https:\/\/corsicallc.com\/de\/seltenerdmetalle\/scandium\/","title":{"rendered":"Scandium"},"content":{"rendered":"<p>[vc_row][vc_column offset=&#8221;vc_col-lg-9 vc_col-md-9&#8243;][vc_single_image image=&#8221;7621&#8243; img_size=&#8221;stm-image-1110&#215;550-croped&#8221; css=&#8221;.vc_custom_1633539998898{margin-bottom: 45px !important;}&#8221;][vc_custom_heading text=&#8221;Scandium (Sc) 21&#8243; font_container=&#8221;tag:h2|font_size:28|text_align:left&#8221; use_theme_fonts=&#8221;yes&#8221;][vc_column_text css=&#8221;.vc_custom_1633540093300{margin-bottom: 25px !important;}&#8221;]Das chemische Elementsymbol ist (Se) und die Ordnungszahl 21.[\/vc_column_text][vc_column_text css=&#8221;.vc_custom_1633540102551{margin-bottom: 34px !important;}&#8221;]<\/p>\n<blockquote><p>Scandium ist ein Seltenerdmetall, das zu den Mittlere Seltenerdelemente (MSEE) geh\u00f6rt.<\/p><\/blockquote>\n<p>[\/vc_column_text][vc_column_text css=&#8221;.vc_custom_1633540125057{margin-bottom: 25px !important;}&#8221;]Dmitri Mendeleev, der Sch\u00f6pfer des Periodensystems, sagte 1869 die Existenz eines Ekaboron-Elements mit einer Atommasse von 40 bis 48 voraus. Lars Fredrik Nilson und sein Team haben dieses Element in Euxenit und Gadolinit nachgewiesen. Nilson hat 2 g hochreines Scandiumoxid hergestellt. Er nannte das Element Scandium, das lateinische Scandia bedeutet &#8220;Skandinavien&#8221;.[\/vc_column_text][vc_custom_heading text=&#8221;Eigenschaften&#8221; font_container=&#8221;tag:h3|text_align:left&#8221; use_theme_fonts=&#8221;yes&#8221;][vc_column_text css=&#8221;.vc_custom_1633540135175{margin-bottom: 25px !important;}&#8221;]Scandium ist ein weiches Metall mit einem silbrigen Aussehen. Es entwickelt einen leicht gelblichen oder rosafarbenen Farbton, wenn es durch die Luft oxidiert wird. Es ist witterungsempfindlich und l\u00f6st sich in den meisten verd\u00fcnnten S\u00e4uren langsam auf. Es reagiert nicht mit einer Mischung aus Salpeters\u00e4ure und 48%iger Flusss\u00e4ure, kann das Ergebnis der Bildung einer undurchl\u00e4ssigen Passivschicht sein.[\/vc_column_text][vc_custom_heading text=&#8221;Eigenschaften &amp; Anwendungen&#8221; font_container=&#8221;tag:h3|text_align:left&#8221; use_theme_fonts=&#8221;yes&#8221;][vc_column_text css=&#8221;.vc_custom_1633540154348{margin-bottom: 25px !important;}&#8221;]Scandium mit einem viel h\u00f6heren Schmelzpunkt als dem von Aluminium und fast genauso leicht (Dichte 2,9) wird f\u00fcr m\u00f6gliche Anwendungen in der Luft- und Raumfahrt untersucht.<\/p>\n<p>Die UdSSR hat die industrielle Produktion von Scandium und einer optimierten Aluminiumlegierung mit 2 % Scandium stark ausgeweitet, was die mechanischen Eigenschaften von Aluminium erheblich verbessert. Diese Legierung wird h\u00e4ufig im russischen Milit\u00e4rflugzeugbau verwendet.[\/vc_column_text][vc_custom_heading text=&#8221;Lieferungen&#8221; font_container=&#8221;tag:h3|text_align:left&#8221; use_theme_fonts=&#8221;yes&#8221;][vc_row_inner css=&#8221;.vc_custom_1456219515168{margin-bottom: 27px !important;}&#8221;][vc_column_inner width=&#8221;1\/3&#8243;][vc_custom_heading text=&#8221;Top 3 Produzenten&#8221; font_container=&#8221;tag:h4|text_align:left|color:%23222222&#8243; use_theme_fonts=&#8221;yes&#8221; css=&#8221;.vc_custom_1632996382437{margin-bottom: 23px !important;}&#8221;][vc_column_text]1. China<br \/>\n2. Russland<br \/>\n3. Malaysia[\/vc_column_text][\/vc_column_inner][vc_column_inner width=&#8221;1\/3&#8243;][vc_custom_heading text=&#8221;Top 3 Reserve-Inhaber&#8221; font_container=&#8221;tag:h4|text_align:left|color:%23222222&#8243; use_theme_fonts=&#8221;yes&#8221; css=&#8221;.vc_custom_1632996448439{margin-bottom: 27px !important;}&#8221;][vc_column_text]1. China<br \/>\n2. GUS-Staaten (inkl. Russland)<br \/>\n3. USA[\/vc_column_text][\/vc_column_inner][vc_column_inner width=&#8221;1\/3&#8243;][vc_custom_heading text=&#8221;Ressourcenzuweisung&#8221; font_container=&#8221;tag:h4|text_align:left|color:%23222222&#8243; use_theme_fonts=&#8221;yes&#8221; css=&#8221;.vc_custom_1633060138107{margin-bottom: 27px !important;}&#8221;][vc_column_text]Relatives Versorgungsrisiko: 9,5<br \/>\nReserveverteilung: 97%[\/vc_column_text][\/vc_column_inner][\/vc_row_inner][vc_row_inner][vc_column_inner][vc_custom_heading text=&#8221;Anwendungsfeld&#8221; font_container=&#8221;tag:h3|text_align:left&#8221; use_theme_fonts=&#8221;yes&#8221; css=&#8221;.vc_custom_1633061756957{margin-bottom: 23px !important;}&#8221;][vc_column_text]<\/p>\n<ul>\n<li>Flugzeugindustrie<\/li>\n<li>Raumfahrt<\/li>\n<li>Sportger\u00e4te (Baseballschl\u00e4ger, Fahrradrahmen etc.)<\/li>\n<li>Hochdruckentladungslampen<\/li>\n<li>Optische Oberfl\u00e4chen<\/li>\n<\/ul>\n<p>[\/vc_column_text][\/vc_column_inner][\/vc_row_inner][vc_row_inner][vc_column_inner][vc_custom_heading text=&#8221;Produkte &#8211; Hochreine Metalle&#8221; font_container=&#8221;tag:h3|text_align:center&#8221; use_theme_fonts=&#8221;yes&#8221; css=&#8221;.vc_custom_1633062669766{margin-bottom: 31px !important;}&#8221; link=&#8221;url:https%3A%2F%2Fcorsicallc.com%2Fde%2Fprodukte-hochreine-metalle%2F|title:Produkte%20-%20Hochreine%20Metalle|&#8221;][vc_column_text css=&#8221;.vc_custom_1633062709493{margin-bottom: 25px !important;}&#8221;]<\/p>\n<p style=\"text-align: center;\">Unsere Produkte sind hochreine Metalle, die immer auf Lager sind<\/p>\n<p>[\/vc_column_text][stm_news loop=&#8221;size:3|order_by:rand|post_type:page|by_id:6972,6970,6968,6896&#8243; view_style=&#8221;style_5&#8243;][\/vc_column_inner][\/vc_row_inner][\/vc_column][vc_column width=&#8221;1\/4&#8243; offset=&#8221;vc_hidden-sm vc_hidden-xs&#8221;][stm_sidebar sidebar=&#8221;577&#8243;][\/vc_column][\/vc_row][vc_row full_width=&#8221;stretch_row&#8221; css=&#8221;.vc_custom_1633063403573{background-color: #f2f4fa !important;}&#8221;][vc_column][stm_spacing lg_spacing=&#8221;50&#8243; md_spacing=&#8221;30&#8243; sm_spacing=&#8221;20&#8243; xs_spacing=&#8221;10&#8243;][stm_image_carousel grayscale=&#8221;yes&#8221; autoplay=&#8221;yes&#8221; timeout=&#8221;2000&#8243; loop=&#8221;yes&#8221; images=&#8221;6936,6935,6939,6944,6965,6966&#8243;][stm_spacing lg_spacing=&#8221;50&#8243; md_spacing=&#8221;30&#8243; sm_spacing=&#8221;20&#8243; xs_spacing=&#8221;10&#8243;][\/vc_column][\/vc_row][vc_row full_width=&#8221;stretch_row&#8221; css=&#8221;.vc_custom_1459505959648{margin-bottom: -60px !important;}&#8221; el_class=&#8221;third_bg_color&#8221;][vc_column][vc_column_text][vc_cta h2=\"Sie ben\u00f6tigen eine kompetente Beratung beim Metallkauf?\" h2_font_container=\"tag:h2|font_size:20px|text_align:left|color:%23002e5b|line_height:24px\" h2_use_theme_fonts=\"yes\" shape=\"square\" style=\"flat\" add_button=\"right\" btn_title=\"fragen stellen\" btn_style=\"flat\" btn_color=\"theme_style_2\" btn_size=\"lg\" btn_align=\"right\" btn_i_align=\"right\" btn_i_icon_fontawesome=\"fa fa-chevron-right\" particles=\"yes\" use_custom_fonts_h2=\"true\" btn_add_icon=\"true\" btn_link=\"url:%23contact_form_pop||\" el_class=\"third_bg_color\" btn_el_class=\"\"][\/vc_cta]\r\n<div class=\"fancybox-hidden\" style=\"display: none;\">\r\n<div id=\"contact_form_pop\"><div role=\"form\" class=\"wpcf7\" id=\"wpcf7-f8524-o1\" lang=\"de-DE\" dir=\"ltr\">\n<div class=\"screen-reader-response\"><p role=\"status\" aria-live=\"polite\" aria-atomic=\"true\"><\/p> <ul><\/ul><\/div>\n<form action=\"\/de\/wp-json\/wp\/v2\/pages\/8043#wpcf7-f8524-o1\" method=\"post\" class=\"wpcf7-form init\" novalidate=\"novalidate\" data-status=\"init\">\n<div style=\"display: none;\">\n<input type=\"hidden\" name=\"_wpcf7\" value=\"8524\" \/>\n<input type=\"hidden\" name=\"_wpcf7_version\" value=\"5.6.2\" \/>\n<input type=\"hidden\" name=\"_wpcf7_locale\" value=\"de_DE\" \/>\n<input type=\"hidden\" name=\"_wpcf7_unit_tag\" value=\"wpcf7-f8524-o1\" \/>\n<input type=\"hidden\" name=\"_wpcf7_container_post\" value=\"0\" \/>\n<input type=\"hidden\" name=\"_wpcf7_posted_data_hash\" value=\"\" \/>\n<input type=\"hidden\" name=\"_wpcf7_recaptcha_response\" value=\"\" \/>\n<\/div>\n<div class=\"request_callback\">\n<div class=\"row\" style=\"margin: 0 -13px;\">\n<div class=\"col-lg-12 col-md-12 col-sm-12 col-xs-12\">\n<div class=\"input-group\">\n                <span class=\"wpcf7-form-control-wrap\" data-name=\"text-name\"><input type=\"text\" name=\"text-name\" value=\"\" size=\"40\" maxlength=\"50\" class=\"wpcf7-form-control wpcf7-text wpcf7-validates-as-required\" aria-required=\"true\" aria-invalid=\"false\" placeholder=\"Dein Name *\" \/><\/span>\n            <\/div>\n<div class=\"input-group\">\n                <span class=\"wpcf7-form-control-wrap\" data-name=\"your-email\"><input type=\"email\" name=\"your-email\" value=\"\" size=\"40\" class=\"wpcf7-form-control wpcf7-text wpcf7-email wpcf7-validates-as-required wpcf7-validates-as-email\" aria-required=\"true\" aria-invalid=\"false\" placeholder=\"Deine Email *\" \/><\/span>\n            <\/div>\n<div class=\"input-group\">\n                <span class=\"wpcf7-form-control-wrap\" data-name=\"tel-117\"><input type=\"tel\" name=\"tel-117\" value=\"\" size=\"40\" class=\"wpcf7-form-control wpcf7-text wpcf7-tel wpcf7-validates-as-required wpcf7-validates-as-tel\" aria-required=\"true\" aria-invalid=\"false\" placeholder=\"Telefon *\" \/><\/span>\n            <\/div>\n<div class=\"input-group\">\n                <span class=\"wpcf7-form-control-wrap\" data-name=\"your-message\"><textarea name=\"your-message\" cols=\"40\" rows=\"10\" class=\"wpcf7-form-control wpcf7-textarea wpcf7-validates-as-required\" aria-required=\"true\" aria-invalid=\"false\" placeholder=\"Ihre Nachricht *\"><\/textarea><\/span>\n            <\/div>\n<div class=\"input-group\">\n                <button type=\"submit\" class=\"button size-lg icon_right\">Senden <i class=\"fa fa-chevron-right\"><\/i><\/button>\n            <\/div>\n<\/div>\n<\/div>\n<\/div>\n<div class=\"wpcf7-response-output\" aria-hidden=\"true\"><\/div><\/form><\/div><\/div>\r\n<\/div>[\/vc_column_text][\/vc_column][\/vc_row]<\/p>\n","protected":false},"excerpt":{"rendered":"<p>[vc_row][vc_column offset=&#8221;vc_col-lg-9 vc_col-md-9&#8243;][vc_single_image image=&#8221;7621&#8243; img_size=&#8221;stm-image-1110&#215;550-croped&#8221; css=&#8221;.vc_custom_1633539998898{margin-bottom: 45px !important;}&#8221;][vc_custom_heading text=&#8221;Scandium (Sc) 21&#8243; font_container=&#8221;tag:h2|font_size:28|text_align:left&#8221; use_theme_fonts=&#8221;yes&#8221;][vc_column_text css=&#8221;.vc_custom_1633540093300{margin-bottom: 25px !important;}&#8221;]Das chemische Elementsymbol ist (Se) und die Ordnungszahl 21.[\/vc_column_text][vc_column_text css=&#8221;.vc_custom_1633540102551{margin-bottom: 34px !important;}&#8221;] Scandium ist ein Seltenerdmetall, das zu den Mittlere Seltenerdelemente (MSEE) geh\u00f6rt. [\/vc_column_text][vc_column_text css=&#8221;.vc_custom_1633540125057{margin-bottom: 25px !important;}&#8221;]Dmitri Mendeleev, der Sch\u00f6pfer des Periodensystems, sagte 1869 die Existenz eines Ekaboron-Elements mit einer<\/p>\n","protected":false},"author":1,"featured_media":7621,"parent":7720,"menu_order":1,"comment_status":"closed","ping_status":"closed","template":"","meta":[],"yoast_head":"<!-- This site is optimized with the Yoast SEO Premium plugin v19.0 (Yoast SEO v19.5.1) - https:\/\/yoast.com\/wordpress\/plugins\/seo\/ -->\n<title>Scandium Seltenerdmetall - Sc Chemisches Element Ordnungszahl 21<\/title>\n<meta name=\"description\" content=\"Scandium (Sc) 21 wird in der Metallurgie, superharten Materialien, Mikroelektronik, Kernenergie, Lichtquellen, Lasermaterialien, Medizin, R\u00f6ntgenspiegeln, feuerfesten Materialien, Solarzellen verwendet. Sale of Scandium\" \/>\n<meta name=\"robots\" content=\"index, follow, max-snippet:-1, max-image-preview:large, max-video-preview:-1\" \/>\n<link rel=\"canonical\" href=\"https:\/\/corsicallc.com\/de\/seltenerdmetalle\/scandium\/\" \/>\n<meta property=\"og:locale\" content=\"de_DE\" \/>\n<meta property=\"og:type\" content=\"article\" \/>\n<meta property=\"og:title\" content=\"Scandium\" \/>\n<meta property=\"og:description\" content=\"Scandium (Sc) 21 wird in der Metallurgie, superharten Materialien, Mikroelektronik, Kernenergie, Lichtquellen, Lasermaterialien, Medizin, R\u00f6ntgenspiegeln, feuerfesten Materialien, Solarzellen verwendet. Sale of Scandium\" \/>\n<meta property=\"og:url\" content=\"https:\/\/corsicallc.com\/de\/seltenerdmetalle\/scandium\/\" \/>\n<meta property=\"og:site_name\" content=\"Corsica LLC\" \/>\n<meta property=\"article:modified_time\" content=\"2021-12-03T20:05:40+00:00\" \/>\n<meta property=\"og:image\" content=\"https:\/\/corsicallc.com\/wp-content\/uploads\/2021\/10\/Scandium-Metal-chemical-element-with-the-symbol-Sc-atomic-number-21.jpg\" \/>\n\t<meta property=\"og:image:width\" content=\"825\" \/>\n\t<meta property=\"og:image:height\" content=\"400\" \/>\n\t<meta property=\"og:image:type\" content=\"image\/jpeg\" \/>\n<meta name=\"twitter:card\" content=\"summary_large_image\" \/>\n<meta name=\"twitter:label1\" content=\"Gesch\u00e4tzte Lesezeit\" \/>\n\t<meta name=\"twitter:data1\" content=\"2 Minuten\" \/>\n<script type=\"application\/ld+json\" class=\"yoast-schema-graph\">{\"@context\":\"https:\/\/schema.org\",\"@graph\":[{\"@type\":\"WebPage\",\"@id\":\"https:\/\/corsicallc.com\/de\/seltenerdmetalle\/scandium\/\",\"url\":\"https:\/\/corsicallc.com\/de\/seltenerdmetalle\/scandium\/\",\"name\":\"Scandium Seltenerdmetall - Sc Chemisches Element Ordnungszahl 21\",\"isPartOf\":{\"@id\":\"https:\/\/corsicallc.com\/#website\"},\"datePublished\":\"2021-11-23T14:19:19+00:00\",\"dateModified\":\"2021-12-03T20:05:40+00:00\",\"description\":\"Scandium (Sc) 21 wird in der Metallurgie, superharten Materialien, Mikroelektronik, Kernenergie, Lichtquellen, Lasermaterialien, Medizin, R\u00f6ntgenspiegeln, feuerfesten Materialien, Solarzellen verwendet. Sale of Scandium\",\"breadcrumb\":{\"@id\":\"https:\/\/corsicallc.com\/de\/seltenerdmetalle\/scandium\/#breadcrumb\"},\"inLanguage\":\"de-DE\",\"potentialAction\":[{\"@type\":\"ReadAction\",\"target\":[\"https:\/\/corsicallc.com\/de\/seltenerdmetalle\/scandium\/\"]}]},{\"@type\":\"BreadcrumbList\",\"@id\":\"https:\/\/corsicallc.com\/de\/seltenerdmetalle\/scandium\/#breadcrumb\",\"itemListElement\":[{\"@type\":\"ListItem\",\"position\":1,\"name\":\"Heim\",\"item\":\"https:\/\/corsicallc.com\/de\/\"},{\"@type\":\"ListItem\",\"position\":2,\"name\":\"Seltenerdmetalle\",\"item\":\"https:\/\/corsicallc.com\/de\/seltenerdmetalle\/\"},{\"@type\":\"ListItem\",\"position\":3,\"name\":\"Scandium\"}]},{\"@type\":\"WebSite\",\"@id\":\"https:\/\/corsicallc.com\/#website\",\"url\":\"https:\/\/corsicallc.com\/\",\"name\":\"Corsica LLC\",\"description\":\"Hochreine Metalle zum Verkauf\",\"publisher\":{\"@id\":\"https:\/\/corsicallc.com\/#organization\"},\"potentialAction\":[{\"@type\":\"SearchAction\",\"target\":{\"@type\":\"EntryPoint\",\"urlTemplate\":\"https:\/\/corsicallc.com\/?s={search_term_string}\"},\"query-input\":\"required name=search_term_string\"}],\"inLanguage\":\"de-DE\"},{\"@type\":\"Organization\",\"@id\":\"https:\/\/corsicallc.com\/#organization\",\"name\":\"Corsica LLC\",\"url\":\"https:\/\/corsicallc.com\/\",\"sameAs\":[],\"logo\":{\"@type\":\"ImageObject\",\"inLanguage\":\"de-DE\",\"@id\":\"https:\/\/corsicallc.com\/#\/schema\/logo\/image\/\",\"url\":\"https:\/\/corsicallc.com\/wp-content\/uploads\/2021\/11\/logo_cube_1024.jpg\",\"contentUrl\":\"https:\/\/corsicallc.com\/wp-content\/uploads\/2021\/11\/logo_cube_1024.jpg\",\"width\":1024,\"height\":1024,\"caption\":\"Corsica LLC\"},\"image\":{\"@id\":\"https:\/\/corsicallc.com\/#\/schema\/logo\/image\/\"}}]}<\/script>\n<!-- \/ Yoast SEO Premium plugin. -->","yoast_head_json":{"title":"Scandium Seltenerdmetall - Sc Chemisches Element Ordnungszahl 21","description":"Scandium (Sc) 21 wird in der Metallurgie, superharten Materialien, Mikroelektronik, Kernenergie, Lichtquellen, Lasermaterialien, Medizin, R\u00f6ntgenspiegeln, feuerfesten Materialien, Solarzellen verwendet. Sale of Scandium","robots":{"index":"index","follow":"follow","max-snippet":"max-snippet:-1","max-image-preview":"max-image-preview:large","max-video-preview":"max-video-preview:-1"},"canonical":"https:\/\/corsicallc.com\/de\/seltenerdmetalle\/scandium\/","og_locale":"de_DE","og_type":"article","og_title":"Scandium","og_description":"Scandium (Sc) 21 wird in der Metallurgie, superharten Materialien, Mikroelektronik, Kernenergie, Lichtquellen, Lasermaterialien, Medizin, R\u00f6ntgenspiegeln, feuerfesten Materialien, Solarzellen verwendet. Sale of Scandium","og_url":"https:\/\/corsicallc.com\/de\/seltenerdmetalle\/scandium\/","og_site_name":"Corsica LLC","article_modified_time":"2021-12-03T20:05:40+00:00","og_image":[{"width":825,"height":400,"url":"https:\/\/corsicallc.com\/wp-content\/uploads\/2021\/10\/Scandium-Metal-chemical-element-with-the-symbol-Sc-atomic-number-21.jpg","type":"image\/jpeg"}],"twitter_card":"summary_large_image","twitter_misc":{"Gesch\u00e4tzte Lesezeit":"2 Minuten"},"schema":{"@context":"https:\/\/schema.org","@graph":[{"@type":"WebPage","@id":"https:\/\/corsicallc.com\/de\/seltenerdmetalle\/scandium\/","url":"https:\/\/corsicallc.com\/de\/seltenerdmetalle\/scandium\/","name":"Scandium Seltenerdmetall - Sc Chemisches Element Ordnungszahl 21","isPartOf":{"@id":"https:\/\/corsicallc.com\/#website"},"datePublished":"2021-11-23T14:19:19+00:00","dateModified":"2021-12-03T20:05:40+00:00","description":"Scandium (Sc) 21 wird in der Metallurgie, superharten Materialien, Mikroelektronik, Kernenergie, Lichtquellen, Lasermaterialien, Medizin, R\u00f6ntgenspiegeln, feuerfesten Materialien, Solarzellen verwendet. Sale of Scandium","breadcrumb":{"@id":"https:\/\/corsicallc.com\/de\/seltenerdmetalle\/scandium\/#breadcrumb"},"inLanguage":"de-DE","potentialAction":[{"@type":"ReadAction","target":["https:\/\/corsicallc.com\/de\/seltenerdmetalle\/scandium\/"]}]},{"@type":"BreadcrumbList","@id":"https:\/\/corsicallc.com\/de\/seltenerdmetalle\/scandium\/#breadcrumb","itemListElement":[{"@type":"ListItem","position":1,"name":"Heim","item":"https:\/\/corsicallc.com\/de\/"},{"@type":"ListItem","position":2,"name":"Seltenerdmetalle","item":"https:\/\/corsicallc.com\/de\/seltenerdmetalle\/"},{"@type":"ListItem","position":3,"name":"Scandium"}]},{"@type":"WebSite","@id":"https:\/\/corsicallc.com\/#website","url":"https:\/\/corsicallc.com\/","name":"Corsica LLC","description":"Hochreine Metalle zum Verkauf","publisher":{"@id":"https:\/\/corsicallc.com\/#organization"},"potentialAction":[{"@type":"SearchAction","target":{"@type":"EntryPoint","urlTemplate":"https:\/\/corsicallc.com\/?s={search_term_string}"},"query-input":"required name=search_term_string"}],"inLanguage":"de-DE"},{"@type":"Organization","@id":"https:\/\/corsicallc.com\/#organization","name":"Corsica LLC","url":"https:\/\/corsicallc.com\/","sameAs":[],"logo":{"@type":"ImageObject","inLanguage":"de-DE","@id":"https:\/\/corsicallc.com\/#\/schema\/logo\/image\/","url":"https:\/\/corsicallc.com\/wp-content\/uploads\/2021\/11\/logo_cube_1024.jpg","contentUrl":"https:\/\/corsicallc.com\/wp-content\/uploads\/2021\/11\/logo_cube_1024.jpg","width":1024,"height":1024,"caption":"Corsica LLC"},"image":{"@id":"https:\/\/corsicallc.com\/#\/schema\/logo\/image\/"}}]}},"_links":{"self":[{"href":"https:\/\/corsicallc.com\/de\/wp-json\/wp\/v2\/pages\/8043"}],"collection":[{"href":"https:\/\/corsicallc.com\/de\/wp-json\/wp\/v2\/pages"}],"about":[{"href":"https:\/\/corsicallc.com\/de\/wp-json\/wp\/v2\/types\/page"}],"author":[{"embeddable":true,"href":"https:\/\/corsicallc.com\/de\/wp-json\/wp\/v2\/users\/1"}],"replies":[{"embeddable":true,"href":"https:\/\/corsicallc.com\/de\/wp-json\/wp\/v2\/comments?post=8043"}],"version-history":[{"count":8,"href":"https:\/\/corsicallc.com\/de\/wp-json\/wp\/v2\/pages\/8043\/revisions"}],"predecessor-version":[{"id":8594,"href":"https:\/\/corsicallc.com\/de\/wp-json\/wp\/v2\/pages\/8043\/revisions\/8594"}],"up":[{"embeddable":true,"href":"https:\/\/corsicallc.com\/de\/wp-json\/wp\/v2\/pages\/7720"}],"wp:featuredmedia":[{"embeddable":true,"href":"https:\/\/corsicallc.com\/de\/wp-json\/wp\/v2\/media\/7621"}],"wp:attachment":[{"href":"https:\/\/corsicallc.com\/de\/wp-json\/wp\/v2\/media?parent=8043"}],"curies":[{"name":"wp","href":"https:\/\/api.w.org\/{rel}","templated":true}]}}